{"id":5018,"date":"2025-03-05T13:46:55","date_gmt":"2025-03-05T13:46:55","guid":{"rendered":"https:\/\/stage.tuttointerventistica.it\/?page_id=5018"},"modified":"2025-03-05T13:46:55","modified_gmt":"2025-03-05T13:46:55","slug":"sindrome-da-congestione-pelvica","status":"publish","type":"page","link":"https:\/\/tuttointerventistica.it\/index.php\/sindrome-da-congestione-pelvica\/","title":{"rendered":"Sindrome da Congestione Pelvica"},"content":{"rendered":"<div class=\"wpb-content-wrapper\"><p>[vc_row][vc_column width=&#8221;2\/3&#8243;]<h3 class=\"sentence template-quote-2\">La Radiologia Interventistica offre oggi soluzioni innovative e mini-invasive per trattare condizioni complesse in modo efficace e sicuro. Tra queste, l\u2019embolizzazione venosa rappresenta la tecnica di riferimento per la Sindrome da Congestione Pelvica, riducendo il dolore cronico e migliorando la qualit\u00e0 di vita con tempi di recupero rapidi e senza interventi chirurgici invasivi.<\/h3>[vc_empty_space][vc_accordion][vc_accordion_tab title=&#8221;Sindrome da Congestione Pelvica: Cos\u2019\u00e8, Sintomi e Cause&#8221; tab_id=&#8221;congestione-pelvica&#8221;][vc_nested_tabs][vc_nested_tab title=&#8221;Cos\u2019\u00e8 il Varicocele Femminile?&#8221; tab_id=&#8221;varicocele-femminile&#8221;][vc_column_text css=&#8221;&#8221;]<\/p>\n<div class=\"flex max-w-full flex-col flex-grow\">\n<div class=\"min-h-8 text-message relative flex w-full flex-col items-end gap-2 whitespace-normal break-words text-start [.text-message+&amp;]:mt-5\" dir=\"auto\" data-message-author-role=\"assistant\" data-message-id=\"55688c9f-9678-46bb-be9c-c315fec4937c\" data-message-model-slug=\"gpt-4o\">\n<div class=\"flex w-full flex-col gap-1 empty:hidden first:pt-[3px]\">\n<div class=\"markdown prose w-full break-words dark:prose-invert light\">\n<p data-start=\"38\" data-end=\"519\">Il <strong data-start=\"41\" data-end=\"65\">varicocele femminile<\/strong>, noto anche come <strong data-start=\"83\" data-end=\"105\" data-is-only-node=\"\">varicocele pelvico<\/strong>, \u00e8 una condizione poco conosciuta ma pi\u00f9 comune di quanto si pensi. Si tratta di una dilatazione anomala delle vene nella zona pelvica, causata da un cattivo funzionamento delle valvole venose che impediscono al sangue di fluire correttamente. Questo ristagno di sangue provoca un aumento della pressione nelle vene, che si dilatano e possono causare <strong data-start=\"457\" data-end=\"516\">fastidi persistenti o dolore cronico nella zona pelvica<\/strong>.<\/p>\n<p data-start=\"521\" data-end=\"841\">Spesso questa condizione \u00e8 associata alla <strong data-start=\"563\" data-end=\"604\">Sindrome da Congestione Pelvica (SCP)<\/strong>, caratterizzata da un <strong data-start=\"627\" data-end=\"653\" data-is-only-node=\"\">dolore pelvico cronico<\/strong> che dura da pi\u00f9 di sei mesi. Il dolore pu\u00f2 peggiorare dopo aver passato molto tempo in piedi, durante i rapporti sessuali o nel periodo premestruale, influenzando la qualit\u00e0 della vita.<\/p>\n<p data-start=\"843\" data-end=\"1222\" data-is-last-node=\"\" data-is-only-node=\"\">Molte donne convivono con questi sintomi per anni senza ricevere una diagnosi corretta, perch\u00e9 il varicocele femminile pu\u00f2 essere difficile da individuare con i normali esami ginecologici. Tuttavia, riconoscerlo \u00e8 importante perch\u00e9 oggi esistono <strong data-start=\"1089\" data-end=\"1118\">trattamenti mini-invasivi<\/strong> che possono risolvere il problema in modo efficace e sicuro, restituendo benessere e sollievo duraturo.<\/p>\n<\/div>\n<\/div>\n<\/div>\n<\/div>\n<p>[\/vc_column_text][\/vc_nested_tab][vc_nested_tab title=&#8221;Cause&#8221; tab_id=&#8221;cause-varicocele&#8221;][vc_column_text css=&#8221;&#8221;]<\/p>\n<div class=\"flex max-w-full flex-col flex-grow\">\n<div class=\"min-h-8 text-message relative flex w-full flex-col items-end gap-2 whitespace-normal break-words text-start [.text-message+&amp;]:mt-5\" dir=\"auto\" data-message-author-role=\"assistant\" data-message-id=\"50558cd6-bc64-45da-a52d-190006b3423a\" data-message-model-slug=\"gpt-4o\">\n<div class=\"flex w-full flex-col gap-1 empty:hidden first:pt-[3px]\">\n<div class=\"markdown prose w-full break-words dark:prose-invert light\">\n<p data-start=\"82\" data-end=\"425\">Il <strong data-start=\"85\" data-end=\"107\">varicocele pelvico<\/strong>, principale causa della <strong data-start=\"132\" data-end=\"173\">sindrome da congestione pelvica (SCP)<\/strong>, pu\u00f2 provocare <strong data-start=\"189\" data-end=\"215\">dolore pelvico cronico<\/strong> e una serie di sintomi che impattano significativamente la qualit\u00e0 della vita. I sintomi possono variare in intensit\u00e0 e peggiorare in determinate condizioni, rendendo spesso difficile una diagnosi immediata.<\/p>\n<h3 data-start=\"427\" data-end=\"469\"><strong data-start=\"431\" data-end=\"467\">Dolore Pelvico e al Basso Ventre<\/strong><\/h3>\n<ul data-start=\"470\" data-end=\"979\">\n<li data-start=\"470\" data-end=\"629\"><strong data-start=\"472\" data-end=\"502\">Caratteristiche del dolore<\/strong>: pu\u00f2 essere <strong data-start=\"515\" data-end=\"550\">sordo, intermittente o costante<\/strong>, accompagnato da una sensazione di pesantezza o pienezza nella zona pelvica.<\/li>\n<li data-start=\"630\" data-end=\"718\"><strong data-start=\"632\" data-end=\"642\">Durata<\/strong>: persiste per <strong data-start=\"657\" data-end=\"673\">oltre 6 mesi<\/strong> e si intensifica in situazioni specifiche.<\/li>\n<li data-start=\"719\" data-end=\"979\"><strong data-start=\"721\" data-end=\"756\">Fattori che aggravano il dolore<\/strong>:\n<ul data-start=\"763\" data-end=\"979\">\n<li data-start=\"763\" data-end=\"832\">Posizione prolungata in piedi, seduta o durante la deambulazione.<\/li>\n<li data-start=\"836\" data-end=\"872\">Rapporti sessuali (dispareunia).<\/li>\n<li data-start=\"876\" data-end=\"911\">Periodo mestruale e gravidanza.<\/li>\n<li data-start=\"915\" data-end=\"979\">Il dolore tende a ridursi in <strong data-start=\"946\" data-end=\"966\">posizione supina<\/strong> (distesa).<\/li>\n<\/ul>\n<\/li>\n<\/ul>\n<h3 data-start=\"981\" data-end=\"1030\"><strong data-start=\"985\" data-end=\"1028\">Sintomi Associati al Varicocele Pelvico<\/strong><\/h3>\n<ul data-start=\"1031\" data-end=\"1226\">\n<li data-start=\"1031\" data-end=\"1130\">Presenza di <strong data-start=\"1045\" data-end=\"1062\">vene varicose<\/strong> nella zona vulvare, perineale, sui glutei o sugli arti inferiori.<\/li>\n<li data-start=\"1131\" data-end=\"1226\">Sensazione di gonfiore e pesantezza persistente nella parte bassa dell\u2019addome e del bacino.<\/li>\n<\/ul>\n<h3 data-start=\"1228\" data-end=\"1291\"><strong data-start=\"1232\" data-end=\"1289\">Sintomi Aspecifici Collegati alla Congestione Pelvica<\/strong><\/h3>\n<p data-start=\"1292\" data-end=\"1374\">Oltre al dolore, possono manifestarsi una serie di disturbi aspecifici, tra cui:<\/p>\n<ul data-start=\"1375\" data-end=\"1718\">\n<li data-start=\"1375\" data-end=\"1422\"><strong data-start=\"1377\" data-end=\"1399\">Problemi digestivi<\/strong>: meteorismo, nausea.<\/li>\n<li data-start=\"1423\" data-end=\"1503\"><strong data-start=\"1425\" data-end=\"1460\">Sintomi urologici e intestinali<\/strong>: urgenza urinaria, intestino irritabile.<\/li>\n<li data-start=\"1504\" data-end=\"1603\"><strong data-start=\"1506\" data-end=\"1528\">Malessere generale<\/strong>: letargia, mal di schiena, cefalea, sensazione di pesantezza alle gambe.<\/li>\n<li data-start=\"1604\" data-end=\"1718\"><strong data-start=\"1606\" data-end=\"1629\">Alterazioni emotive<\/strong>: ansia e depressione, legate al dolore persistente e alla qualit\u00e0 di vita compromessa.<\/li>\n<\/ul>\n<p data-start=\"1720\" data-end=\"1995\" data-is-last-node=\"\" data-is-only-node=\"\">Riconoscere tempestivamente questi sintomi \u00e8 fondamentale per intraprendere un percorso diagnostico accurato e valutare le <strong data-start=\"1843\" data-end=\"1883\">soluzioni terapeutiche mini-invasive<\/strong> offerte dalla <strong data-start=\"1898\" data-end=\"1928\">radiologia interventistica<\/strong>, che possono ridurre il dolore e migliorare il benessere generale.<\/p>\n<\/div>\n<\/div>\n<\/div>\n<\/div>\n<p>[\/vc_column_text][\/vc_nested_tab][vc_nested_tab title=&#8221;Diagnosi dei Fibromi Uterini&#8221; tab_id=&#8221;diagnosi-fibromi-uterini6c0a-09e3&#8243;][vc_column_text css=&#8221;&#8221;]<\/p>\n<p data-start=\"76\" data-end=\"330\">Il <strong data-start=\"79\" data-end=\"101\">varicocele pelvico<\/strong> \u00e8 causato dal <strong data-start=\"116\" data-end=\"138\">ristagno di sangue<\/strong> nelle vene della regione pelvica, che porta alla loro <strong data-start=\"193\" data-end=\"208\">dilatazione<\/strong> e all\u2019insorgenza di sintomi dolorosi. Le cause principali di questa condizione possono essere due, e spesso coesistono:<\/p>\n<h3 data-start=\"332\" data-end=\"382\">1. <strong data-start=\"339\" data-end=\"380\">Malfunzionamento delle Valvole Venose<\/strong><\/h3>\n<p data-start=\"383\" data-end=\"697\">In condizioni normali, le vene sono dotate di un <strong data-start=\"432\" data-end=\"469\">sistema di valvole unidirezionali<\/strong> che impediscono al sangue di tornare indietro, favorendo il suo flusso verso il cuore. Quando queste <strong data-start=\"571\" data-end=\"611\">valvole sono difettose o danneggiate<\/strong>, il sangue tende a ristagnare e a <strong data-start=\"646\" data-end=\"658\">refluire<\/strong> (flusso retrogrado). Questo provoca:<\/p>\n<ul data-start=\"698\" data-end=\"864\">\n<li data-start=\"698\" data-end=\"756\"><strong data-start=\"700\" data-end=\"734\">Dilatazione anomala delle vene<\/strong> nella zona pelvica.<\/li>\n<li data-start=\"757\" data-end=\"807\"><strong data-start=\"759\" data-end=\"781\">Congestione venosa<\/strong> con accumulo di sangue.<\/li>\n<li data-start=\"808\" data-end=\"864\"><strong data-start=\"810\" data-end=\"834\">Infiammazione locale<\/strong> che scatena dolore cronico.<\/li>\n<\/ul>\n<h3 data-start=\"866\" data-end=\"907\">2. <strong data-start=\"873\" data-end=\"905\">Ostruzione del Flusso Venoso<\/strong><\/h3>\n<p data-start=\"908\" data-end=\"1166\">Un\u2019altra causa del varicocele pelvico \u00e8 un\u2019<strong data-start=\"951\" data-end=\"972\">ostruzione fisica<\/strong> che blocca il normale deflusso del sangue verso il cuore. Quando il sangue non riesce a fluire correttamente, si accumula nei <strong data-start=\"1099\" data-end=\"1127\">distretti venosi pelvici<\/strong>, causando la dilatazione delle vene.<\/p>\n<p data-start=\"1168\" data-end=\"1198\">Esempi comuni di ostruzione:<\/p>\n<ul data-start=\"1199\" data-end=\"1527\">\n<li data-start=\"1199\" data-end=\"1302\"><strong data-start=\"1201\" data-end=\"1215\">Gravidanza<\/strong>: l\u2019utero in crescita pu\u00f2 comprimere le vene pelviche, ostacolando il ritorno venoso.<\/li>\n<li data-start=\"1303\" data-end=\"1369\"><strong data-start=\"1305\" data-end=\"1328\">Compressione venosa<\/strong> da parte di tumori o masse addominali.<\/li>\n<li data-start=\"1370\" data-end=\"1527\"><strong data-start=\"1372\" data-end=\"1437\">Sindrome dello schiacciamento della vena iliaca (May-Thurner)<\/strong>: una condizione in cui la vena iliaca viene compressa, rallentando il flusso sanguigno.<\/li>\n<\/ul>\n<p data-start=\"1529\" data-end=\"1797\" data-is-last-node=\"\" data-is-only-node=\"\">Entrambe le cause portano al ristagno di sangue, che nel tempo pu\u00f2 provocare un&#8217;infiammazione persistente, <strong data-start=\"1636\" data-end=\"1654\">dolore cronico<\/strong> e la comparsa di <strong data-start=\"1672\" data-end=\"1698\">vene varicose pelviche<\/strong>. Una diagnosi precoce \u00e8 essenziale per prevenire complicazioni e migliorare la qualit\u00e0 della vita.<\/p>\n<p>[\/vc_column_text][\/vc_nested_tab][\/vc_nested_tabs][\/vc_accordion_tab][\/vc_accordion][\/vc_column][vc_column width=&#8221;1\/3&#8243;][vc_empty_space height=&#8221;90px&#8221;][vc_single_image image=&#8221;5027&#8243; img_size=&#8221;large&#8221; alignment=&#8221;right&#8221; css=&#8221;&#8221; el_class=&#8221;image-gallery-spacing&#8221;][vc_empty_space][\/vc_column][\/vc_row][vc_row top_margin=&#8221;page-margin-top-section&#8221; el_class=&#8221;flex-box&#8221;][vc_column width=&#8221;2\/3&#8243; el_class=&#8221;padding-bottom-128 column-limited&#8221;][vc_accordion][vc_accordion_tab title=&#8221;Sindrome da Congestione Pelvica: Diangosi e Trattamenti&#8221; tab_id=&#8221;sindrome-congestione&#8221;][vc_nested_tabs][vc_nested_tab title=&#8221;Diagnosi&#8221; tab_id=&#8221;diagnosi-sindrome&#8221;][vc_column_text css=&#8221;&#8221;]Per diagnosticare correttamente la <strong data-start=\"300\" data-end=\"335\">Sindrome da Congestione Pelvica<\/strong>, \u00e8 cruciale escludere altre condizioni che potrebbero causare <strong data-start=\"398\" data-end=\"430\">dolore pelvico cronico (DPC)<\/strong>, come <strong data-start=\"437\" data-end=\"453\">endometriosi<\/strong>, <strong data-start=\"455\" data-end=\"474\">fibromi uterini<\/strong> o <strong data-start=\"477\" data-end=\"511\">malattia infiammatoria pelvica<\/strong>. Esistono diversi approcci diagnostici, ognuno con vantaggi specifici che aiutano a identificare con precisione la causa del disturbo. \u00c8 importante capire che ogni tecnica diagnostica offre una visione diversa e, talvolta, la combinazione di pi\u00f9 metodi pu\u00f2 portare a una diagnosi pi\u00f9 completa e accurata.[\/vc_column_text][vc_column_text css=&#8221;&#8221;]<\/p>\n<div style=\"display: flex; justify-content: space-between; gap: 20px; margin-top: 20px;\">\n<div style=\"border: 2px solid #0066CC; padding: 20px; width: 48%; border-radius: 10px;\">\n<h3 style=\"color: #0066cc;\">Ecografia Pelvica con Doppler<\/h3>\n<p><strong>Perch\u00e9 viene usata:<\/strong> Esame non invasivo per monitorare il flusso sanguigno e rilevare flusso retrogrado.<br \/>\n<strong>Come funziona:<\/strong> Utilizzo di un trasduttore per generare immagini e Doppler per osservare il flusso sanguigno.<br \/>\n<strong>Vantaggi:<\/strong> Semplice, indolore, rapido e facilmente accessibile. Efficace per rilevare reflusso venoso.<\/p>\n<\/div>\n<div style=\"border: 2px solid #0066CC; padding: 20px; width: 48%; border-radius: 10px;\">\n<h3 style=\"color: #0066cc;\">Venografia Diagnostica e Terapia Interventistica<\/h3>\n<p><strong>Perch\u00e9 viene usata:<\/strong> Considerato il gold standard per diagnosticare la SCP, utile quando l&#8217;ecografia non \u00e8 conclusiva.<br \/>\n<strong>Come funziona:<\/strong> Catetere e mezzo di contrasto per visualizzare le vene pelviche, con possibilit\u00e0 di trattamento diretto.<br \/>\n<strong>Vantaggi:<\/strong> Diagnosi precisa, trattamento immediato possibile, efficace anche per casi gravi.<\/p>\n<\/div>\n<\/div>\n<div style=\"display: flex; justify-content: space-between; gap: 20px; margin-top: 20px;\">\n<div style=\"border: 2px solid #0066CC; padding: 20px; width: 48%; border-radius: 10px;\">\n<h3 style=\"color: #0066cc;\">Tomografia Computerizzata (TC) e Risonanza Magnetica (RM)<\/h3>\n<p><strong>Perch\u00e9 vengono usate:<\/strong> Forniscono una visione generale dell\u2019anatomia pelvica e aiutano a escludere altre patologie.<br \/>\n<strong>Come funzionano:<\/strong> La TC utilizza raggi X per immagini dettagliate, la RM usa campi magnetici per tessuti molli.<br \/>\n<strong>Vantaggi:<\/strong> Ottime per escludere altre cause di dolore, ma non ideali per diagnosticare la SCP.<\/p>\n<\/div>\n<div style=\"border: 2px solid #0066CC; padding: 20px; width: 48%; border-radius: 10px;\">\n<h3 style=\"color: #0066cc;\">Laparoscopia Diagnostica<\/h3>\n<p><strong>Perch\u00e9 viene usata:<\/strong> Utilizzata per diagnosticare endometriosi o aderenze pelviche, che possono causare dolore.<br \/>\n<strong>Come funziona:<\/strong> Inserimento di un laparoscopio per esplorare visivamente gli organi pelvici.<br \/>\n<strong>Vantaggi:<\/strong> Diagnosi diretta di endometriosi, utile per raccogliere campioni di tessuto.<br \/>\n<strong>Limitazioni:<\/strong> Non ideale per diagnosticare la SCP, poich\u00e9 eseguita in posizione supina.<\/p>\n<\/div>\n<\/div>\n<p>[\/vc_column_text][\/vc_nested_tab][vc_nested_tab title=&#8221;Trattamenti&#8221; tab_id=&#8221;trattamenti-congestione-pelvica&#8221;][vc_column_text css=&#8221;&#8221;]<\/p>\n<p data-start=\"169\" data-end=\"513\">Il trattamento della Sindrome da Congestione Pelvica (SCP) pu\u00f2 essere chirurgico o, pi\u00f9 frequentemente, mini-invasivo endovascolare. La tecnica mini-invasiva viene eseguita dalla figura del Radiologo Interventista, solitamente in regime di day hospital, offrendo numerosi vantaggi in termini di recupero rapido e ridotto rischio di complicanze.<\/p>\n<p data-start=\"515\" data-end=\"1100\">Durante l&#8217;intervento, che avviene in anestesia locale e sotto guida radiologica, viene inserito un catetere endovascolare attraverso una piccola incisione, generalmente a livello dell&#8217;inguine o del collo. Il catetere viene utilizzato per raggiungere e cateterizzare i vasi venosi responsabili del varicocele (principalmente le vene ovariche e uterine), le quali vengono quindi chiuse utilizzando la tecnica dell&#8217;embolizzazione. Quest&#8217;ultima prevede l&#8217;iniezione di sostanze specifiche (come schiuma, spire, colla o sclerosanti liquidi) per occludere permanentemente le vene danneggiate.<\/p>\n<p data-start=\"1102\" data-end=\"1131\"><strong data-start=\"1102\" data-end=\"1131\">Embolizzazione Percutanea<\/strong><\/p>\n<p data-start=\"1133\" data-end=\"1785\">L&#8217;embolizzazione transcatetere \u00e8 considerata lo standard di cura per la SCP, con un tasso di successo elevato e un basso rischio di complicanze. Indipendentemente dal tipo di agente embolizzante utilizzato (schiuma, spire, colla o sclerosanti liquidi), il trattamento ha dimostrato una riduzione significativa dei sintomi a lungo termine, con una durata di efficacia che pu\u00f2 arrivare fino a 72 mesi nel 60-100% dei casi. L&#8217;embolizzazione delle vene pelviche e ovariche \u00e8 una delle soluzioni pi\u00f9 efficaci per il trattamento della SCP, con risultati ottimali in termini di alleviamento dei sintomi e miglioramento della qualit\u00e0 della vita delle pazienti.<\/p>\n<p data-start=\"1787\" data-end=\"1947\">Questo tipo di trattamento, sebbene molto sicuro, pu\u00f2 essere ripetuto in caso di recidiva, come spiegato anche nello <a href=\"https:\/\/pubmed.ncbi.nlm.nih.gov\/37076700\/\" target=\"_new\" rel=\"noopener\" data-start=\"1904\" data-end=\"1946\">studio<\/a>.<\/p>\n<p>[\/vc_column_text][vc_row_inner][vc_column_inner width=&#8221;1\/3&#8243;][vc_single_image image=&#8221;5031&#8243; img_size=&#8221;large&#8221; alignment=&#8221;center&#8221; style=&#8221;vc_box_rounded&#8221; css=&#8221;&#8221;][\/vc_column_inner][vc_column_inner width=&#8221;1\/3&#8243;][vc_single_image image=&#8221;5029&#8243; img_size=&#8221;large&#8221; alignment=&#8221;center&#8221; style=&#8221;vc_box_rounded&#8221; css=&#8221;&#8221;][\/vc_column_inner][vc_column_inner width=&#8221;1\/3&#8243;][vc_single_image image=&#8221;5030&#8243; img_size=&#8221;large&#8221; alignment=&#8221;center&#8221; style=&#8221;vc_box_rounded&#8221; css=&#8221;&#8221;][\/vc_column_inner][\/vc_row_inner][\/vc_nested_tab][\/vc_nested_tabs][\/vc_accordion_tab][\/vc_accordion][\/vc_column][vc_column width=&#8221;1\/3&#8243;][vc_video link=&#8221;https:\/\/www.youtube.com\/watch?v=83_YG2lZZ5I&#8221; css=&#8221;&#8221;][vc_empty_space][vc_empty_space][vc_empty_space][\/vc_column][\/vc_row]<\/p>\n<\/div>","protected":false},"excerpt":{"rendered":"<p>[vc_row][vc_column width=&#8221;2\/3&#8243;][vc_empty_space][vc_accordion][vc_accordion_tab title=&#8221;Sindrome da Congestione Pelvica: Cos\u2019\u00e8, Sintomi e Cause&#8221; tab_id=&#8221;congestione-pelvica&#8221;][vc_nested_tabs][vc_nested_tab title=&#8221;Cos\u2019\u00e8 il Varicocele Femminile?&#8221; tab_id=&#8221;varicocele-femminile&#8221;][vc_column_text css=&#8221;&#8221;] Il varicocele femminile, noto anche come varicocele pelvico, \u00e8 una condizione poco conosciuta ma pi\u00f9 comune di quanto si pensi. Si tratta di una dilatazione anomala delle vene nella zona pelvica, causata da un cattivo funzionamento delle valvole<\/p>\n","protected":false},"author":1,"featured_media":0,"parent":0,"menu_order":0,"comment_status":"closed","ping_status":"closed","template":"","meta":{"footnotes":""},"class_list":["post-5018","page","type-page","status-publish","hentry"],"yoast_head":"<!-- This site is optimized with the Yoast SEO plugin v26.7 - https:\/\/yoast.com\/wordpress\/plugins\/seo\/ -->\n<title>Sindrome da Congestione Pelvica -<\/title>\n<meta name=\"description\" content=\"Trattamento mini-invasivo della Sindrome da Congestione Pelvica con embolizzazione delle vene ovariche e pelviche per un rapido recupero\" \/>\n<meta name=\"robots\" content=\"index, follow, max-snippet:-1, max-image-preview:large, max-video-preview:-1\" \/>\n<link rel=\"canonical\" href=\"https:\/\/tuttointerventistica.it\/index.php\/sindrome-da-congestione-pelvica\/\" \/>\n<meta property=\"og:locale\" content=\"en_US\" \/>\n<meta property=\"og:type\" content=\"article\" \/>\n<meta property=\"og:title\" content=\"Sindrome da Congestione Pelvica -\" \/>\n<meta property=\"og:description\" content=\"Trattamento mini-invasivo della Sindrome da Congestione Pelvica con embolizzazione delle vene ovariche e pelviche per un rapido recupero\" \/>\n<meta property=\"og:url\" content=\"https:\/\/tuttointerventistica.it\/index.php\/sindrome-da-congestione-pelvica\/\" \/>\n<meta name=\"twitter:card\" content=\"summary_large_image\" \/>\n<meta name=\"twitter:label1\" content=\"Est. reading time\" \/>\n\t<meta name=\"twitter:data1\" content=\"7 minutes\" \/>\n<script type=\"application\/ld+json\" class=\"yoast-schema-graph\">{\"@context\":\"https:\/\/schema.org\",\"@graph\":[{\"@type\":\"WebPage\",\"@id\":\"https:\/\/tuttointerventistica.it\/index.php\/sindrome-da-congestione-pelvica\/\",\"url\":\"https:\/\/tuttointerventistica.it\/index.php\/sindrome-da-congestione-pelvica\/\",\"name\":\"Sindrome da Congestione Pelvica -\",\"isPartOf\":{\"@id\":\"https:\/\/tuttointerventistica.it\/#website\"},\"datePublished\":\"2025-03-05T13:46:55+00:00\",\"description\":\"Trattamento mini-invasivo della Sindrome da Congestione Pelvica con embolizzazione delle vene ovariche e pelviche per un rapido recupero\",\"breadcrumb\":{\"@id\":\"https:\/\/tuttointerventistica.it\/index.php\/sindrome-da-congestione-pelvica\/#breadcrumb\"},\"inLanguage\":\"en-US\",\"potentialAction\":[{\"@type\":\"ReadAction\",\"target\":[\"https:\/\/tuttointerventistica.it\/index.php\/sindrome-da-congestione-pelvica\/\"]}]},{\"@type\":\"BreadcrumbList\",\"@id\":\"https:\/\/tuttointerventistica.it\/index.php\/sindrome-da-congestione-pelvica\/#breadcrumb\",\"itemListElement\":[{\"@type\":\"ListItem\",\"position\":1,\"name\":\"Home\",\"item\":\"https:\/\/tuttointerventistica.it\/\"},{\"@type\":\"ListItem\",\"position\":2,\"name\":\"Sindrome da Congestione Pelvica\"}]},{\"@type\":\"WebSite\",\"@id\":\"https:\/\/tuttointerventistica.it\/#website\",\"url\":\"https:\/\/tuttointerventistica.it\/\",\"name\":\"\",\"description\":\"\",\"potentialAction\":[{\"@type\":\"SearchAction\",\"target\":{\"@type\":\"EntryPoint\",\"urlTemplate\":\"https:\/\/tuttointerventistica.it\/?s={search_term_string}\"},\"query-input\":{\"@type\":\"PropertyValueSpecification\",\"valueRequired\":true,\"valueName\":\"search_term_string\"}}],\"inLanguage\":\"en-US\"}]}<\/script>\n<!-- \/ Yoast SEO plugin. -->","yoast_head_json":{"title":"Sindrome da Congestione Pelvica -","description":"Trattamento mini-invasivo della Sindrome da Congestione Pelvica con embolizzazione delle vene ovariche e pelviche per un rapido recupero","robots":{"index":"index","follow":"follow","max-snippet":"max-snippet:-1","max-image-preview":"max-image-preview:large","max-video-preview":"max-video-preview:-1"},"canonical":"https:\/\/tuttointerventistica.it\/index.php\/sindrome-da-congestione-pelvica\/","og_locale":"en_US","og_type":"article","og_title":"Sindrome da Congestione Pelvica -","og_description":"Trattamento mini-invasivo della Sindrome da Congestione Pelvica con embolizzazione delle vene ovariche e pelviche per un rapido recupero","og_url":"https:\/\/tuttointerventistica.it\/index.php\/sindrome-da-congestione-pelvica\/","twitter_card":"summary_large_image","twitter_misc":{"Est. reading time":"7 minutes"},"schema":{"@context":"https:\/\/schema.org","@graph":[{"@type":"WebPage","@id":"https:\/\/tuttointerventistica.it\/index.php\/sindrome-da-congestione-pelvica\/","url":"https:\/\/tuttointerventistica.it\/index.php\/sindrome-da-congestione-pelvica\/","name":"Sindrome da Congestione Pelvica -","isPartOf":{"@id":"https:\/\/tuttointerventistica.it\/#website"},"datePublished":"2025-03-05T13:46:55+00:00","description":"Trattamento mini-invasivo della Sindrome da Congestione Pelvica con embolizzazione delle vene ovariche e pelviche per un rapido recupero","breadcrumb":{"@id":"https:\/\/tuttointerventistica.it\/index.php\/sindrome-da-congestione-pelvica\/#breadcrumb"},"inLanguage":"en-US","potentialAction":[{"@type":"ReadAction","target":["https:\/\/tuttointerventistica.it\/index.php\/sindrome-da-congestione-pelvica\/"]}]},{"@type":"BreadcrumbList","@id":"https:\/\/tuttointerventistica.it\/index.php\/sindrome-da-congestione-pelvica\/#breadcrumb","itemListElement":[{"@type":"ListItem","position":1,"name":"Home","item":"https:\/\/tuttointerventistica.it\/"},{"@type":"ListItem","position":2,"name":"Sindrome da Congestione Pelvica"}]},{"@type":"WebSite","@id":"https:\/\/tuttointerventistica.it\/#website","url":"https:\/\/tuttointerventistica.it\/","name":"","description":"","potentialAction":[{"@type":"SearchAction","target":{"@type":"EntryPoint","urlTemplate":"https:\/\/tuttointerventistica.it\/?s={search_term_string}"},"query-input":{"@type":"PropertyValueSpecification","valueRequired":true,"valueName":"search_term_string"}}],"inLanguage":"en-US"}]}},"_links":{"self":[{"href":"https:\/\/tuttointerventistica.it\/index.php\/wp-json\/wp\/v2\/pages\/5018","targetHints":{"allow":["GET"]}}],"collection":[{"href":"https:\/\/tuttointerventistica.it\/index.php\/wp-json\/wp\/v2\/pages"}],"about":[{"href":"https:\/\/tuttointerventistica.it\/index.php\/wp-json\/wp\/v2\/types\/page"}],"author":[{"embeddable":true,"href":"https:\/\/tuttointerventistica.it\/index.php\/wp-json\/wp\/v2\/users\/1"}],"replies":[{"embeddable":true,"href":"https:\/\/tuttointerventistica.it\/index.php\/wp-json\/wp\/v2\/comments?post=5018"}],"version-history":[{"count":11,"href":"https:\/\/tuttointerventistica.it\/index.php\/wp-json\/wp\/v2\/pages\/5018\/revisions"}],"predecessor-version":[{"id":5033,"href":"https:\/\/tuttointerventistica.it\/index.php\/wp-json\/wp\/v2\/pages\/5018\/revisions\/5033"}],"wp:attachment":[{"href":"https:\/\/tuttointerventistica.it\/index.php\/wp-json\/wp\/v2\/media?parent=5018"}],"curies":[{"name":"wp","href":"https:\/\/api.w.org\/{rel}","templated":true}]}}