{"id":5034,"date":"2025-03-05T14:12:46","date_gmt":"2025-03-05T14:12:46","guid":{"rendered":"https:\/\/stage.tuttointerventistica.it\/?page_id=5034"},"modified":"2025-03-05T14:12:46","modified_gmt":"2025-03-05T14:12:46","slug":"vena-cava-superiore","status":"publish","type":"page","link":"https:\/\/tuttointerventistica.it\/index.php\/vena-cava-superiore\/","title":{"rendered":"Vena cava superiore"},"content":{"rendered":"<div class=\"wpb-content-wrapper\"><p>[vc_row][vc_column width=&#8221;2\/3&#8243;]<h3 class=\"sentence template-quote-2\">La Sindrome della Vena Cava Superiore pu\u00f2 essere trattata efficacemente con la radiologia interventistica, che offre soluzioni minimamente invasive per alleviare i sintomi e ripristinare la funzionalit\u00e0 vascolare. Scopri come questa tecnica moderna pu\u00f2 migliorare la qualit\u00e0 della vita dei pazienti.<\/h3>[vc_empty_space][vc_accordion][vc_accordion_tab title=&#8221;Vena cava superiore: Cos\u2019\u00e8, Sintomi e Cause&#8221; tab_id=&#8221;vena-cava&#8221;][vc_nested_tabs][vc_nested_tab title=&#8221;Cos\u2019\u00e8 la Vena cava superiore?&#8221; tab_id=&#8221;vena-cavasuperiore&#8221;][vc_column_text css=&#8221;&#8221;]<\/p>\n<p data-start=\"234\" data-end=\"749\">La Sindrome della Vena Cava Superiore (SVC) \u00e8 una condizione patologica in cui la vena cava superiore, un grande vaso sanguigno che trasporta il sangue deossigenato dalla parte superiore del corpo verso il cuore, viene ostruita. Questa ostruzione pu\u00f2 essere causata da trombosi (formazione di un coagulo) o dalla compressione della vena da parte di una massa adiacente, come un tumore. Nella maggior parte dei casi (85-97%), la causa di questa ostruzione \u00e8 una malattia maligna, come il cancro al polmone o linfoma.<\/p>\n<p data-start=\"751\" data-end=\"1316\">La gravit\u00e0 della Sindrome della Vena Cava Superiore dipende dalla capacit\u00e0 del corpo di compensare l&#8217;ostruzione grazie alla formazione di circoli collaterali, ossia nuovi vasi sanguigni che si sviluppano per permettere al sangue di aggirare l\u2019ostruzione. Quando questi circoli collaterali sono ben sviluppati, i sintomi possono essere lievi o addirittura assenti, anche in caso di ostruzione completa. Tuttavia, se questo compenso non \u00e8 sufficiente, i segni e sintomi tipici della SVC possono manifestarsi in modo evidente e causare notevoli difficolt\u00e0 al paziente.<\/p>\n<p>[\/vc_column_text][\/vc_nested_tab][vc_nested_tab title=&#8221;Sintomi &#8221; tab_id=&#8221;sintomi-venacava&#8221;][vc_column_text css=&#8221;&#8221;]<\/p>\n<p data-start=\"111\" data-end=\"631\">La Sindrome della Vena Cava Superiore \u00e8 una condizione che pu\u00f2 causare una serie di sintomi visibili e fastidiosi, derivanti dall&#8217;ostruzione del principale vaso sanguigno che trasporta il sangue dalla parte superiore del corpo verso il cuore. Quando la vena cava superiore \u00e8 parzialmente o completamente ostruita, il flusso sanguigno viene compromesso, con conseguente accumulo di sangue nelle aree sopra l&#8217;ostruzione. Questo pu\u00f2 portare a una serie di segni e sintomi che variano in base alla gravit\u00e0 della condizione.<\/p>\n<p data-start=\"633\" data-end=\"683\">I principali segnali da tenere d&#8217;occhio includono:<\/p>\n<ul>\n<li data-start=\"633\" data-end=\"683\"><strong data-start=\"687\" data-end=\"717\">Edema del collo e del viso<\/strong>: Il gonfiore visibile del collo e del viso \u00e8 uno dei primi segni di ostruzione. Questo accade perch\u00e9 il sangue non riesce a defluire correttamente e si accumula, causando un ingrossamento evidente delle aree interessate.<\/li>\n<li data-start=\"633\" data-end=\"683\"><strong data-start=\"944\" data-end=\"990\">Edema unilaterale o bilaterale del braccio<\/strong>: Il gonfiore di uno o entrambi i bracci \u00e8 un altro segno comune. Il dolore e la sensazione di pesantezza possono accompagnare questo tipo di edema, che si manifesta a causa dell&#8217;incapacit\u00e0 delle vene di drenare correttamente il sangue.<\/li>\n<li data-start=\"633\" data-end=\"683\"><strong data-start=\"1230\" data-end=\"1258\">Vene dilatate sul torace<\/strong>: L\u2019aumento della pressione nelle vene superiori pu\u00f2 causare la dilatazione delle vene visibili sulla parte anteriore del torace, creando un aspetto evidente di vene ingrossate che possono risultare particolarmente preoccupanti per il paziente.<\/li>\n<li data-start=\"633\" data-end=\"683\"><strong data-start=\"1506\" data-end=\"1543\">Difficolt\u00e0 respiratoria (dispnea)<\/strong>: La sensazione di mancanza d&#8217;aria, che spesso si manifesta quando il paziente \u00e8 sdraiato, \u00e8 causata dal ristagno del sangue e dall&#8217;ostruzione dei vasi sanguigni. La difficolt\u00e0 respiratoria pu\u00f2 aumentare con il peggioramento della condizione.<\/li>\n<li data-start=\"633\" data-end=\"683\"><strong data-start=\"1789\" data-end=\"1821\">Cambiamenti nel tono di voce<\/strong>: Il ristagno del sangue nelle vene sopra la zona della vena cava superiore pu\u00f2 esercitare pressione sulle vie respiratorie superiori, portando a un cambiamento del tono della voce. Questo sintomo pu\u00f2 essere accompagnato da un&#8217;infiammazione delle vie aeree.<\/li>\n<li data-start=\"633\" data-end=\"683\"><strong data-start=\"2082\" data-end=\"2093\">Cefalea<\/strong>: Il mal di testa, spesso intenso e persistente, \u00e8 legato all&#8217;aumento della pressione sanguigna e al ristagno venoso, che possono interferire con il normale flusso di sangue al cervello.<\/li>\n<\/ul>\n<p data-start=\"2281\" data-end=\"2546\">Questi sintomi sono segni di una condizione che pu\u00f2 peggiorare rapidamente se non trattata. \u00c8 essenziale consultare tempestivamente un medico, in modo da poter intraprendere un trattamento adeguato e ridurre i rischi legati all&#8217;ostruzione della vena cava superiore.<\/p>\n<p>[\/vc_column_text][\/vc_nested_tab][vc_nested_tab title=&#8221;Cause&#8221; tab_id=&#8221;cause-venacava&#8221;][vc_column_text css=&#8221;&#8221;]<\/p>\n<p data-start=\"224\" data-end=\"773\">La Sindrome della Vena Cava Superiore (SVC) si verifica quando la vena cava superiore, che \u00e8 la principale via di ritorno del sangue dalla parte superiore del corpo al cuore, subisce un\u2019ostruzione parziale o totale. Questo ostacolo impedisce al sangue di fluire normalmente, causando una serie di sintomi visibili e talvolta gravi. Le cause di questa condizione possono essere molteplici, ma la maggior parte dei casi \u00e8 legata a malattie maligne, in particolare a tumori che comprimono o invadono la vena. Ecco una panoramica delle principali cause:<\/p>\n<h4 data-start=\"775\" data-end=\"801\">1. <strong data-start=\"783\" data-end=\"801\">Tumori Maligni<\/strong><\/h4>\n<p data-start=\"802\" data-end=\"1122\">La causa principale della Sindrome della Vena Cava Superiore \u00e8 legata a tumori maligni, in particolare quelli che originano nelle zone circostanti la vena cava superiore. Questi tumori possono comprimere direttamente la vena, ostacolando il flusso sanguigno. I tipi di tumori che frequentemente causano la SVC includono:<\/p>\n<ul data-start=\"1126\" data-end=\"1555\">\n<li data-start=\"1126\" data-end=\"1257\"><strong data-start=\"1128\" data-end=\"1148\">Tumori polmonari<\/strong>: i carcinomi polmonari, specialmente il carcinoma polmonare non a piccole cellule, sono la causa pi\u00f9 comune.<\/li>\n<li data-start=\"1261\" data-end=\"1409\"><strong data-start=\"1263\" data-end=\"1274\">Linfomi<\/strong>: i linfomi, in particolare quelli non-Hodgkin, possono invadere i vasi sanguigni o esercitare una pressione sulla vena cava superiore.<\/li>\n<li data-start=\"1413\" data-end=\"1555\"><strong data-start=\"1415\" data-end=\"1438\">Tumori mediastinici<\/strong>: tumori che si sviluppano nel mediastino, la regione centrale del torace, possono comprimere la vena cava superiore.<\/li>\n<\/ul>\n<h4 data-start=\"1557\" data-end=\"1584\">2. <strong data-start=\"1565\" data-end=\"1584\">Trombosi Venosa<\/strong><\/h4>\n<p data-start=\"1585\" data-end=\"1774\">In alcuni casi, l&#8217;ostruzione della vena cava superiore \u00e8 causata dalla formazione di un coagulo di sangue (trombosi) all&#8217;interno della vena. Questo pu\u00f2 accadere per diversi motivi, tra cui:<\/p>\n<ul data-start=\"1778\" data-end=\"2146\">\n<li data-start=\"1778\" data-end=\"1962\"><strong data-start=\"1780\" data-end=\"1826\">Uso prolungato di cateteri venosi centrali<\/strong>: la presenza di cateteri venosi, utilizzati per trattamenti medici o somministrazione di farmaci, pu\u00f2 aumentare il rischio di trombosi.<\/li>\n<li data-start=\"1966\" data-end=\"2146\"><strong data-start=\"1968\" data-end=\"1999\">Disturbi della coagulazione<\/strong>: alcune condizioni che alterano la normale coagulazione del sangue, come la trombofilia, possono predisporre alla formazione di trombi nelle vene.<\/li>\n<\/ul>\n<h4 data-start=\"2148\" data-end=\"2183\">3. <strong data-start=\"2156\" data-end=\"2183\">Compressioni Meccaniche<\/strong><\/h4>\n<p data-start=\"2184\" data-end=\"2340\">Anche se meno comuni, le compressioni meccaniche della vena cava superiore possono derivare da altre strutture anatomiche o da patologie non tumorali, come:<\/p>\n<ul data-start=\"2344\" data-end=\"2629\">\n<li data-start=\"2344\" data-end=\"2471\"><strong data-start=\"2346\" data-end=\"2373\">Malformazioni vascolari<\/strong>: anomalie congenite o acquisite nei vasi sanguigni che possono comprimere la vena cava superiore.<\/li>\n<li data-start=\"2475\" data-end=\"2629\"><strong data-start=\"2477\" data-end=\"2498\">Aneurismi aortici<\/strong>: l\u2019ingrossamento anomalo dell\u2019aorta pu\u00f2 spingere contro la vena cava superiore, causando un ostacolo parziale al flusso sanguigno.<\/li>\n<\/ul>\n<h4 data-start=\"2631\" data-end=\"2654\">4. <strong data-start=\"2639\" data-end=\"2654\">Altre Cause<\/strong><\/h4>\n<p data-start=\"2655\" data-end=\"2766\">Anche se meno frequenti, altre condizioni possono contribuire alla sindrome della vena cava superiore, tra cui:<\/p>\n<ul data-start=\"2770\" data-end=\"3091\">\n<li data-start=\"2770\" data-end=\"2921\"><strong data-start=\"2772\" data-end=\"2796\">Fibrosi mediastinica<\/strong>: una malattia rara che causa un ispessimento del tessuto fibroso intorno alla vena cava, compromettendo il flusso sanguigno.<\/li>\n<li data-start=\"2925\" data-end=\"3091\"><strong data-start=\"2927\" data-end=\"2940\">Infezioni<\/strong>: in rari casi, le infezioni che colpiscono il mediastino o le strutture vicine possono causare infiammazione e compressione della vena cava superiore.<\/li>\n<\/ul>\n<p data-start=\"3093\" data-end=\"3359\">In molti casi, la causa sottostante della SVC pu\u00f2 essere identificata attraverso tecniche diagnostiche avanzate, come la tomografia computerizzata (TC) o la flebografia, che permettono ai medici di visualizzare l&#8217;ostruzione e determinare il trattamento pi\u00f9 adeguato.<\/p>\n<p>[\/vc_column_text][\/vc_nested_tab][\/vc_nested_tabs][\/vc_accordion_tab][\/vc_accordion][\/vc_column][vc_column width=&#8221;1\/3&#8243;][vc_empty_space height=&#8221;90px&#8221;][vc_single_image image=&#8221;5041&#8243; img_size=&#8221;large&#8221; alignment=&#8221;right&#8221; css=&#8221;&#8221; el_class=&#8221;image-gallery-spacing&#8221;][vc_empty_space][\/vc_column][\/vc_row][vc_row top_margin=&#8221;page-margin-top-section&#8221; el_class=&#8221;flex-box&#8221;][vc_column width=&#8221;2\/3&#8243; el_class=&#8221;padding-bottom-128 column-limited&#8221;][vc_accordion][vc_accordion_tab title=&#8221;Vena cava superiore: Diagnosi e Trattamenti&#8221; tab_id=&#8221;diangosi-vena&#8221;][vc_nested_tabs][vc_nested_tab title=&#8221;Diangosi&#8221; tab_id=&#8221;diangosi-venacava&#8221;][vc_column_text css=&#8221;&#8221;]<\/p>\n<p data-start=\"146\" data-end=\"652\">La diagnosi della Sindrome della Vena Cava Superiore inizia generalmente con un\u2019accurata valutazione clinica. I medici si concentrano sull&#8217;osservazione dei segni e dei sintomi del paziente, nonch\u00e9 sulla storia medica, che pu\u00f2 fornire indizi utili. Tuttavia, poich\u00e9 la sindrome pu\u00f2 avere diverse cause, \u00e8 fondamentale confermare l&#8217;ostruzione e determinarne l&#8217;origine. Per questo, vengono utilizzati strumenti diagnostici avanzati che permettono di ottenere una visione dettagliata delle strutture vascolari.<\/p>\n<ul>\n<li data-start=\"146\" data-end=\"652\"><strong data-start=\"656\" data-end=\"690\">Tomografia Computerizzata (TC)<\/strong>: Questo esame radiologico \u00e8 fondamentale per localizzare con precisione l&#8217;ostruzione della vena cava superiore. La TC aiuta anche a identificare la presenza di trombosi, che pu\u00f2 essere una causa significativa della sindrome. Inoltre, \u00e8 utile per distinguere tra le cause maligne, come i tumori, e altre possibili cause non tumorali, come ad esempio compressioni meccaniche dovute a masse benigni.<\/li>\n<li data-start=\"146\" data-end=\"652\"><strong data-start=\"1091\" data-end=\"1106\">Flebografia<\/strong>: Considerata il &#8220;gold standard&#8221; per la diagnosi della Sindrome della Vena Cava Superiore, la flebografia \u00e8 un esame fondamentale che consente di visualizzare l&#8217;estensione dell&#8217;ostruzione e la trombosi. Questo esame viene spesso eseguito anche durante le procedure terapeutiche, come il posizionamento di stent, permettendo ai medici di monitorare in tempo reale il trattamento e di prendere decisioni terapeutiche pi\u00f9 precise.<\/li>\n<\/ul>\n<p data-start=\"1535\" data-end=\"1731\">L\u2019utilizzo di queste tecniche avanzate consente ai medici di avere un quadro completo e dettagliato della condizione, facilitando la pianificazione del trattamento pi\u00f9 appropriato per il paziente.<\/p>\n<p>[\/vc_column_text][\/vc_nested_tab][vc_nested_tab title=&#8221;Trattamenti&#8221; tab_id=&#8221;trattamenti-venacava&#8221;][vc_column_text css=&#8221;&#8221;]<\/p>\n<p data-start=\"2916\" data-end=\"3278\">I trattamenti per la Sindrome della Vena Cava Superiore dipendono dalla causa dell&#8217;ostruzione e dalla gravit\u00e0 della condizione. Inizialmente, si possono utilizzare steroidi o radioterapia, che per\u00f2 necessitano di tempo per avere effetto. Il trattamento endovascolare, eseguito dal Radiologo Interventista, \u00e8 attualmente considerato il trattamento di prima linea.<\/p>\n<p data-start=\"3280\" data-end=\"3309\"><strong data-start=\"3280\" data-end=\"3309\">Trattamento Endovascolare<\/strong><\/p>\n<p data-start=\"3311\" data-end=\"3889\">Il trattamento endovascolare prevede l&#8217;inserimento di un catetere attraverso una piccola incisione, solitamente a livello dell&#8217;inguine o del braccio. Il catetere viene utilizzato per raggiungere la vena cava superiore ostruita e riaprirla tramite un palloncino o l&#8217;inserimento di uno stent. In alcuni casi, \u00e8 necessario un approccio combinato, utilizzando sia l&#8217;inguine che il braccio per un accesso ottimale. Questa tecnica ha un alto tasso di successo, con risultati positivi nel 95-100% dei casi per la parte tecnica e nel 80-95% per quanto riguarda il miglioramento clinico.<\/p>\n<p data-start=\"3891\" data-end=\"4131\">La durata della procedura \u00e8 generalmente di 1-2 ore e, in centri ad alta specializzazione, il paziente pu\u00f2 essere dimesso gi\u00e0 dopo 1-2 giorni. Questa procedura non interfere con altri trattamenti, come la chemioterapia, ed \u00e8 ben tollerata.<\/p>\n<p data-start=\"4133\" data-end=\"4362\">In alcuni casi, se i sintomi si ripresentano, pu\u00f2 essere necessario ripetere l\u2019intervento. Se lo stent dovesse chiudersi, il trattamento prevede l\u2019eventuale riapertura tramite un palloncino o il posizionamento di un nuovo stent.<\/p>\n<p data-start=\"4364\" data-end=\"4737\">Secondo <strong data-start=\"4372\" data-end=\"4389\">studi recenti<\/strong> pubblicati su PubMed, i risultati a lungo termine del trattamento endovascolare della Sindrome della Vena Cava Superiore sono molto positivi, con un miglioramento significativo della qualit\u00e0 della vita per i pazienti trattati. Per maggiori dettagli sugli ultimi studi, puoi consultare <a href=\"https:\/\/pubmed.ncbi.nlm.nih.gov\/\" target=\"_new\" rel=\"noopener\" data-start=\"4675\" data-end=\"4736\">questo articolo su PubMed<\/a>.<\/p>\n<p data-start=\"4739\" data-end=\"4764\"><strong data-start=\"4739\" data-end=\"4764\">Considerazioni Finali<\/strong><\/p>\n<p data-start=\"4766\" data-end=\"5239\">Il trattamento della Sindrome della Vena Cava Superiore richiede una diagnosi tempestiva e un trattamento adeguato per evitare complicazioni gravi. Grazie alle moderne tecniche di radiologia interventistica, oggi \u00e8 possibile offrire ai pazienti una soluzione efficace, sicura e con tempi di recupero rapidi. La diagnosi precoce e il trattamento mirato possono fare la differenza nella gestione di questa condizione e nel miglioramento della qualit\u00e0 della vita del paziente.<\/p>\n<p>[\/vc_column_text][\/vc_nested_tab][\/vc_nested_tabs][\/vc_accordion_tab][\/vc_accordion][\/vc_column][vc_column width=&#8221;1\/3&#8243;][vc_single_image image=&#8221;5040&#8243; img_size=&#8221;large&#8221; alignment=&#8221;center&#8221; style=&#8221;vc_box_rounded&#8221; css=&#8221;&#8221;][\/vc_column][\/vc_row]<\/p>\n<\/div>","protected":false},"excerpt":{"rendered":"<p>[vc_row][vc_column width=&#8221;2\/3&#8243;][vc_empty_space][vc_accordion][vc_accordion_tab title=&#8221;Vena cava superiore: Cos\u2019\u00e8, Sintomi e Cause&#8221; tab_id=&#8221;vena-cava&#8221;][vc_nested_tabs][vc_nested_tab title=&#8221;Cos\u2019\u00e8 la Vena cava superiore?&#8221; tab_id=&#8221;vena-cavasuperiore&#8221;][vc_column_text css=&#8221;&#8221;] La Sindrome della Vena Cava Superiore (SVC) \u00e8 una condizione patologica in cui la vena cava superiore, un grande vaso sanguigno che trasporta il sangue deossigenato dalla parte superiore del corpo verso il cuore, viene ostruita. Questa ostruzione<\/p>\n","protected":false},"author":1,"featured_media":0,"parent":0,"menu_order":0,"comment_status":"closed","ping_status":"closed","template":"","meta":{"footnotes":""},"class_list":["post-5034","page","type-page","status-publish","hentry"],"yoast_head":"<!-- This site is optimized with the Yoast SEO plugin v26.7 - https:\/\/yoast.com\/wordpress\/plugins\/seo\/ -->\n<title>Vena cava superiore -<\/title>\n<meta name=\"description\" content=\"Scopri le cause, i sintomi e i trattamenti della Sindrome della Vena Cava Superiore, inclusi diagnosi e trattamento endovascolare.\" \/>\n<meta name=\"robots\" content=\"index, follow, max-snippet:-1, max-image-preview:large, max-video-preview:-1\" \/>\n<link rel=\"canonical\" href=\"https:\/\/tuttointerventistica.it\/index.php\/vena-cava-superiore\/\" \/>\n<meta property=\"og:locale\" content=\"en_US\" \/>\n<meta property=\"og:type\" content=\"article\" \/>\n<meta property=\"og:title\" content=\"Vena cava superiore -\" \/>\n<meta property=\"og:description\" content=\"Scopri le cause, i sintomi e i trattamenti della Sindrome della Vena Cava Superiore, inclusi diagnosi e trattamento endovascolare.\" \/>\n<meta property=\"og:url\" content=\"https:\/\/tuttointerventistica.it\/index.php\/vena-cava-superiore\/\" \/>\n<meta name=\"twitter:card\" content=\"summary_large_image\" \/>\n<meta name=\"twitter:label1\" content=\"Est. reading time\" \/>\n\t<meta name=\"twitter:data1\" content=\"8 minutes\" \/>\n<script type=\"application\/ld+json\" class=\"yoast-schema-graph\">{\"@context\":\"https:\/\/schema.org\",\"@graph\":[{\"@type\":\"WebPage\",\"@id\":\"https:\/\/tuttointerventistica.it\/index.php\/vena-cava-superiore\/\",\"url\":\"https:\/\/tuttointerventistica.it\/index.php\/vena-cava-superiore\/\",\"name\":\"Vena cava superiore -\",\"isPartOf\":{\"@id\":\"https:\/\/tuttointerventistica.it\/#website\"},\"datePublished\":\"2025-03-05T14:12:46+00:00\",\"description\":\"Scopri le cause, i sintomi e i trattamenti della Sindrome della Vena Cava Superiore, inclusi diagnosi e trattamento endovascolare.\",\"breadcrumb\":{\"@id\":\"https:\/\/tuttointerventistica.it\/index.php\/vena-cava-superiore\/#breadcrumb\"},\"inLanguage\":\"en-US\",\"potentialAction\":[{\"@type\":\"ReadAction\",\"target\":[\"https:\/\/tuttointerventistica.it\/index.php\/vena-cava-superiore\/\"]}]},{\"@type\":\"BreadcrumbList\",\"@id\":\"https:\/\/tuttointerventistica.it\/index.php\/vena-cava-superiore\/#breadcrumb\",\"itemListElement\":[{\"@type\":\"ListItem\",\"position\":1,\"name\":\"Home\",\"item\":\"https:\/\/tuttointerventistica.it\/\"},{\"@type\":\"ListItem\",\"position\":2,\"name\":\"Vena cava superiore\"}]},{\"@type\":\"WebSite\",\"@id\":\"https:\/\/tuttointerventistica.it\/#website\",\"url\":\"https:\/\/tuttointerventistica.it\/\",\"name\":\"\",\"description\":\"\",\"potentialAction\":[{\"@type\":\"SearchAction\",\"target\":{\"@type\":\"EntryPoint\",\"urlTemplate\":\"https:\/\/tuttointerventistica.it\/?s={search_term_string}\"},\"query-input\":{\"@type\":\"PropertyValueSpecification\",\"valueRequired\":true,\"valueName\":\"search_term_string\"}}],\"inLanguage\":\"en-US\"}]}<\/script>\n<!-- \/ Yoast SEO plugin. -->","yoast_head_json":{"title":"Vena cava superiore -","description":"Scopri le cause, i sintomi e i trattamenti della Sindrome della Vena Cava Superiore, inclusi diagnosi e trattamento endovascolare.","robots":{"index":"index","follow":"follow","max-snippet":"max-snippet:-1","max-image-preview":"max-image-preview:large","max-video-preview":"max-video-preview:-1"},"canonical":"https:\/\/tuttointerventistica.it\/index.php\/vena-cava-superiore\/","og_locale":"en_US","og_type":"article","og_title":"Vena cava superiore -","og_description":"Scopri le cause, i sintomi e i trattamenti della Sindrome della Vena Cava Superiore, inclusi diagnosi e trattamento endovascolare.","og_url":"https:\/\/tuttointerventistica.it\/index.php\/vena-cava-superiore\/","twitter_card":"summary_large_image","twitter_misc":{"Est. reading time":"8 minutes"},"schema":{"@context":"https:\/\/schema.org","@graph":[{"@type":"WebPage","@id":"https:\/\/tuttointerventistica.it\/index.php\/vena-cava-superiore\/","url":"https:\/\/tuttointerventistica.it\/index.php\/vena-cava-superiore\/","name":"Vena cava superiore -","isPartOf":{"@id":"https:\/\/tuttointerventistica.it\/#website"},"datePublished":"2025-03-05T14:12:46+00:00","description":"Scopri le cause, i sintomi e i trattamenti della Sindrome della Vena Cava Superiore, inclusi diagnosi e trattamento endovascolare.","breadcrumb":{"@id":"https:\/\/tuttointerventistica.it\/index.php\/vena-cava-superiore\/#breadcrumb"},"inLanguage":"en-US","potentialAction":[{"@type":"ReadAction","target":["https:\/\/tuttointerventistica.it\/index.php\/vena-cava-superiore\/"]}]},{"@type":"BreadcrumbList","@id":"https:\/\/tuttointerventistica.it\/index.php\/vena-cava-superiore\/#breadcrumb","itemListElement":[{"@type":"ListItem","position":1,"name":"Home","item":"https:\/\/tuttointerventistica.it\/"},{"@type":"ListItem","position":2,"name":"Vena cava superiore"}]},{"@type":"WebSite","@id":"https:\/\/tuttointerventistica.it\/#website","url":"https:\/\/tuttointerventistica.it\/","name":"","description":"","potentialAction":[{"@type":"SearchAction","target":{"@type":"EntryPoint","urlTemplate":"https:\/\/tuttointerventistica.it\/?s={search_term_string}"},"query-input":{"@type":"PropertyValueSpecification","valueRequired":true,"valueName":"search_term_string"}}],"inLanguage":"en-US"}]}},"_links":{"self":[{"href":"https:\/\/tuttointerventistica.it\/index.php\/wp-json\/wp\/v2\/pages\/5034","targetHints":{"allow":["GET"]}}],"collection":[{"href":"https:\/\/tuttointerventistica.it\/index.php\/wp-json\/wp\/v2\/pages"}],"about":[{"href":"https:\/\/tuttointerventistica.it\/index.php\/wp-json\/wp\/v2\/types\/page"}],"author":[{"embeddable":true,"href":"https:\/\/tuttointerventistica.it\/index.php\/wp-json\/wp\/v2\/users\/1"}],"replies":[{"embeddable":true,"href":"https:\/\/tuttointerventistica.it\/index.php\/wp-json\/wp\/v2\/comments?post=5034"}],"version-history":[{"count":9,"href":"https:\/\/tuttointerventistica.it\/index.php\/wp-json\/wp\/v2\/pages\/5034\/revisions"}],"predecessor-version":[{"id":5622,"href":"https:\/\/tuttointerventistica.it\/index.php\/wp-json\/wp\/v2\/pages\/5034\/revisions\/5622"}],"wp:attachment":[{"href":"https:\/\/tuttointerventistica.it\/index.php\/wp-json\/wp\/v2\/media?parent=5034"}],"curies":[{"name":"wp","href":"https:\/\/api.w.org\/{rel}","templated":true}]}}