{"id":5357,"date":"2025-03-07T10:55:05","date_gmt":"2025-03-07T10:55:05","guid":{"rendered":"https:\/\/stage.tuttointerventistica.it\/?page_id=5357"},"modified":"2025-03-07T10:55:05","modified_gmt":"2025-03-07T10:55:05","slug":"ulcera-penetrante","status":"publish","type":"page","link":"https:\/\/tuttointerventistica.it\/index.php\/ulcera-penetrante\/","title":{"rendered":"Ulcera penetrante"},"content":{"rendered":"<div class=\"wpb-content-wrapper\"><p>[vc_row][vc_column width=&#8221;2\/3&#8243;]<h3 class=\"sentence template-quote-2\">Il trattamento endovascolare per l'ulcera penetrante dell'aorta (PAU) riduce morbilit\u00e0 e mortalit\u00e0, con l'esclusione della sacca ulcerata tramite endoprotesi. Fondamentale il monitoraggio post-operatorio per evitare complicanze. La diagnosi precoce e l'intervento tempestivo sono cruciali.<\/h3>[vc_empty_space][vc_accordion][vc_accordion_tab title=&#8221;Ulcera penetrante: Cos\u2019\u00e8, Sindromi aortiche acute e Sintomi &#8221; tab_id=&#8221;sindromi-aortiche&#8221;][vc_nested_tabs][vc_nested_tab title=&#8221;Che cos\u2019\u00e8 Ulcera penetrante&#8221; tab_id=&#8221;ulcera-penetrante&#8221;][vc_column_text css=&#8221;&#8221;]<\/p>\n<p data-start=\"195\" data-end=\"592\">L&#8217;ulcera penetrante dell&#8217;aorta (PAU) \u00e8 una lesione rara che si verifica principalmente nell&#8217;aorta toracica. Spesso asintomatica e benigna, tende a stabilizzarsi o addirittura a regredire spontaneamente. Tuttavia, in alcuni casi, la PAU pu\u00f2 evolvere e portare a complicazioni gravi come ematoma periaortico, pseudoaneurisma, rottura dell&#8217;aorta o dissecazione, con il rischio di sviluppare una sindrome aortica acuta, una condizione che rappresenta un pericolo imminente per la vita del paziente. La diagnosi precoce \u00e8 fondamentale per prevenire complicazioni fatali.<\/p>\n<p>[\/vc_column_text][\/vc_nested_tab][vc_nested_tab title=&#8221;Sindromi aortiche acute&#8221; tab_id=&#8221;sindrome-aortiche-acute&#8221;][vc_column_text css=&#8221;&#8221;]<\/p>\n<p data-start=\"0\" data-end=\"173\">Le <strong data-start=\"3\" data-end=\"30\">sindromi aortiche acute<\/strong> comprendono una serie di condizioni potenzialmente letali che interessano l&#8217;aorta, la principale arteria del corpo. Queste sindromi includono:<\/p>\n<h3 data-start=\"175\" data-end=\"197\">Dissezione Aortica<\/h3>\n<p data-start=\"198\" data-end=\"1004\">La <strong data-start=\"201\" data-end=\"223\">dissezione aortica<\/strong> \u00e8 una condizione grave che si verifica quando una lacerazione nella parete interna dell&#8217;aorta consente al sangue di entrare nel muro aortico, separando le sue pareti e creando due lumi (vero e falso). Questo tipo di lesione pu\u00f2 compromettere gravemente il flusso sanguigno e portare a gravi complicanze. La <strong data-start=\"531\" data-end=\"555\">dissezione di tipo A<\/strong>, che coinvolge l&#8217;aorta ascendente e l&#8217;arco aortico, \u00e8 particolarmente pericolosa. La mortalit\u00e0 aumenta drammaticamente, con una percentuale di mortalit\u00e0 che pu\u00f2 arrivare fino al <strong data-start=\"734\" data-end=\"755\">1-2% per ogni ora<\/strong> dall&#8217;insorgenza dei sintomi. La <strong data-start=\"788\" data-end=\"812\">dissezione di tipo B<\/strong>, che riguarda solo l&#8217;aorta toracica discendente, ha una mortalit\u00e0 che pu\u00f2 raggiungere il <strong data-start=\"902\" data-end=\"922\">20% entro 48 ore<\/strong> se complicata. Il trattamento tempestivo \u00e8 cruciale per ridurre i rischi di vita.<\/p>\n<h3 data-start=\"1006\" data-end=\"1041\">Ulcera Penetrante Aortica (PAU)<\/h3>\n<p data-start=\"1042\" data-end=\"1542\">L&#8217;<strong data-start=\"1044\" data-end=\"1073\">ulcera penetrante aortica<\/strong> \u00e8 una rara lesione della parete aortica che generalmente si sviluppa in presenza di <strong data-start=\"1158\" data-end=\"1184\">placca aterosclerotica<\/strong>. Queste ulcere, pur essendo inizialmente asintomatiche in molti casi, possono evolvere rapidamente in complicanze pi\u00f9 gravi. Se non trattata adeguatamente, l&#8217;ulcera pu\u00f2 causare <strong data-start=\"1362\" data-end=\"1384\">dissezione aortica<\/strong> o addirittura una <strong data-start=\"1403\" data-end=\"1425\">rottura dell&#8217;aorta<\/strong>, che sono condizioni ad alto rischio per la vita. La diagnosi precoce \u00e8 fondamentale per prevenire il peggioramento.<\/p>\n<h3 data-start=\"1544\" data-end=\"1575\">Ematoma Intramurale Aortico<\/h3>\n<p data-start=\"1576\" data-end=\"2009\">L&#8217;<strong data-start=\"1578\" data-end=\"1609\">ematoma intramurale aortico<\/strong> si verifica quando il sangue si accumula all&#8217;interno della parete dell&#8217;aorta, senza la formazione di un flap intimale, come nella dissezione. Questo accumulo di sangue rende la parete aortica pi\u00f9 fragile, aumentando il rischio di <strong data-start=\"1840\" data-end=\"1864\">rottura o dissezione<\/strong>. Anche se inizialmente pu\u00f2 non presentare sintomi evidenti, un ematoma intramurale non trattato pu\u00f2 evolvere rapidamente in un&#8217;emergenza medica.<\/p>\n<h3 data-start=\"2011\" data-end=\"2037\">Rischi e Complicazioni<\/h3>\n<p data-start=\"2038\" data-end=\"2525\">Le sindromi aortiche acute rappresentano una <strong data-start=\"2083\" data-end=\"2103\">emergenza medica<\/strong> che richiede un trattamento rapido e appropriato. La <strong data-start=\"2157\" data-end=\"2177\">diagnosi precoce<\/strong> e l&#8217;intervento tempestivo sono fondamentali per ridurre il rischio di morte. Le complicazioni pi\u00f9 gravi includono la <strong data-start=\"2295\" data-end=\"2314\">rottura aortica<\/strong>, la <strong data-start=\"2319\" data-end=\"2343\">dissecazione aortica<\/strong> e l&#8217;<strong data-start=\"2348\" data-end=\"2374\">insufficienza cardiaca<\/strong>. Il trattamento pu\u00f2 includere <strong data-start=\"2405\" data-end=\"2428\">chirurgia d&#8217;urgenza<\/strong>, <strong data-start=\"2430\" data-end=\"2455\">terapia farmacologica<\/strong> per stabilizzare la condizione, e monitoraggio continuo del paziente.<\/p>\n<h3 data-start=\"2527\" data-end=\"2575\">Sintomi Comuni delle Sindromi Aortiche Acute<\/h3>\n<ul data-start=\"2576\" data-end=\"2965\">\n<li data-start=\"2576\" data-end=\"2679\"><strong data-start=\"2578\" data-end=\"2618\">Dolore toracico improvviso e intenso<\/strong>: Spesso descritto come un dolore &#8220;strappante&#8221; o &#8220;bruciante&#8221;.<\/li>\n<li data-start=\"2680\" data-end=\"2764\"><strong data-start=\"2682\" data-end=\"2718\">Perdita di coscienza o vertigini<\/strong>: Pu\u00f2 derivare da un ridotto flusso sanguigno.<\/li>\n<li data-start=\"2765\" data-end=\"2877\"><strong data-start=\"2767\" data-end=\"2794\">Difficolt\u00e0 respiratorie<\/strong>: Specialmente se la dissezione coinvolge l&#8217;arteria polmonare o l&#8217;aorta ascendente.<\/li>\n<li data-start=\"2878\" data-end=\"2965\"><strong data-start=\"2880\" data-end=\"2911\">Shock o crollo circolatorio<\/strong>: Segno di una rottura imminente o di grave emorragia.<\/li>\n<\/ul>\n<h3 data-start=\"2967\" data-end=\"2993\">Prevenzione e Diagnosi<\/h3>\n<p data-start=\"2994\" data-end=\"3475\">La prevenzione delle sindromi aortiche acute include il controllo dei <strong data-start=\"3064\" data-end=\"3086\">fattori di rischio<\/strong> come l&#8217;<strong data-start=\"3094\" data-end=\"3120\">ipertensione arteriosa<\/strong>, l&#8217;<strong data-start=\"3124\" data-end=\"3141\">aterosclerosi<\/strong>, il <strong data-start=\"3146\" data-end=\"3154\">fumo<\/strong> e la <strong data-start=\"3160\" data-end=\"3180\">storia familiare<\/strong> di malattie cardiovascolari. Se sospetti di avere una sindrome aortica acuta, \u00e8 fondamentale consultare immediatamente un medico. I test diagnostici, come <strong data-start=\"3336\" data-end=\"3355\">ecocardiogrammi<\/strong>, <strong data-start=\"3357\" data-end=\"3371\">TC aortica<\/strong> o <strong data-start=\"3374\" data-end=\"3381\">RMN<\/strong>, sono utilizzati per identificare la dissezione, l&#8217;ulcera penetrante e l&#8217;ematoma intramurale.<\/p>\n<p data-start=\"3477\" data-end=\"3762\" data-is-last-node=\"\" data-is-only-node=\"\">In conclusione, le sindromi aortiche acute sono condizioni altamente pericolose che richiedono una gestione rapida ed efficace. Se trattate tempestivamente, \u00e8 possibile migliorare significativamente le possibilit\u00e0 di sopravvivenza e ridurre il rischio di complicazioni a lungo termine.<\/p>\n<p>[\/vc_column_text][\/vc_nested_tab][vc_nested_tab title=&#8221;Sintomi dell&#8217;Ulcerazione Aortica e Evoluzione&#8221; tab_id=&#8221;sintomi-ulcerazione&#8221;][vc_column_text css=&#8221;&#8221;]<\/p>\n<p data-start=\"0\" data-end=\"49\">Sintomi dell&#8217;Ulcerazione Aortica e Evoluzione<\/p>\n<p data-start=\"51\" data-end=\"231\">L\u2019ulcerazione aortica pu\u00f2 manifestarsi con sintomi che ne indicano la possibile evoluzione verso complicanze pi\u00f9 gravi, come la <strong data-start=\"179\" data-end=\"198\">rottura aortica<\/strong>. I sintomi principali includono:<\/p>\n<ul data-start=\"233\" data-end=\"1110\">\n<li data-start=\"233\" data-end=\"398\"><strong data-start=\"235\" data-end=\"264\">Dolore toracico o dorsale<\/strong>: Il dolore \u00e8 spesso localizzato al dorso e pu\u00f2 essere di tipo acuto o persistente, segnale di una possibile evoluzione della lesione.<\/li>\n<li data-start=\"399\" data-end=\"545\"><strong data-start=\"401\" data-end=\"423\">Episodi ipotensivi<\/strong>: La <strong data-start=\"428\" data-end=\"457\">bassa pressione sanguigna<\/strong> pu\u00f2 verificarsi a causa della perdita di sangue o della riduzione del flusso sanguigno.<\/li>\n<li data-start=\"546\" data-end=\"714\"><strong data-start=\"548\" data-end=\"580\">Micro-embolizzazione distale<\/strong>: Piccole embolie che si staccano dalla zona lesionale e si dirigono verso distretti periferici, causando possibili danni agli organi.<\/li>\n<li data-start=\"715\" data-end=\"945\"><strong data-start=\"717\" data-end=\"750\">Modifiche alla parete aortica<\/strong>: Se la tomografia computerizzata (TC) evidenzia un aumento di volume della parete aortica, con estensione della lesione oltre la sua superficie, \u00e8 un segno che la condizione potrebbe peggiorare.<\/li>\n<li data-start=\"946\" data-end=\"1110\"><strong data-start=\"948\" data-end=\"991\">Raccolte peri-aortiche o sottopleuriche<\/strong>: La formazione di raccolte di liquido intorno all\u2019aorta o nei polmoni \u00e8 un segnale di possibile <strong data-start=\"1088\" data-end=\"1099\">rottura<\/strong> imminente.<\/li>\n<\/ul>\n<p data-start=\"1112\" data-end=\"1299\">Quando si osservano questi segni, \u00e8 essenziale un intervento tempestivo per evitare complicanze fatali. La <strong data-start=\"1219\" data-end=\"1238\">rottura aortica<\/strong> \u00e8 una condizione letale che richiede un trattamento urgente.<\/p>\n<h3 data-start=\"1301\" data-end=\"1327\"><\/h3>\n<p>[\/vc_column_text][\/vc_nested_tab][\/vc_nested_tabs][\/vc_accordion_tab][\/vc_accordion][\/vc_column][vc_column width=&#8221;1\/3&#8243;][vc_empty_space height=&#8221;90px&#8221;][vc_single_image image=&#8221;5363&#8243; img_size=&#8221;large&#8221; alignment=&#8221;right&#8221; css=&#8221;&#8221; el_class=&#8221;image-gallery-spacing&#8221;][vc_empty_space][\/vc_column][\/vc_row][vc_row top_margin=&#8221;page-margin-top-section&#8221; el_class=&#8221;flex-box&#8221;][vc_column width=&#8221;2\/3&#8243; el_class=&#8221;padding-bottom-128 column-limited&#8221;][vc_accordion][vc_accordion_tab title=&#8221;Ulcera penetrante: Diagnosi Trattamenti Conclusioni&#8221; tab_id=&#8221;diagnosi-trattamenti&#8221;][vc_nested_tabs][vc_nested_tab title=&#8221;Diagnosi&#8221; tab_id=&#8221;diagnosi-ulcerazione&#8221;][vc_column_text css=&#8221;&#8221;]<\/p>\n<p data-start=\"39\" data-end=\"448\">La diagnosi di <strong data-start=\"54\" data-end=\"77\">ulcerazione aortica<\/strong> \u00e8 facilitata dall&#8217;uso delle moderne <strong data-start=\"114\" data-end=\"137\">tecniche di imaging<\/strong>, che permettono una valutazione pi\u00f9 precisa della parete aortica e della possibile evoluzione della lesione. Grazie ai progressi tecnologici, oggi \u00e8 possibile identificare queste lesioni con maggiore accuratezza e tempestivit\u00e0, anche in fase iniziale. Le principali metodiche diagnostiche utilizzate includono:<\/p>\n<ul data-start=\"450\" data-end=\"1342\">\n<li data-start=\"450\" data-end=\"771\">\n<p data-start=\"452\" data-end=\"771\"><strong data-start=\"452\" data-end=\"498\">Tomografia Computerizzata (TC) multistrato<\/strong>: La <strong data-start=\"503\" data-end=\"521\">TC multistrato<\/strong> \u00e8 una delle tecniche di imaging pi\u00f9 efficaci per la valutazione dell\u2019aorta. Permette una visualizzazione dettagliata della parete aortica, identificando lesioni ulcerative e segni di evoluzione verso complicanze pi\u00f9 gravi, come dissezione o rottura.<\/p>\n<\/li>\n<li data-start=\"775\" data-end=\"1023\">\n<p data-start=\"777\" data-end=\"1023\"><strong data-start=\"777\" data-end=\"805\">Risonanza Magnetica (RM)<\/strong>: La <strong data-start=\"810\" data-end=\"816\">RM<\/strong> \u00e8 utile per ottenere immagini ad alta risoluzione, particolarmente vantaggiose per lo studio dei vasi sanguigni, permettendo una valutazione precisa della dimensione e della localizzazione dell&#8217;ulcerazione.<\/p>\n<\/li>\n<li data-start=\"1025\" data-end=\"1342\">\n<p data-start=\"1027\" data-end=\"1342\"><strong data-start=\"1027\" data-end=\"1061\">Ecografia Trans-Esofagea (TEE)<\/strong>: L&#8217;<strong data-start=\"1065\" data-end=\"1093\">ecografia trans-esofagea<\/strong> offre una vista diretta della parete aortica attraverso l&#8217;esofago, risultando particolarmente utile per la valutazione dell&#8217;aorta toracica. Questo metodo \u00e8 particolarmente vantaggioso per il monitoraggio in tempo reale e in situazioni di emergenza.<\/p>\n<\/li>\n<\/ul>\n<p data-start=\"1344\" data-end=\"1733\" data-is-last-node=\"\" data-is-only-node=\"\">L&#8217;uso combinato di queste tecniche avanzate ha contribuito ad aumentare la frequenza con cui vengono diagnosticate le lesioni ulcerative a carico dell\u2019aorta, spesso anche in modo <strong data-start=\"1523\" data-end=\"1534\">casuale<\/strong> durante esami diagnostici per altre patologie. Una diagnosi precoce, grazie a queste tecniche, \u00e8 cruciale per intraprendere il trattamento tempestivo e prevenire complicazioni potenzialmente letali.<\/p>\n<p>[\/vc_column_text][\/vc_nested_tab][vc_nested_tab title=&#8221;Trattamenti&#8221; tab_id=&#8221;trattamenti-ulcerazione&#8221;][vc_column_text css=&#8221;&#8221;]<\/p>\n<p data-start=\"60\" data-end=\"525\">Negli ultimi anni, il trattamento <strong data-start=\"94\" data-end=\"111\">endovascolare<\/strong> ha rivoluzionato la gestione delle <strong data-start=\"147\" data-end=\"177\">ulcere penetranti aortiche<\/strong> (PAU), riducendo significativamente la morbilit\u00e0 e la mortalit\u00e0 post-operatoria, nonch\u00e9 le complicazioni gravi come la <strong data-start=\"297\" data-end=\"311\">paraplegia<\/strong>. Il trattamento endovascolare prevede l&#8217;esclusione della <strong data-start=\"369\" data-end=\"387\">sacca ulcerata<\/strong> mediante l\u2019uso di <strong data-start=\"406\" data-end=\"421\">endoprotesi<\/strong> supportate da stent, una tecnica che consente una soluzione minimamente invasiva, con ottimi risultati.<\/p>\n<h3 data-start=\"527\" data-end=\"569\">Vantaggi del Trattamento Endovascolare<\/h3>\n<p data-start=\"571\" data-end=\"1052\">L&#8217;approccio endovascolare \u00e8 particolarmente efficace nei casi in cui l&#8217;<strong data-start=\"642\" data-end=\"674\">ulcera penetrante dell\u2019aorta<\/strong> riguarda segmenti localizzati dell\u2019aorta toracica, poich\u00e9 permette di reperire facilmente porzioni di aorta pi\u00f9 sane, sia prossimali che distali, per l&#8217;inserimento dell&#8217;endoprotesi. Questo tipo di trattamento rappresenta la <strong data-start=\"899\" data-end=\"919\">scelta preferita<\/strong> nelle situazioni in cui la PAU mostra segni di <strong data-start=\"967\" data-end=\"981\">evoluzione<\/strong>, riducendo il rischio di complicanze gravi come la rottura dell&#8217;aorta.<\/p>\n<h3 data-start=\"1054\" data-end=\"1086\">Monitoraggio Post-Operatorio<\/h3>\n<p data-start=\"1088\" data-end=\"1434\">Nonostante i vantaggi del trattamento endovascolare, l\u2019utilizzo dell\u2019endoprotesi richiede <strong data-start=\"1178\" data-end=\"1203\">monitoraggio continuo<\/strong>. Dopo l\u2019intervento, sono necessari controlli periodici tramite <strong data-start=\"1267\" data-end=\"1281\">Ecodoppler<\/strong> e <strong data-start=\"1284\" data-end=\"1295\">angioTC<\/strong> per garantire che la sacca ulcerata sia stabilmente esclusa dal flusso ematico e che l&#8217;endoprotesi non presenti dislocazioni o migrazioni.<\/p>\n<p>[\/vc_column_text][\/vc_nested_tab][vc_nested_tab title=&#8221;Conclusioni&#8221; tab_id=&#8221;conclusioni-ulcerazione&#8221;][vc_column_text css=&#8221;&#8221;]<\/p>\n<p data-start=\"1453\" data-end=\"1654\">L&#8217;<strong data-start=\"1455\" data-end=\"1487\">ulcera penetrante dell&#8217;aorta<\/strong> \u00e8 una condizione seria, in particolare quando localizzata nel tratto toracico, che non deve essere sottovalutata. Le PAU si suddividono generalmente in due categorie:<\/p>\n<ol data-start=\"1655\" data-end=\"1892\">\n<li data-start=\"1655\" data-end=\"1758\"><strong data-start=\"1658\" data-end=\"1669\">Benigna<\/strong>, con scarsa tendenza evolutiva, asintomatica e con possibilit\u00e0 di regressione spontanea.<\/li>\n<li data-start=\"1759\" data-end=\"1892\"><strong data-start=\"1762\" data-end=\"1775\">Evolutiva<\/strong>, che pu\u00f2 portare rapidamente alla <strong data-start=\"1810\" data-end=\"1836\">sindrome aortica acuta<\/strong>, con il rischio di rottura dell\u2019aorta e alta mortalit\u00e0.<\/li>\n<\/ol>\n<p data-start=\"1894\" data-end=\"2208\" data-is-last-node=\"\" data-is-only-node=\"\">Pertanto, \u00e8 fondamentale monitorare attentamente la progressione della lesione. Se le immagini diagnostiche (TC o RM) mostrano segni di evoluzione, \u00e8 essenziale intervenire tempestivamente con il trattamento <strong data-start=\"2102\" data-end=\"2119\">endovascolare<\/strong>, che rappresenta la <strong data-start=\"2140\" data-end=\"2162\">soluzione ottimale<\/strong> per ridurre i rischi di complicazioni fatali.<\/p>\n<p>[\/vc_column_text][\/vc_nested_tab][\/vc_nested_tabs][\/vc_accordion_tab][\/vc_accordion][\/vc_column][vc_column width=&#8221;1\/3&#8243;][\/vc_column][\/vc_row]<\/p>\n<\/div>","protected":false},"excerpt":{"rendered":"<p>[vc_row][vc_column width=&#8221;2\/3&#8243;][vc_empty_space][vc_accordion][vc_accordion_tab title=&#8221;Ulcera penetrante: Cos\u2019\u00e8, Sindromi aortiche acute e Sintomi &#8221; tab_id=&#8221;sindromi-aortiche&#8221;][vc_nested_tabs][vc_nested_tab title=&#8221;Che cos\u2019\u00e8 Ulcera penetrante&#8221; tab_id=&#8221;ulcera-penetrante&#8221;][vc_column_text css=&#8221;&#8221;] L&#8217;ulcera penetrante dell&#8217;aorta (PAU) \u00e8 una lesione rara che si verifica principalmente nell&#8217;aorta toracica. Spesso asintomatica e benigna, tende a stabilizzarsi o addirittura a regredire spontaneamente. Tuttavia, in alcuni casi, la PAU pu\u00f2 evolvere e portare a<\/p>\n","protected":false},"author":1,"featured_media":0,"parent":0,"menu_order":0,"comment_status":"closed","ping_status":"closed","template":"","meta":{"footnotes":""},"class_list":["post-5357","page","type-page","status-publish","hentry"],"yoast_head":"<!-- This site is optimized with the Yoast SEO plugin v26.7 - https:\/\/yoast.com\/wordpress\/plugins\/seo\/ -->\n<title>Ulcera penetrante -<\/title>\n<meta name=\"description\" content=\"Il trattamento endovascolare per l&#039;ulcera penetrante aortica riduce rischi e complicazioni, con monitoraggio post-operatorio continuo.\" \/>\n<meta name=\"robots\" content=\"index, follow, max-snippet:-1, max-image-preview:large, max-video-preview:-1\" \/>\n<link rel=\"canonical\" href=\"https:\/\/tuttointerventistica.it\/index.php\/ulcera-penetrante\/\" \/>\n<meta property=\"og:locale\" content=\"en_US\" \/>\n<meta property=\"og:type\" content=\"article\" \/>\n<meta property=\"og:title\" content=\"Ulcera penetrante -\" \/>\n<meta property=\"og:description\" content=\"Il trattamento endovascolare per l&#039;ulcera penetrante aortica riduce rischi e complicazioni, con monitoraggio post-operatorio continuo.\" \/>\n<meta property=\"og:url\" content=\"https:\/\/tuttointerventistica.it\/index.php\/ulcera-penetrante\/\" \/>\n<meta name=\"twitter:card\" content=\"summary_large_image\" \/>\n<meta name=\"twitter:label1\" content=\"Est. reading time\" \/>\n\t<meta name=\"twitter:data1\" content=\"7 minutes\" \/>\n<script type=\"application\/ld+json\" class=\"yoast-schema-graph\">{\"@context\":\"https:\/\/schema.org\",\"@graph\":[{\"@type\":\"WebPage\",\"@id\":\"https:\/\/tuttointerventistica.it\/index.php\/ulcera-penetrante\/\",\"url\":\"https:\/\/tuttointerventistica.it\/index.php\/ulcera-penetrante\/\",\"name\":\"Ulcera penetrante -\",\"isPartOf\":{\"@id\":\"https:\/\/tuttointerventistica.it\/#website\"},\"datePublished\":\"2025-03-07T10:55:05+00:00\",\"description\":\"Il trattamento endovascolare per l'ulcera penetrante aortica riduce rischi e complicazioni, con monitoraggio post-operatorio continuo.\",\"breadcrumb\":{\"@id\":\"https:\/\/tuttointerventistica.it\/index.php\/ulcera-penetrante\/#breadcrumb\"},\"inLanguage\":\"en-US\",\"potentialAction\":[{\"@type\":\"ReadAction\",\"target\":[\"https:\/\/tuttointerventistica.it\/index.php\/ulcera-penetrante\/\"]}]},{\"@type\":\"BreadcrumbList\",\"@id\":\"https:\/\/tuttointerventistica.it\/index.php\/ulcera-penetrante\/#breadcrumb\",\"itemListElement\":[{\"@type\":\"ListItem\",\"position\":1,\"name\":\"Home\",\"item\":\"https:\/\/tuttointerventistica.it\/\"},{\"@type\":\"ListItem\",\"position\":2,\"name\":\"Ulcera penetrante\"}]},{\"@type\":\"WebSite\",\"@id\":\"https:\/\/tuttointerventistica.it\/#website\",\"url\":\"https:\/\/tuttointerventistica.it\/\",\"name\":\"\",\"description\":\"\",\"potentialAction\":[{\"@type\":\"SearchAction\",\"target\":{\"@type\":\"EntryPoint\",\"urlTemplate\":\"https:\/\/tuttointerventistica.it\/?s={search_term_string}\"},\"query-input\":{\"@type\":\"PropertyValueSpecification\",\"valueRequired\":true,\"valueName\":\"search_term_string\"}}],\"inLanguage\":\"en-US\"}]}<\/script>\n<!-- \/ Yoast SEO plugin. -->","yoast_head_json":{"title":"Ulcera penetrante -","description":"Il trattamento endovascolare per l'ulcera penetrante aortica riduce rischi e complicazioni, con monitoraggio post-operatorio continuo.","robots":{"index":"index","follow":"follow","max-snippet":"max-snippet:-1","max-image-preview":"max-image-preview:large","max-video-preview":"max-video-preview:-1"},"canonical":"https:\/\/tuttointerventistica.it\/index.php\/ulcera-penetrante\/","og_locale":"en_US","og_type":"article","og_title":"Ulcera penetrante -","og_description":"Il trattamento endovascolare per l'ulcera penetrante aortica riduce rischi e complicazioni, con monitoraggio post-operatorio continuo.","og_url":"https:\/\/tuttointerventistica.it\/index.php\/ulcera-penetrante\/","twitter_card":"summary_large_image","twitter_misc":{"Est. reading time":"7 minutes"},"schema":{"@context":"https:\/\/schema.org","@graph":[{"@type":"WebPage","@id":"https:\/\/tuttointerventistica.it\/index.php\/ulcera-penetrante\/","url":"https:\/\/tuttointerventistica.it\/index.php\/ulcera-penetrante\/","name":"Ulcera penetrante -","isPartOf":{"@id":"https:\/\/tuttointerventistica.it\/#website"},"datePublished":"2025-03-07T10:55:05+00:00","description":"Il trattamento endovascolare per l'ulcera penetrante aortica riduce rischi e complicazioni, con monitoraggio post-operatorio continuo.","breadcrumb":{"@id":"https:\/\/tuttointerventistica.it\/index.php\/ulcera-penetrante\/#breadcrumb"},"inLanguage":"en-US","potentialAction":[{"@type":"ReadAction","target":["https:\/\/tuttointerventistica.it\/index.php\/ulcera-penetrante\/"]}]},{"@type":"BreadcrumbList","@id":"https:\/\/tuttointerventistica.it\/index.php\/ulcera-penetrante\/#breadcrumb","itemListElement":[{"@type":"ListItem","position":1,"name":"Home","item":"https:\/\/tuttointerventistica.it\/"},{"@type":"ListItem","position":2,"name":"Ulcera penetrante"}]},{"@type":"WebSite","@id":"https:\/\/tuttointerventistica.it\/#website","url":"https:\/\/tuttointerventistica.it\/","name":"","description":"","potentialAction":[{"@type":"SearchAction","target":{"@type":"EntryPoint","urlTemplate":"https:\/\/tuttointerventistica.it\/?s={search_term_string}"},"query-input":{"@type":"PropertyValueSpecification","valueRequired":true,"valueName":"search_term_string"}}],"inLanguage":"en-US"}]}},"_links":{"self":[{"href":"https:\/\/tuttointerventistica.it\/index.php\/wp-json\/wp\/v2\/pages\/5357","targetHints":{"allow":["GET"]}}],"collection":[{"href":"https:\/\/tuttointerventistica.it\/index.php\/wp-json\/wp\/v2\/pages"}],"about":[{"href":"https:\/\/tuttointerventistica.it\/index.php\/wp-json\/wp\/v2\/types\/page"}],"author":[{"embeddable":true,"href":"https:\/\/tuttointerventistica.it\/index.php\/wp-json\/wp\/v2\/users\/1"}],"replies":[{"embeddable":true,"href":"https:\/\/tuttointerventistica.it\/index.php\/wp-json\/wp\/v2\/comments?post=5357"}],"version-history":[{"count":7,"href":"https:\/\/tuttointerventistica.it\/index.php\/wp-json\/wp\/v2\/pages\/5357\/revisions"}],"predecessor-version":[{"id":5365,"href":"https:\/\/tuttointerventistica.it\/index.php\/wp-json\/wp\/v2\/pages\/5357\/revisions\/5365"}],"wp:attachment":[{"href":"https:\/\/tuttointerventistica.it\/index.php\/wp-json\/wp\/v2\/media?parent=5357"}],"curies":[{"name":"wp","href":"https:\/\/api.w.org\/{rel}","templated":true}]}}