{"id":4309,"date":"2025-02-22T10:37:56","date_gmt":"2025-02-22T10:37:56","guid":{"rendered":"https:\/\/stage.tuttointerventistica.it\/?page_id=4309"},"modified":"2025-02-28T14:28:04","modified_gmt":"2025-02-28T14:28:04","slug":"fibromi-uterini","status":"publish","type":"page","link":"https:\/\/tuttointerventistica.it\/index.php\/fibromi-uterini\/","title":{"rendered":"Fibromi Uterini"},"content":{"rendered":"<div class=\"wpb-content-wrapper\"><p>[vc_row][vc_column width=&#8221;2\/3&#8243;]<h3 class=\"sentence template-quote-2\">Le tecniche di Radiologia Interventistica sono sempre pi\u00f9 utilizzate nel trattamento di patologie ginecologiche comuni, come i fibromi uterini e la Sindrome da Congestione Pelvica (varicocele femminile). Questi trattamenti minimamente invasivi offrono soluzioni efficaci per migliorare la qualit\u00e0 della vita delle pazienti, riducendo significativamente i sintomi e i rischi associati agli interventi chirurgici tradizionali. Approfondisci i trattamenti disponibili per i fibromi uterini e la Sindrome da Congestione Pelvica, scoprendo le opzioni pi\u00f9 innovative per il tuo benessere.<\/h3>[vc_empty_space][vc_accordion][vc_accordion_tab title=&#8221;Fibromi Uterini: Cos\u2019\u00e8, Sintomi e Diagnosi&#8221; tab_id=&#8221;fibromi-uterini&#8221;][vc_nested_tabs][vc_nested_tab title=&#8221;Cos\u2019\u00e8 un Fibroma Uterino?&#8221; tab_id=&#8221;fibroma-uterino&#8221;][vc_column_text css=&#8221;&#8221;]<\/p>\n<p data-start=\"195\" data-end=\"592\">I <strong data-start=\"197\" data-end=\"216\">fibromi uterini<\/strong> (o miomi) sono formazioni benigne che si sviluppano nel tessuto muscolare dell&#8217;utero. Questi noduli si formano a causa della proliferazione delle cellule muscolari lisce, che perdono la funzione contrattile e si organizzano in noduli delimitati da una pseudo-capsula di tessuto connettivo. Pur essendo neoplasie benigne, i fibromi possono alterare la funzionalit\u00e0 dell&#8217;utero.<\/p>\n<p data-start=\"594\" data-end=\"823\">La maggior parte dei fibromi origina dal corpo dell&#8217;utero (95%) e, in una piccola percentuale, dal collo uterino o cervice (5%). I fibromi possono essere singoli o multipli e vengono classificati in base alla loro localizzazione:<\/p>\n<ul data-start=\"825\" data-end=\"1306\">\n<li data-start=\"825\" data-end=\"926\"><strong data-start=\"827\" data-end=\"850\">Fibromi Intramurali<\/strong>: si sviluppano nello spessore del miometrio e ne alterano la contrattilit\u00e0.<\/li>\n<li data-start=\"927\" data-end=\"1027\"><strong data-start=\"929\" data-end=\"953\">Fibromi Sottosierosi<\/strong>: protrudono verso la cavit\u00e0 pelvica sotto la sierosa che ricopre l\u2019utero.<\/li>\n<li data-start=\"1028\" data-end=\"1105\"><strong data-start=\"1030\" data-end=\"1053\">Fibromi Sottomucosi<\/strong>: si estendono verso la cavit\u00e0 uterina, occupandola.<\/li>\n<li data-start=\"1106\" data-end=\"1206\"><strong data-start=\"1108\" data-end=\"1131\">Fibromi Peduncolati<\/strong>: sono connessi all&#8217;utero tramite un peduncolo, con il rischio di torsione.<\/li>\n<li data-start=\"1207\" data-end=\"1306\"><strong data-start=\"1209\" data-end=\"1237\">Fibromi Infralegamentosi<\/strong>: sdoppiano le due pagine peritoneali del legamento largo dell&#8217;utero.<\/li>\n<\/ul>\n<p>[\/vc_column_text][\/vc_nested_tab][vc_nested_tab title=&#8221;Sintomi dei Fibromi Uterini&#8221; tab_id=&#8221;sintomi-fibromi-uterini&#8221;][vc_column_text css=&#8221;&#8221;]<\/p>\n<p data-start=\"1345\" data-end=\"1550\">La maggior parte dei fibromi \u00e8 di piccole dimensioni e asintomatica, richiedendo solo un monitoraggio ecografico. Tuttavia, in alcuni casi, i fibromi possono causare sintomi dolorosi e disfunzionali, come:<\/p>\n<ul data-start=\"1552\" data-end=\"2233\">\n<li data-start=\"1552\" data-end=\"1814\"><strong data-start=\"1554\" data-end=\"1572\">Dolore pelvico<\/strong>: causato dalla contrazione del miometrio, dalla compressione degli organi interni o da ischemia\/necrosi del fibroma. Questo dolore pu\u00f2 essere avvertito come un senso di peso sotto l&#8217;ombelico o irradiato all&#8217;inguine e alla zona lombo-sacrale.<\/li>\n<li data-start=\"1815\" data-end=\"1967\"><strong data-start=\"1817\" data-end=\"1836\">Menometrorragia<\/strong>: perdite ematiche abbondanti che si protraggono dopo le mestruazioni, dovute alla difficolt\u00e0 dell&#8217;utero di contrarsi regolarmente.<\/li>\n<li data-start=\"1968\" data-end=\"2076\"><strong data-start=\"1970\" data-end=\"1989\">Sintomi urinari<\/strong>: disuria, stranguria o stipsi, tipici nei fibromi di grandi dimensioni o sottosierosi.<\/li>\n<li data-start=\"2077\" data-end=\"2233\"><strong data-start=\"2079\" data-end=\"2092\">Sterilit\u00e0<\/strong>: i fibromi possono causare ostruzione degli osti tubarici o della cervice, o causare ipercontrattilit\u00e0, favorendo aborti o parti pretermine.<\/li>\n<\/ul>\n<p>[\/vc_column_text][\/vc_nested_tab][vc_nested_tab title=&#8221;Diagnosi dei Fibromi Uterini&#8221; tab_id=&#8221;diagnosi-fibromi-uterini&#8221;][vc_column_text css=&#8221;&#8221;]<\/p>\n<p data-start=\"2273\" data-end=\"2401\">La diagnosi di fibromi uterini inizia con una visita ginecologica approfondita. Le indagini diagnostiche principali comprendono:<\/p>\n<ul data-start=\"2403\" data-end=\"2710\">\n<li data-start=\"2403\" data-end=\"2566\"><strong data-start=\"2405\" data-end=\"2432\">Ecografia Transvaginale<\/strong>: utilizzata per valutare le caratteristiche del fibroma, come la ipo- o iperecogenicit\u00e0, la disomogenit\u00e0 e l&#8217;irrorazione del tessuto.<\/li>\n<li data-start=\"2567\" data-end=\"2710\"><strong data-start=\"2569\" data-end=\"2585\">Isteroscopia<\/strong>: fondamentale per la valutazione dei fibromi sottomucosi e per eseguire eventuali biopsie nei casi di sanguinamenti anomali.<\/li>\n<\/ul>\n<p>[\/vc_column_text][\/vc_nested_tab][\/vc_nested_tabs][\/vc_accordion_tab][\/vc_accordion][\/vc_column][vc_column width=&#8221;1\/3&#8243;][vc_empty_space height=&#8221;90px&#8221;][vc_single_image image=&#8221;4342&#8243; img_size=&#8221;medium&#8221; alignment=&#8221;right&#8221; css=&#8221;&#8221; el_class=&#8221;image-gallery-spacing&#8221;][vc_empty_space][\/vc_column][\/vc_row][vc_row top_margin=&#8221;page-margin-top-section&#8221; el_class=&#8221;flex-box&#8221;][vc_column width=&#8221;2\/3&#8243; el_class=&#8221;padding-bottom-128 column-limited&#8221;][vc_accordion][vc_accordion_tab title=&#8221;Fibromi Uterini: Cos\u2019\u00e8, Sintomi e Diagnosi&#8221; tab_id=&#8221;fibromi-uterini&#8221;][vc_nested_tabs][vc_nested_tab title=&#8221;Trattamenti per i Fibromi Uterini&#8221; tab_id=&#8221;fibroma-uterino&#8221;][vc_column_text css=&#8221;&#8221;]<\/p>\n<p data-start=\"275\" data-end=\"573\">Le opzioni terapeutiche per i fibromi uterini comprendono diverse soluzioni, sia mediche che chirurgiche, inclusi trattamenti non invasivi e mini-invasivi. Ogni caso \u00e8 valutato individualmente, in base alla gravit\u00e0 dei sintomi, alla posizione dei fibromi e alla desiderata preservazione dell\u2019utero.<\/p>\n<p data-start=\"578\" data-end=\"967\"><strong data-start=\"578\" data-end=\"597\">Terapie Mediche<\/strong>: Le terapie farmacologiche per i fibromi uterini includono trattamenti ormonali e non ormonali. Sebbene queste soluzioni possano alleviare temporaneamente i sintomi come il sanguinamento anomalo e il dolore pelvico, spesso non sono risolutive a lungo termine. Tuttavia, in molte pazienti, i farmaci possono offrire un sollievo significativo per un periodo variabile.<\/p>\n<p data-start=\"972\" data-end=\"1431\"><strong data-start=\"972\" data-end=\"998\">Trattamenti Chirurgici<\/strong>: Quando i fibromi non rispondono alle terapie mediche, o in caso di sintomi persistenti, il trattamento chirurgico pu\u00f2 essere necessario. La <strong data-start=\"1143\" data-end=\"1158\">miomectomia<\/strong> (asportazione dei fibromi) \u00e8 una procedura che permette di preservare l&#8217;utero, mentre in alcuni casi pi\u00f9 gravi si pu\u00f2 optare per l\u2019<strong data-start=\"1290\" data-end=\"1306\">isterectomia<\/strong> (rimozione dell&#8217;utero), particolarmente quando i fibromi sono numerosi o di grandi dimensioni e causano danni significativi.<\/p>\n<p data-start=\"1436\" data-end=\"1974\"><strong data-start=\"1436\" data-end=\"1480\">Trattamenti Non Chirurgici Mini-Invasivi<\/strong>: Le opzioni non chirurgiche mini-invasive sono particolarmente apprezzate per la loro capacit\u00e0 di ridurre i tempi di recupero e i rischi associati agli interventi chirurgici. Questi trattamenti, come l&#8217;embolizzazione dell&#8217;arteria uterina, sono ben tollerati e possono essere una valida alternativa per le pazienti che desiderano evitare interventi chirurgici tradizionali. Inoltre, questi trattamenti non precludono la possibilit\u00e0 di un intervento chirurgico successivo, qualora necessario.<\/p>\n<p>[\/vc_column_text][\/vc_nested_tab][vc_nested_tab title=&#8221;L&#8217;Approccio della Radiologia Interventistica&#8221; tab_id=&#8221;sintomi-fibromi-uterini&#8221;][vc_column_text css=&#8221;&#8221;]<\/p>\n<p data-start=\"2071\" data-end=\"2391\">La <strong data-start=\"2074\" data-end=\"2104\">radiologia interventistica<\/strong> offre soluzioni avanzate e minimamente invasive per il trattamento dei fibromi uterini, permettendo alle donne di preservare l&#8217;utero senza ricorrere a chirurgia tradizionale. L&#8217;approccio radiologico prevede trattamenti personalizzati, in base alla tipologia e alla quantit\u00e0 dei fibromi.<\/p>\n<p data-start=\"2396\" data-end=\"3018\"><strong data-start=\"2396\" data-end=\"2435\">Embolizzazione dell&#8217;Arteria Uterina<\/strong>: L&#8217;embolizzazione dell&#8217;arteria uterina \u00e8 uno dei trattamenti principali proposti dal radiologo interventista per le pazienti con fibromi multipli. Questa procedura endovascolare consiste nell&#8217;inserimento di un catetere attraverso una piccola incisione (generalmente nell&#8217;inguine), che viene guidato fino alle arterie che alimentano i fibromi. Piccole particelle vengono iniettate per bloccare il flusso sanguigno verso i fibromi, determinandone una riduzione progressiva. Questa tecnica \u00e8 particolarmente indicata per donne che presentano numerosi fibromi (fibromatosi multipla).<\/p>\n<p data-start=\"3023\" data-end=\"3501\"><strong data-start=\"3023\" data-end=\"3055\">Tecniche Ablative Percutanee<\/strong>: In caso di fibromi singoli o di dimensioni contenute, l&#8217;approccio percutaneo con tecniche ablative, come la <strong data-start=\"3168\" data-end=\"3186\">radiofrequenza<\/strong> o il <strong data-start=\"3192\" data-end=\"3201\">laser<\/strong>, pu\u00f2 essere utilizzato. Questi trattamenti mirano a distruggere i fibromi attraverso l&#8217;applicazione di calore o energia, senza necessit\u00e0 di incisioni chirurgiche. Questi trattamenti sono meno invasivi e consentono tempi di recupero significativamente pi\u00f9 rapidi rispetto alla chirurgia tradizionale.<\/p>\n<p data-start=\"3506\" data-end=\"3960\"><strong data-start=\"3506\" data-end=\"3538\">Altre Terapie Fisiche Locali<\/strong>: In aggiunta alle opzioni endovascolari e ablative, altre terapie fisiche locali come <strong data-start=\"3628\" data-end=\"3644\">laserterapia<\/strong>, <strong data-start=\"3646\" data-end=\"3690\">ultrasuoni focalizzati ad alta intensit\u00e0<\/strong> (HIFU) e <strong data-start=\"3700\" data-end=\"3715\">crioterapia<\/strong> possono essere utilizzate in alcuni casi per ridurre la dimensione dei fibromi e alleviare i sintomi. Sebbene queste tecniche siano meno comuni, possono rappresentare un valido supporto nelle fasi iniziali del trattamento o nei casi meno gravi.<\/p>\n<p data-start=\"3965\" data-end=\"4498\"><strong data-start=\"3965\" data-end=\"4010\">Benefici della Radiologia Interventistica<\/strong>: I trattamenti di radiologia interventistica sono ben tollerati e consentono una rapida ripresa delle normali attivit\u00e0 quotidiane. Inoltre, questi interventi preservano l&#8217;utero, mantenendo la fertilit\u00e0 della paziente, e sono meno invasivi rispetto alle soluzioni chirurgiche, riducendo al minimo i rischi di complicazioni e i tempi di degenza. In caso di insuccesso, \u00e8 possibile optare per un trattamento chirurgico successivo, senza compromettere la possibilit\u00e0 di interventi futuri.<\/p>\n<p>[\/vc_column_text][\/vc_nested_tab][\/vc_nested_tabs][\/vc_accordion_tab][\/vc_accordion][\/vc_column][vc_column width=&#8221;1\/3&#8243;][vc_video link=&#8221;https:\/\/www.youtube.com\/watch?v=ugBycxkIW70&#8243; css=&#8221;&#8221;][vc_empty_space][vc_single_image image=&#8221;4344&#8243; img_size=&#8221;medium&#8221; alignment=&#8221;center&#8221; style=&#8221;vc_box_rounded&#8221; css=&#8221;&#8221;][vc_empty_space][vc_single_image image=&#8221;4345&#8243; img_size=&#8221;medium&#8221; alignment=&#8221;center&#8221; style=&#8221;vc_box_rounded&#8221; css=&#8221;&#8221;][vc_empty_space][vc_single_image image=&#8221;4346&#8243; alignment=&#8221;center&#8221; style=&#8221;vc_box_rounded&#8221; css=&#8221;&#8221;][\/vc_column][\/vc_row]<\/p>\n<\/div>","protected":false},"excerpt":{"rendered":"<p>[vc_row][vc_column width=&#8221;2\/3&#8243;][vc_empty_space][vc_accordion][vc_accordion_tab title=&#8221;Fibromi Uterini: Cos\u2019\u00e8, Sintomi e Diagnosi&#8221; tab_id=&#8221;fibromi-uterini&#8221;][vc_nested_tabs][vc_nested_tab title=&#8221;Cos\u2019\u00e8 un Fibroma Uterino?&#8221; tab_id=&#8221;fibroma-uterino&#8221;][vc_column_text css=&#8221;&#8221;] I fibromi uterini (o miomi) sono formazioni benigne che si sviluppano nel tessuto muscolare dell&#8217;utero. Questi noduli si formano a causa della proliferazione delle cellule muscolari lisce, che perdono la funzione contrattile e si organizzano in noduli delimitati da una<\/p>\n","protected":false},"author":1,"featured_media":0,"parent":0,"menu_order":0,"comment_status":"closed","ping_status":"closed","template":"","meta":{"footnotes":""},"class_list":["post-4309","page","type-page","status-publish","hentry"],"yoast_head":"<!-- This site is optimized with the Yoast SEO plugin v26.7 - https:\/\/yoast.com\/wordpress\/plugins\/seo\/ -->\n<title>Fibromi Uterini -<\/title>\n<meta name=\"description\" content=\"Trattamento mini-invasivo per i fibromi uterini: soluzioni moderne per ridurre i sintomi e migliorare la qualit\u00e0 della vita femminile.\" \/>\n<meta name=\"robots\" content=\"index, follow, max-snippet:-1, max-image-preview:large, max-video-preview:-1\" \/>\n<link rel=\"canonical\" href=\"https:\/\/tuttointerventistica.it\/index.php\/fibromi-uterini\/\" \/>\n<meta property=\"og:locale\" content=\"en_US\" \/>\n<meta property=\"og:type\" content=\"article\" \/>\n<meta property=\"og:title\" content=\"Fibromi Uterini -\" \/>\n<meta property=\"og:description\" content=\"Trattamento mini-invasivo per i fibromi uterini: soluzioni moderne per ridurre i sintomi e migliorare la qualit\u00e0 della vita femminile.\" \/>\n<meta property=\"og:url\" content=\"https:\/\/tuttointerventistica.it\/index.php\/fibromi-uterini\/\" \/>\n<meta property=\"article:modified_time\" content=\"2025-02-28T14:28:04+00:00\" \/>\n<meta name=\"twitter:card\" content=\"summary_large_image\" \/>\n<meta name=\"twitter:label1\" content=\"Est. reading time\" \/>\n\t<meta name=\"twitter:data1\" content=\"5 minutes\" \/>\n<script type=\"application\/ld+json\" class=\"yoast-schema-graph\">{\"@context\":\"https:\/\/schema.org\",\"@graph\":[{\"@type\":\"WebPage\",\"@id\":\"https:\/\/tuttointerventistica.it\/index.php\/fibromi-uterini\/\",\"url\":\"https:\/\/tuttointerventistica.it\/index.php\/fibromi-uterini\/\",\"name\":\"Fibromi Uterini -\",\"isPartOf\":{\"@id\":\"https:\/\/tuttointerventistica.it\/#website\"},\"datePublished\":\"2025-02-22T10:37:56+00:00\",\"dateModified\":\"2025-02-28T14:28:04+00:00\",\"description\":\"Trattamento mini-invasivo per i fibromi uterini: soluzioni moderne per ridurre i sintomi e migliorare la qualit\u00e0 della vita femminile.\",\"breadcrumb\":{\"@id\":\"https:\/\/tuttointerventistica.it\/index.php\/fibromi-uterini\/#breadcrumb\"},\"inLanguage\":\"en-US\",\"potentialAction\":[{\"@type\":\"ReadAction\",\"target\":[\"https:\/\/tuttointerventistica.it\/index.php\/fibromi-uterini\/\"]}]},{\"@type\":\"BreadcrumbList\",\"@id\":\"https:\/\/tuttointerventistica.it\/index.php\/fibromi-uterini\/#breadcrumb\",\"itemListElement\":[{\"@type\":\"ListItem\",\"position\":1,\"name\":\"Home\",\"item\":\"https:\/\/tuttointerventistica.it\/\"},{\"@type\":\"ListItem\",\"position\":2,\"name\":\"Fibromi Uterini\"}]},{\"@type\":\"WebSite\",\"@id\":\"https:\/\/tuttointerventistica.it\/#website\",\"url\":\"https:\/\/tuttointerventistica.it\/\",\"name\":\"\",\"description\":\"\",\"potentialAction\":[{\"@type\":\"SearchAction\",\"target\":{\"@type\":\"EntryPoint\",\"urlTemplate\":\"https:\/\/tuttointerventistica.it\/?s={search_term_string}\"},\"query-input\":{\"@type\":\"PropertyValueSpecification\",\"valueRequired\":true,\"valueName\":\"search_term_string\"}}],\"inLanguage\":\"en-US\"}]}<\/script>\n<!-- \/ Yoast SEO plugin. -->","yoast_head_json":{"title":"Fibromi Uterini -","description":"Trattamento mini-invasivo per i fibromi uterini: soluzioni moderne per ridurre i sintomi e migliorare la qualit\u00e0 della vita femminile.","robots":{"index":"index","follow":"follow","max-snippet":"max-snippet:-1","max-image-preview":"max-image-preview:large","max-video-preview":"max-video-preview:-1"},"canonical":"https:\/\/tuttointerventistica.it\/index.php\/fibromi-uterini\/","og_locale":"en_US","og_type":"article","og_title":"Fibromi Uterini -","og_description":"Trattamento mini-invasivo per i fibromi uterini: soluzioni moderne per ridurre i sintomi e migliorare la qualit\u00e0 della vita femminile.","og_url":"https:\/\/tuttointerventistica.it\/index.php\/fibromi-uterini\/","article_modified_time":"2025-02-28T14:28:04+00:00","twitter_card":"summary_large_image","twitter_misc":{"Est. reading time":"5 minutes"},"schema":{"@context":"https:\/\/schema.org","@graph":[{"@type":"WebPage","@id":"https:\/\/tuttointerventistica.it\/index.php\/fibromi-uterini\/","url":"https:\/\/tuttointerventistica.it\/index.php\/fibromi-uterini\/","name":"Fibromi Uterini -","isPartOf":{"@id":"https:\/\/tuttointerventistica.it\/#website"},"datePublished":"2025-02-22T10:37:56+00:00","dateModified":"2025-02-28T14:28:04+00:00","description":"Trattamento mini-invasivo per i fibromi uterini: soluzioni moderne per ridurre i sintomi e migliorare la qualit\u00e0 della vita femminile.","breadcrumb":{"@id":"https:\/\/tuttointerventistica.it\/index.php\/fibromi-uterini\/#breadcrumb"},"inLanguage":"en-US","potentialAction":[{"@type":"ReadAction","target":["https:\/\/tuttointerventistica.it\/index.php\/fibromi-uterini\/"]}]},{"@type":"BreadcrumbList","@id":"https:\/\/tuttointerventistica.it\/index.php\/fibromi-uterini\/#breadcrumb","itemListElement":[{"@type":"ListItem","position":1,"name":"Home","item":"https:\/\/tuttointerventistica.it\/"},{"@type":"ListItem","position":2,"name":"Fibromi Uterini"}]},{"@type":"WebSite","@id":"https:\/\/tuttointerventistica.it\/#website","url":"https:\/\/tuttointerventistica.it\/","name":"","description":"","potentialAction":[{"@type":"SearchAction","target":{"@type":"EntryPoint","urlTemplate":"https:\/\/tuttointerventistica.it\/?s={search_term_string}"},"query-input":{"@type":"PropertyValueSpecification","valueRequired":true,"valueName":"search_term_string"}}],"inLanguage":"en-US"}]}},"_links":{"self":[{"href":"https:\/\/tuttointerventistica.it\/index.php\/wp-json\/wp\/v2\/pages\/4309","targetHints":{"allow":["GET"]}}],"collection":[{"href":"https:\/\/tuttointerventistica.it\/index.php\/wp-json\/wp\/v2\/pages"}],"about":[{"href":"https:\/\/tuttointerventistica.it\/index.php\/wp-json\/wp\/v2\/types\/page"}],"author":[{"embeddable":true,"href":"https:\/\/tuttointerventistica.it\/index.php\/wp-json\/wp\/v2\/users\/1"}],"replies":[{"embeddable":true,"href":"https:\/\/tuttointerventistica.it\/index.php\/wp-json\/wp\/v2\/comments?post=4309"}],"version-history":[{"count":34,"href":"https:\/\/tuttointerventistica.it\/index.php\/wp-json\/wp\/v2\/pages\/4309\/revisions"}],"predecessor-version":[{"id":4393,"href":"https:\/\/tuttointerventistica.it\/index.php\/wp-json\/wp\/v2\/pages\/4309\/revisions\/4393"}],"wp:attachment":[{"href":"https:\/\/tuttointerventistica.it\/index.php\/wp-json\/wp\/v2\/media?parent=4309"}],"curies":[{"name":"wp","href":"https:\/\/api.w.org\/{rel}","templated":true}]}}