{"id":4507,"date":"2025-03-01T10:03:21","date_gmt":"2025-03-01T10:03:21","guid":{"rendered":"https:\/\/stage.tuttointerventistica.it\/?page_id=4507"},"modified":"2025-03-01T10:07:26","modified_gmt":"2025-03-01T10:07:26","slug":"calcolosi-biliare","status":"publish","type":"page","link":"https:\/\/tuttointerventistica.it\/index.php\/calcolosi-biliare\/","title":{"rendered":"Calcolosi biliare"},"content":{"rendered":"<div class=\"wpb-content-wrapper\"><p>[vc_row][vc_column width=&#8221;2\/3&#8243;]<h3 class=\"sentence template-quote-2\">La radiologia interventistica aiuta nel trattamento dei calcoli biliari attraverso tecniche minimamente invasive, come la rimozione dei calcoli biliari con guida ecografica e fluoroscopia. Questi interventi precisi riducono i rischi, ottimizzano il recupero e migliorano l'efficacia nel trattamento dei calcoli biliari e della colecisti.<\/h3>[vc_empty_space][vc_accordion][vc_accordion_tab title=&#8221;Calcoli Biliari e Colecisti: Cause, Sintomi e Diagnosi&#8221; tab_id=&#8221;Calcoli-Biliari &#8220;][vc_nested_tabs][vc_nested_tab title=&#8221;Cosa sono&#8221; tab_id=&#8221;cosa-sono-colecisti&#8221;][vc_column_text css=&#8221;&#8221;]<\/p>\n<p data-start=\"200\" data-end=\"777\">I <strong data-start=\"202\" data-end=\"221\">calcoli biliari<\/strong> sono piccole formazioni solide che si sviluppano quando il <strong data-start=\"281\" data-end=\"296\">colesterolo<\/strong> e i <strong data-start=\"301\" data-end=\"321\">pigmenti biliari<\/strong> contenuti nella bile precipitano e si aggregano in cristalli. Con il tempo, questi cristalli possono unirsi formando calcoli di dimensioni variabili. In alcuni casi, i calcoli biliari possono essere piccoli come granelli di sabbia, mentre in altri possono raggiungere la grandezza di una biglia. I <strong data-start=\"620\" data-end=\"639\">calcoli biliari<\/strong> pi\u00f9 grandi, chiamati anche <strong data-start=\"667\" data-end=\"680\">lithiasis<\/strong> (litiasi), possono ostruire le vie biliari, causando sintomi come dolore acuto, nausea e vomito.<\/p>\n<p data-start=\"779\" data-end=\"1369\">La <strong data-start=\"782\" data-end=\"795\">colecisti<\/strong>, o <strong data-start=\"799\" data-end=\"814\">cistifellea<\/strong>, \u00e8 un piccolo organo situato sotto il fegato che immagazzina la bile prodotta dalle cellule epatiche. La bile \u00e8 una sostanza importante per la digestione dei grassi. Le <strong data-start=\"984\" data-end=\"999\">vie biliari<\/strong> sono i canali che collegano il fegato alla <strong data-start=\"1043\" data-end=\"1056\">colecisti<\/strong> e al <strong data-start=\"1062\" data-end=\"1073\">duodeno<\/strong>, passando attraverso la papilla di Vater. Lo <strong data-start=\"1119\" data-end=\"1139\">sfintere di Oddi<\/strong> regola l\u2019ingresso della bile nell\u2019intestino per la digestione. Il dotto cistico permette la comunicazione tra la <strong data-start=\"1253\" data-end=\"1266\">colecisti<\/strong> e le <strong data-start=\"1272\" data-end=\"1302\">vie biliari extra-epatiche<\/strong>, facilitando il trasporto della bile necessaria per la digestione.<\/p>\n<p data-start=\"1371\" data-end=\"1753\">I <strong data-start=\"1373\" data-end=\"1392\">calcoli biliari<\/strong> possono svilupparsi in modo asintomatico, ma quando si spostano o ostruiscono le vie biliari, possono causare gravi <strong data-start=\"1509\" data-end=\"1526\">complicazioni<\/strong> come colecistite, pancreatite o colangite. La diagnosi di <strong data-start=\"1585\" data-end=\"1604\">calcoli biliari<\/strong> viene generalmente effettuata tramite ecografia addominale, che consente di visualizzare la presenza di calcoli e il loro impatto sulle vie biliari.<\/p>\n<p>[\/vc_column_text][\/vc_nested_tab][vc_nested_tab title=&#8221;Sintomi &#8221; tab_id=&#8221;sintomi-colecisti&#8221;][vc_column_text css=&#8221;&#8221;]<\/p>\n<p data-start=\"0\" data-end=\"441\">I calcoli biliari possono rimanere nella colecisti senza causare sintomi evidenti, diventando asintomatici in molti casi. Tuttavia, se i calcoli si spostano dalla colecisti e ostruiscono il dotto cistico, si pu\u00f2 sviluppare una <strong data-start=\"227\" data-end=\"242\">colecistite<\/strong>, che solitamente si manifesta con la <strong data-start=\"280\" data-end=\"298\">colica biliare<\/strong>. In alcuni casi, i calcoli possono ostruire i dotti biliari extra-epatici, interrompendo il flusso della bile e provocando una colica biliare.<\/p>\n<p data-start=\"443\" data-end=\"984\">I sintomi della <strong data-start=\"459\" data-end=\"477\">colica biliare<\/strong> sono generalmente caratterizzati da un forte dolore all&#8217;ipocondrio destro, che pu\u00f2 irradiarsi verso la schiena e le scapole, accompagnato da <strong data-start=\"619\" data-end=\"629\">vomito<\/strong>. Quando la calcolosi coinvolge le vie biliari, la sintomatologia si aggrava con febbre e <strong data-start=\"719\" data-end=\"729\">ittero<\/strong>. Nei casi di calcolosi della colecisti, i sintomi possono essere pi\u00f9 sfumati, includendo <strong data-start=\"819\" data-end=\"855\">gonfiore addominale dopo i pasti<\/strong>, <strong data-start=\"857\" data-end=\"870\">aerofagia<\/strong>, <strong data-start=\"872\" data-end=\"895\">senso di pesantezza<\/strong> e <strong data-start=\"898\" data-end=\"913\">eruttazioni<\/strong>, che possono rendere difficile la scelta di un trattamento chirurgico.<\/p>\n<p data-start=\"986\" data-end=\"1456\">La colica biliare \u00e8 caratterizzata da dolore intermittente e ricorrente causato dall&#8217;ostruzione del calcolo nel <strong data-start=\"1098\" data-end=\"1110\">coledoco<\/strong>, accompagnato spesso da <strong data-start=\"1135\" data-end=\"1145\">nausea<\/strong> e <strong data-start=\"1148\" data-end=\"1158\">vomito<\/strong>. Se l&#8217;ostruzione \u00e8 persistente, pu\u00f2 svilupparsi un <strong data-start=\"1210\" data-end=\"1232\">ittero colestatico<\/strong>, con la comparsa di una colorazione gialla della pelle, prurito, <strong data-start=\"1298\" data-end=\"1313\">urine scure<\/strong> (color marsala) e <strong data-start=\"1332\" data-end=\"1347\">feci chiare<\/strong> o <strong data-start=\"1350\" data-end=\"1362\">cretacee<\/strong>. Inoltre, la condizione pu\u00f2 evolvere in infezioni come <strong data-start=\"1418\" data-end=\"1431\">colangite<\/strong> o <strong data-start=\"1434\" data-end=\"1455\">pancreatite acuta<\/strong>.<\/p>\n<p data-start=\"1458\" data-end=\"1799\" data-is-last-node=\"\" data-is-only-node=\"\">La <strong data-start=\"1461\" data-end=\"1474\">colangite<\/strong> si manifesta con febbre improvvisa, che pu\u00f2 salire rapidamente a temperature elevate, accompagnata da brividi e tremori intensi. La <strong data-start=\"1607\" data-end=\"1622\">pancreatite<\/strong> acuta \u00e8 causata dall&#8217;ostruzione temporanea dei dotti biliari e pancreatici, che porta al rilascio di enzimi pancreatici, causando l&#8217;auto-digestione della ghiandola pancreatica.<\/p>\n<p>[\/vc_column_text][\/vc_nested_tab][vc_nested_tab title=&#8221;Cause&#8221; tab_id=&#8221;Cause-colecisti&#8221;][vc_column_text css=&#8221;&#8221;]<\/p>\n<p data-start=\"0\" data-end=\"476\">Le cause principali dei calcoli biliari non sono completamente comprese, ma si ritiene che la loro formazione derivi principalmente dall\u2019eccesso di colesterolo nella bile, che non riesce a sciogliersi e forma cristalli solidi. Questi cristalli possono poi aggregarsi e diventare veri e propri calcoli. I calcoli biliari di colesterolo sono generalmente di colore giallognolo, mentre i calcoli pigmentati, che si formano per la sedimentazione della bilirubina, sono pi\u00f9 scuri.<\/p>\n<p data-start=\"478\" data-end=\"577\">Diversi fattori di rischio possono aumentare la probabilit\u00e0 di sviluppare calcoli biliari, tra cui:<\/p>\n<ul data-start=\"578\" data-end=\"1374\">\n<li data-start=\"578\" data-end=\"666\"><strong data-start=\"580\" data-end=\"599\">Sesso femminile<\/strong>: Le donne hanno un rischio maggiore di sviluppare calcoli biliari.<\/li>\n<li data-start=\"667\" data-end=\"780\"><strong data-start=\"669\" data-end=\"712\">Dieta povera di fibre e ricca di grassi<\/strong>: Una dieta squilibrata pu\u00f2 contribuire alla formazione dei calcoli.<\/li>\n<li data-start=\"781\" data-end=\"907\"><strong data-start=\"783\" data-end=\"835\">Sovrappeso, obesit\u00e0 o dimagrimento troppo rapido<\/strong>: Questi fattori influenzano la produzione e la composizione della bile.<\/li>\n<li data-start=\"908\" data-end=\"1016\"><strong data-start=\"910\" data-end=\"924\">Gravidanza<\/strong>: Durante la gravidanza, i cambiamenti ormonali possono alterare la composizione della bile.<\/li>\n<li data-start=\"1017\" data-end=\"1101\"><strong data-start=\"1019\" data-end=\"1030\">Diabete<\/strong>: Le persone con diabete sono pi\u00f9 inclini a sviluppare calcoli biliari.<\/li>\n<li data-start=\"1102\" data-end=\"1194\"><strong data-start=\"1104\" data-end=\"1119\">Familiarit\u00e0<\/strong>: Una predisposizione genetica pu\u00f2 aumentare il rischio di calcoli biliari.<\/li>\n<li data-start=\"1195\" data-end=\"1374\"><strong data-start=\"1197\" data-end=\"1208\">Farmaci<\/strong>: L\u2019uso di farmaci come quelli anti-colesterolo o le terapie ormonali a base di estrogeni pu\u00f2 alterare la composizione della bile e favorire la formazione di calcoli.<\/li>\n<\/ul>\n<p data-start=\"1376\" data-end=\"1601\" data-is-last-node=\"\" data-is-only-node=\"\">Questi fattori di rischio, combinati con meccanismi biochimici ancora in fase di studio, sono responsabili della formazione di calcoli biliari e dell\u2019aumento del rischio di complicanze come la colecistite e la colica biliare.<\/p>\n<p>[\/vc_column_text][\/vc_nested_tab][\/vc_nested_tabs][\/vc_accordion_tab][\/vc_accordion][\/vc_column][vc_column width=&#8221;1\/3&#8243;][vc_empty_space height=&#8221;90px&#8221;][vc_single_image image=&#8221;4511&#8243; img_size=&#8221;large&#8221; alignment=&#8221;right&#8221; css=&#8221;&#8221; el_class=&#8221;image-gallery-spacing&#8221;][vc_empty_space][\/vc_column][\/vc_row][vc_row top_margin=&#8221;page-margin-top-section&#8221; el_class=&#8221;flex-box&#8221;][vc_column width=&#8221;2\/3&#8243; el_class=&#8221;padding-bottom-128 column-limited&#8221;][vc_accordion][vc_accordion_tab title=&#8221;Fibromi Uterini: Cos\u2019\u00e8, Sintomi e Diagnosi&#8221; tab_id=&#8221;fibromi-uterini38e7-463d&#8221;][vc_nested_tabs][vc_nested_tab title=&#8221;Diagnosi&#8221; tab_id=&#8221;diagnosi-colecisti&#8221;][vc_column_text css=&#8221;&#8221;]<\/p>\n<p data-start=\"176\" data-end=\"600\">La <strong data-start=\"218\" data-end=\"254\">diagnosi della calcolosi biliare<\/strong> inizia con una visita medica completa, seguita da esami diagnostici specifici. L&#8217;<strong data-start=\"336\" data-end=\"357\">ecografia epatica<\/strong> \u00e8 considerata il <strong data-start=\"375\" data-end=\"392\">gold standard<\/strong> per rilevare i calcoli nella colecisti e le eventuali complicazioni. Tuttavia, se i calcoli si trovano nelle <strong data-start=\"502\" data-end=\"528\">vie biliari principali<\/strong> (coledoco), l&#8217;ecografia potrebbe non essere sufficientemente sensibile.<\/p>\n<p data-start=\"602\" data-end=\"1077\">La <strong data-start=\"605\" data-end=\"652\">colangio-risonanza magnetica (colangio-RMN)<\/strong> \u00e8 l&#8217;esame pi\u00f9 indicato per rilevare i calcoli biliari situati nelle vie biliari extraepatiche. Questa metodica consente una visualizzazione dettagliata della <strong data-start=\"811\" data-end=\"826\">via biliare<\/strong>, identificando possibili ostruzioni. La <strong data-start=\"867\" data-end=\"906\">Colangio-Pancreato-Risonanza (MRCP)<\/strong> \u00e8 una variante avanzata che permette di esaminare sia le vie biliari che il <strong data-start=\"983\" data-end=\"995\">pancreas<\/strong>, che pu\u00f2 essere colpito dalla patologia biliare, come la <strong data-start=\"1053\" data-end=\"1076\">pancreatite biliare<\/strong>.<\/p>\n<p data-start=\"1079\" data-end=\"1478\">La <strong data-start=\"1082\" data-end=\"1140\">Colangio-Pancreatografia Retrograda Endoscopica (CPRE)<\/strong>, che in passato veniva utilizzata anche per la diagnosi, \u00e8 ora riservata alle procedure terapeutiche, come la rimozione dei calcoli dalle vie biliari o interventi di drenaggio biliare. La <strong data-start=\"1329\" data-end=\"1377\">PTC (Colangiografia Percutanea Transepatica)<\/strong> viene utilizzata per le procedure terapeutiche quando altri metodi diagnostici non sono sufficienti.<\/p>\n<p data-start=\"1480\" data-end=\"2000\">La diagnosi si basa su un&#8217;accurata <strong data-start=\"1515\" data-end=\"1546\">analisi dei sintomi clinici<\/strong>, delle <strong data-start=\"1554\" data-end=\"1593\">alterazioni dei test di laboratorio<\/strong> e delle indagini strumentali. L&#8217;<strong data-start=\"1626\" data-end=\"1639\">ecografia<\/strong> \u00e8 l&#8217;indagine di primo livello per valutare la presenza di dilatazione dell\u2019albero biliare e per rilevare calcoli nella colecisti, anche se \u00e8 meno efficace nel rilevare i calcoli nelle <strong data-start=\"1824\" data-end=\"1850\">vie biliari principali<\/strong>. Se i calcoli sono presenti, \u00e8 fondamentale l&#8217;uso di <strong data-start=\"1904\" data-end=\"1936\">colangio-risonanza magnetica<\/strong> o <strong data-start=\"1939\" data-end=\"1971\">colangio-Pancreato-Risonanza<\/strong> per una diagnosi definitiva.<\/p>\n<p data-start=\"2002\" data-end=\"2382\">La <strong data-start=\"2005\" data-end=\"2035\">TAC con mezzo di contrasto<\/strong> \u00e8 utile nei casi in cui sia necessario un approfondimento, ma l&#8217;<strong data-start=\"2100\" data-end=\"2113\">ecografia<\/strong> rimane il test di base. L&#8217;ecografia \u00e8 un esame non invasivo e ampiamente disponibile, che consente una prima valutazione, ma la <strong data-start=\"2242\" data-end=\"2258\">colangio-RMN<\/strong> offre una visione pi\u00f9 completa della <strong data-start=\"2296\" data-end=\"2311\">via biliare<\/strong> e dei <strong data-start=\"2318\" data-end=\"2335\">dotti biliari<\/strong>, riducendo la necessit\u00e0 di esami pi\u00f9 invasivi.<\/p>\n<p>[\/vc_column_text][\/vc_nested_tab][vc_nested_tab title=&#8221;Trattamenti&#8221; tab_id=&#8221;trattamenti-colecisti&#8221;][vc_column_text css=&#8221;&#8221;]<\/p>\n<p data-start=\"266\" data-end=\"741\">Il trattamento standard per la <strong data-start=\"340\" data-end=\"355\">colecistite<\/strong> \u00e8 la <strong data-start=\"361\" data-end=\"374\">chirurgia<\/strong>, che prevede l&#8217;<strong data-start=\"390\" data-end=\"422\">asportazione della colecisti<\/strong>. Oggi, grazie alla <strong data-start=\"442\" data-end=\"467\">tecnica laparoscopica<\/strong>, questa procedura \u00e8 molto meno invasiva rispetto al passato. Nonostante la chirurgia laparoscopica sia generalmente sicura, il tasso di mortalit\u00e0 nei pazienti anziani o con comorbidit\u00e0 gravi pu\u00f2 arrivare al 14%\u201330%, specialmente nel trattamento della <strong data-start=\"719\" data-end=\"740\">colecistite acuta<\/strong>.<\/p>\n<p data-start=\"743\" data-end=\"1282\">Per i pazienti considerati <strong data-start=\"770\" data-end=\"781\">critici<\/strong>, la <strong data-start=\"786\" data-end=\"821\">colecistostomia percutanea (CP)<\/strong> guida l&#8217;imaging \u00e8 una procedura terapeutica importante. In questo trattamento, la colecistostomia \u00e8 eseguita sotto guida radiologica o ecografica, consentendo il drenaggio della colecisti e riducendo il rischio durante la fase acuta. Questo approccio permette di posticipare l&#8217;intervento chirurgico, riducendo il tasso di mortalit\u00e0. Per coloro che non possono essere operati, il drenaggio a lungo termine con colecistostomia rappresenta la soluzione di scelta.<\/p>\n<h3 data-start=\"1284\" data-end=\"1344\">Colangio-Pancreatografia Retrograda Endoscopica (ERCP)<\/h3>\n<p data-start=\"1345\" data-end=\"1871\">La <strong data-start=\"1348\" data-end=\"1406\">colangio-pancreatografia retrograda endoscopica (ERCP)<\/strong> \u00e8 un esame diagnostico e terapeutico fondamentale per trattare le ostruzioni delle <strong data-start=\"1490\" data-end=\"1505\">vie biliari<\/strong>. Durante l&#8217;ERCP, un tubo flessibile (endoscopio) viene introdotto attraverso la bocca fino al duodeno, dove si trova la <strong data-start=\"1626\" data-end=\"1646\">papilla di Vater<\/strong>, lo sfintere che regola l&#8217;ingresso della bile e degli enzimi pancreatici nel intestino. Un mezzo di contrasto viene iniettato attraverso un canale per visibilizzare la <strong data-start=\"1815\" data-end=\"1841\">via biliare principale<\/strong> e identificare le ostruzioni.<\/p>\n<p data-start=\"1873\" data-end=\"2224\">L&#8217;ERCP non \u00e8 solo diagnostico, ma anche terapeutico, permettendo la <strong data-start=\"1941\" data-end=\"1973\">rimozione di calcoli biliari<\/strong> o l&#8217;inserimento di <strong data-start=\"1993\" data-end=\"2010\">stent biliari<\/strong> per ripristinare il flusso della bile. Se l&#8217;ERCP non \u00e8 possibile o \u00e8 controindicato, si ricorre alla <strong data-start=\"2112\" data-end=\"2147\">colangiografia percutanea (PTC)<\/strong>, che viene effettuata in sala angiografica sotto guida ecografica o scopica.<\/p>\n<h3 data-start=\"2226\" data-end=\"2263\">Colangiografia Percutanea (PTC)<\/h3>\n<p data-start=\"2264\" data-end=\"2851\">La <strong data-start=\"2267\" data-end=\"2302\">colangiografia percutanea (PTC)<\/strong> \u00e8 una procedura invasiva utilizzata quando l&#8217;ERCP non pu\u00f2 essere eseguita. In caso di <strong data-start=\"2389\" data-end=\"2422\">dilatazione delle vie biliari<\/strong>, questa tecnica consente di individuare l&#8217;ostruzione e identificare la presenza di calcoli biliari. Durante la PTC, il radiologo interventista esegue una puntura percutanea delle <strong data-start=\"2602\" data-end=\"2631\">vie biliari intraepatiche<\/strong> e inietta un mezzo di contrasto per visualizzare l&#8217;ostruzione su uno schermo. Grazie all&#8217;uso dei raggi X e della guida ecografica, la PTC \u00e8 utile per diagnosticare e trattare patologie delle vie biliari in modo preciso.<\/p>\n<p>[\/vc_column_text][\/vc_nested_tab][\/vc_nested_tabs][\/vc_accordion_tab][\/vc_accordion][\/vc_column][vc_column width=&#8221;1\/3&#8243;][vc_empty_space height=&#8221;52px&#8221;][vc_single_image image=&#8221;4512&#8243; img_size=&#8221;large&#8221; alignment=&#8221;center&#8221; style=&#8221;vc_box_rounded&#8221; css=&#8221;&#8221;][\/vc_column][\/vc_row]<\/p>\n<\/div>","protected":false},"excerpt":{"rendered":"<p>[vc_row][vc_column width=&#8221;2\/3&#8243;][vc_empty_space][vc_accordion][vc_accordion_tab title=&#8221;Calcoli Biliari e Colecisti: Cause, Sintomi e Diagnosi&#8221; tab_id=&#8221;Calcoli-Biliari &#8220;][vc_nested_tabs][vc_nested_tab title=&#8221;Cosa sono&#8221; tab_id=&#8221;cosa-sono-colecisti&#8221;][vc_column_text css=&#8221;&#8221;] I calcoli biliari sono piccole formazioni solide che si sviluppano quando il colesterolo e i pigmenti biliari contenuti nella bile precipitano e si aggregano in cristalli. Con il tempo, questi cristalli possono unirsi formando calcoli di dimensioni variabili. In<\/p>\n","protected":false},"author":1,"featured_media":0,"parent":0,"menu_order":0,"comment_status":"closed","ping_status":"closed","template":"","meta":{"footnotes":""},"class_list":["post-4507","page","type-page","status-publish","hentry"],"yoast_head":"<!-- This site is optimized with the Yoast SEO plugin v26.7 - https:\/\/yoast.com\/wordpress\/plugins\/seo\/ -->\n<title>Calcolosi biliare -<\/title>\n<meta name=\"robots\" content=\"index, follow, max-snippet:-1, max-image-preview:large, max-video-preview:-1\" \/>\n<link rel=\"canonical\" href=\"https:\/\/tuttointerventistica.it\/index.php\/calcolosi-biliare\/\" \/>\n<meta property=\"og:locale\" content=\"en_US\" \/>\n<meta property=\"og:type\" content=\"article\" \/>\n<meta property=\"og:title\" content=\"Calcolosi biliare -\" \/>\n<meta property=\"og:description\" content=\"[vc_row][vc_column width=&#8221;2\/3&#8243;][vc_empty_space][vc_accordion][vc_accordion_tab title=&#8221;Calcoli Biliari e Colecisti: Cause, Sintomi e Diagnosi&#8221; tab_id=&#8221;Calcoli-Biliari &#8220;][vc_nested_tabs][vc_nested_tab title=&#8221;Cosa sono&#8221; tab_id=&#8221;cosa-sono-colecisti&#8221;][vc_column_text css=&#8221;&#8221;] I calcoli biliari sono piccole formazioni solide che si sviluppano quando il colesterolo e i pigmenti biliari contenuti nella bile precipitano e si aggregano in cristalli. Con il tempo, questi cristalli possono unirsi formando calcoli di dimensioni variabili. In\" \/>\n<meta property=\"og:url\" content=\"https:\/\/tuttointerventistica.it\/index.php\/calcolosi-biliare\/\" \/>\n<meta property=\"article:modified_time\" content=\"2025-03-01T10:07:26+00:00\" \/>\n<meta name=\"twitter:card\" content=\"summary_large_image\" \/>\n<meta name=\"twitter:label1\" content=\"Est. reading time\" \/>\n\t<meta name=\"twitter:data1\" content=\"8 minutes\" \/>\n<script type=\"application\/ld+json\" class=\"yoast-schema-graph\">{\"@context\":\"https:\/\/schema.org\",\"@graph\":[{\"@type\":\"WebPage\",\"@id\":\"https:\/\/tuttointerventistica.it\/index.php\/calcolosi-biliare\/\",\"url\":\"https:\/\/tuttointerventistica.it\/index.php\/calcolosi-biliare\/\",\"name\":\"Calcolosi biliare -\",\"isPartOf\":{\"@id\":\"https:\/\/tuttointerventistica.it\/#website\"},\"datePublished\":\"2025-03-01T10:03:21+00:00\",\"dateModified\":\"2025-03-01T10:07:26+00:00\",\"breadcrumb\":{\"@id\":\"https:\/\/tuttointerventistica.it\/index.php\/calcolosi-biliare\/#breadcrumb\"},\"inLanguage\":\"en-US\",\"potentialAction\":[{\"@type\":\"ReadAction\",\"target\":[\"https:\/\/tuttointerventistica.it\/index.php\/calcolosi-biliare\/\"]}]},{\"@type\":\"BreadcrumbList\",\"@id\":\"https:\/\/tuttointerventistica.it\/index.php\/calcolosi-biliare\/#breadcrumb\",\"itemListElement\":[{\"@type\":\"ListItem\",\"position\":1,\"name\":\"Home\",\"item\":\"https:\/\/tuttointerventistica.it\/\"},{\"@type\":\"ListItem\",\"position\":2,\"name\":\"Calcolosi biliare\"}]},{\"@type\":\"WebSite\",\"@id\":\"https:\/\/tuttointerventistica.it\/#website\",\"url\":\"https:\/\/tuttointerventistica.it\/\",\"name\":\"\",\"description\":\"\",\"potentialAction\":[{\"@type\":\"SearchAction\",\"target\":{\"@type\":\"EntryPoint\",\"urlTemplate\":\"https:\/\/tuttointerventistica.it\/?s={search_term_string}\"},\"query-input\":{\"@type\":\"PropertyValueSpecification\",\"valueRequired\":true,\"valueName\":\"search_term_string\"}}],\"inLanguage\":\"en-US\"}]}<\/script>\n<!-- \/ Yoast SEO plugin. -->","yoast_head_json":{"title":"Calcolosi biliare -","robots":{"index":"index","follow":"follow","max-snippet":"max-snippet:-1","max-image-preview":"max-image-preview:large","max-video-preview":"max-video-preview:-1"},"canonical":"https:\/\/tuttointerventistica.it\/index.php\/calcolosi-biliare\/","og_locale":"en_US","og_type":"article","og_title":"Calcolosi biliare -","og_description":"[vc_row][vc_column width=&#8221;2\/3&#8243;][vc_empty_space][vc_accordion][vc_accordion_tab title=&#8221;Calcoli Biliari e Colecisti: Cause, Sintomi e Diagnosi&#8221; tab_id=&#8221;Calcoli-Biliari &#8220;][vc_nested_tabs][vc_nested_tab title=&#8221;Cosa sono&#8221; tab_id=&#8221;cosa-sono-colecisti&#8221;][vc_column_text css=&#8221;&#8221;] I calcoli biliari sono piccole formazioni solide che si sviluppano quando il colesterolo e i pigmenti biliari contenuti nella bile precipitano e si aggregano in cristalli. Con il tempo, questi cristalli possono unirsi formando calcoli di dimensioni variabili. In","og_url":"https:\/\/tuttointerventistica.it\/index.php\/calcolosi-biliare\/","article_modified_time":"2025-03-01T10:07:26+00:00","twitter_card":"summary_large_image","twitter_misc":{"Est. reading time":"8 minutes"},"schema":{"@context":"https:\/\/schema.org","@graph":[{"@type":"WebPage","@id":"https:\/\/tuttointerventistica.it\/index.php\/calcolosi-biliare\/","url":"https:\/\/tuttointerventistica.it\/index.php\/calcolosi-biliare\/","name":"Calcolosi biliare -","isPartOf":{"@id":"https:\/\/tuttointerventistica.it\/#website"},"datePublished":"2025-03-01T10:03:21+00:00","dateModified":"2025-03-01T10:07:26+00:00","breadcrumb":{"@id":"https:\/\/tuttointerventistica.it\/index.php\/calcolosi-biliare\/#breadcrumb"},"inLanguage":"en-US","potentialAction":[{"@type":"ReadAction","target":["https:\/\/tuttointerventistica.it\/index.php\/calcolosi-biliare\/"]}]},{"@type":"BreadcrumbList","@id":"https:\/\/tuttointerventistica.it\/index.php\/calcolosi-biliare\/#breadcrumb","itemListElement":[{"@type":"ListItem","position":1,"name":"Home","item":"https:\/\/tuttointerventistica.it\/"},{"@type":"ListItem","position":2,"name":"Calcolosi biliare"}]},{"@type":"WebSite","@id":"https:\/\/tuttointerventistica.it\/#website","url":"https:\/\/tuttointerventistica.it\/","name":"","description":"","potentialAction":[{"@type":"SearchAction","target":{"@type":"EntryPoint","urlTemplate":"https:\/\/tuttointerventistica.it\/?s={search_term_string}"},"query-input":{"@type":"PropertyValueSpecification","valueRequired":true,"valueName":"search_term_string"}}],"inLanguage":"en-US"}]}},"_links":{"self":[{"href":"https:\/\/tuttointerventistica.it\/index.php\/wp-json\/wp\/v2\/pages\/4507","targetHints":{"allow":["GET"]}}],"collection":[{"href":"https:\/\/tuttointerventistica.it\/index.php\/wp-json\/wp\/v2\/pages"}],"about":[{"href":"https:\/\/tuttointerventistica.it\/index.php\/wp-json\/wp\/v2\/types\/page"}],"author":[{"embeddable":true,"href":"https:\/\/tuttointerventistica.it\/index.php\/wp-json\/wp\/v2\/users\/1"}],"replies":[{"embeddable":true,"href":"https:\/\/tuttointerventistica.it\/index.php\/wp-json\/wp\/v2\/comments?post=4507"}],"version-history":[{"count":6,"href":"https:\/\/tuttointerventistica.it\/index.php\/wp-json\/wp\/v2\/pages\/4507\/revisions"}],"predecessor-version":[{"id":4515,"href":"https:\/\/tuttointerventistica.it\/index.php\/wp-json\/wp\/v2\/pages\/4507\/revisions\/4515"}],"wp:attachment":[{"href":"https:\/\/tuttointerventistica.it\/index.php\/wp-json\/wp\/v2\/media?parent=4507"}],"curies":[{"name":"wp","href":"https:\/\/api.w.org\/{rel}","templated":true}]}}