{"id":4863,"date":"2025-03-04T14:44:47","date_gmt":"2025-03-04T14:44:47","guid":{"rendered":"https:\/\/stage.tuttointerventistica.it\/?page_id=4863"},"modified":"2025-03-07T15:12:33","modified_gmt":"2025-03-07T15:12:33","slug":"malformazioni-vascolari","status":"publish","type":"page","link":"https:\/\/tuttointerventistica.it\/index.php\/malformazioni-vascolari\/","title":{"rendered":"Malformazioni Vascolari"},"content":{"rendered":"<div class=\"wpb-content-wrapper\"><p>[vc_row][vc_column width=&#8221;2\/3&#8243;]<h3 class=\"sentence template-quote-2\">Malformazioni Vascolari: Trattamenti Avanzati con Radiologia Interventistica per Correggere Anomalie Senza Chirurgia Tradizionale. Approfitta di Soluzioni Personalizzate, Minori Rischi e Tempi di Recupero Ridotti<\/h3>[vc_empty_space][vc_accordion][vc_accordion_tab title=&#8221;Malformazioni Vascolari; Cosa sono e Classificazione&#8221; tab_id=&#8221;malformazioni-vascolari-cosa-sono&#8221;][vc_nested_tabs][vc_nested_tab title=&#8221;Cosa sono le Malformazioni Vascolari&#8221; tab_id=&#8221;malformazioni-vascolari&#8221;][vc_column_text css=&#8221;&#8221;]<\/p>\n<p data-start=\"176\" data-end=\"626\">Le <strong data-start=\"179\" data-end=\"206\">malformazioni vascolari<\/strong> sono un gruppo di anomalie congenite che colpiscono il sistema circolatorio, caratterizzate da alterazioni <strong data-start=\"314\" data-end=\"335\">morfo-strutturali<\/strong> e <strong data-start=\"338\" data-end=\"352\">funzionali<\/strong> di vario tipo, gravit\u00e0 ed estensione. Queste anomalie possono interessare ogni tipo di vaso sanguigno, che si tratti di <strong data-start=\"473\" data-end=\"484\">arterie<\/strong>, <strong data-start=\"486\" data-end=\"494\">vene<\/strong> o <strong data-start=\"497\" data-end=\"515\">vasi linfatici<\/strong>, e possono manifestarsi a qualsiasi livello del corpo, con variabili di <strong data-start=\"588\" data-end=\"599\">calibro<\/strong> e <strong data-start=\"602\" data-end=\"625\">distretto anatomico<\/strong>.<\/p>\n<p data-start=\"628\" data-end=\"898\">\u00c8 importante fare una distinzione tra le <strong data-start=\"669\" data-end=\"696\">malformazioni vascolari<\/strong> e i <strong data-start=\"701\" data-end=\"721\">tumori vascolari<\/strong> (come <strong data-start=\"728\" data-end=\"741\">emangiomi<\/strong> o <strong data-start=\"744\" data-end=\"755\">angiomi<\/strong>), poich\u00e9 le malformazioni non sono causate da una proliferazione anomala delle cellule, ma da un&#8217;alterazione dei vasi sanguigni gi\u00e0 esistenti.<\/p>\n<p>[\/vc_column_text][\/vc_nested_tab][vc_nested_tab title=&#8221;Classificazione delle malformazioni vascolari&#8221; tab_id=&#8221;classificazione-malformazioni-vascolari&#8221;][vc_column_text css=&#8221;&#8221;]<\/p>\n<p data-start=\"900\" data-end=\"1210\">La <strong data-start=\"903\" data-end=\"952\">classificazione delle malformazioni vascolari<\/strong> \u00e8 fondamentale per comprenderne la natura e il trattamento. La <strong data-start=\"1016\" data-end=\"1025\">ISSVA<\/strong> (International Society for the Study of Vascular Anomalies) ha stabilito una classificazione internazionale che rappresenta il riferimento principale per i professionisti del settore.<\/p>\n<p data-start=\"1212\" data-end=\"1284\">Le malformazioni vascolari sono suddivise in diverse categorie, tra cui:<\/p>\n<ul data-start=\"1285\" data-end=\"1757\">\n<li data-start=\"1285\" data-end=\"1354\"><strong data-start=\"1287\" data-end=\"1300\">Capillari<\/strong>: Piccoli vasi sanguigni che si dilatano anormalmente.<\/li>\n<li data-start=\"1355\" data-end=\"1429\"><strong data-start=\"1357\" data-end=\"1367\">Venose<\/strong>: Anomalie nelle vene che possono causare ristagno del sangue.<\/li>\n<li data-start=\"1430\" data-end=\"1517\"><strong data-start=\"1432\" data-end=\"1449\">Artero-venose<\/strong>: Anomalie che coinvolgono arterie e vene in un&#8217;unica malformazione.<\/li>\n<li data-start=\"1518\" data-end=\"1622\"><strong data-start=\"1520\" data-end=\"1534\">Linfatiche<\/strong>: Colpiscono il sistema linfatico, che aiuta a drenare i liquidi e le tossine dal corpo.<\/li>\n<li data-start=\"1623\" data-end=\"1757\"><strong data-start=\"1625\" data-end=\"1653\">Complesse e\/o sistemiche<\/strong>: Includono malformazioni che interessano pi\u00f9 di un tipo di vaso o che coinvolgono ampie aree del corpo.<\/li>\n<\/ul>\n<p data-start=\"1759\" data-end=\"2056\">Inoltre, alcune malformazioni sono classificate in base al flusso sanguigno, come quelle ad <strong data-start=\"1851\" data-end=\"1866\">alto flusso<\/strong> (tipiche delle artero-venose) e a <strong data-start=\"1901\" data-end=\"1917\">basso flusso<\/strong> (tipiche delle malformazioni venose e linfatiche), e ci sono anche <strong data-start=\"1985\" data-end=\"2004\">forme combinate<\/strong>, che presentano caratteristiche di entrambi i tipi.<\/p>\n<p>[\/vc_column_text][\/vc_nested_tab][\/vc_nested_tabs][\/vc_accordion_tab][\/vc_accordion][\/vc_column][vc_column width=&#8221;1\/3&#8243;][vc_empty_space height=&#8221;90px&#8221;][vc_single_image image=&#8221;5424&#8243; img_size=&#8221;large&#8221; alignment=&#8221;right&#8221; css=&#8221;&#8221; el_class=&#8221;image-gallery-spacing&#8221;][vc_empty_space][\/vc_column][\/vc_row][vc_row top_margin=&#8221;page-margin-top-section&#8221; el_class=&#8221;flex-box&#8221;][vc_column width=&#8221;2\/3&#8243; el_class=&#8221;padding-bottom-128 column-limited&#8221;][vc_accordion][vc_accordion_tab title=&#8221;Malformazioni Vascolari: Diagnosi e Trattamenti&#8221; tab_id=&#8221;diagnosi-e-trattamenti&#8221;][vc_nested_tabs][vc_nested_tab title=&#8221;Diagnosi&#8221; tab_id=&#8221;diagnosi-malformazioni-vascolari&#8221;][vc_column_text css=&#8221;&#8221;]<\/p>\n<p data-start=\"2106\" data-end=\"2332\">La <strong data-start=\"2109\" data-end=\"2121\">diagnosi<\/strong> delle malformazioni vascolari si basa su un&#8217;accurata valutazione clinica e anamnestica. Il medico raccoglie informazioni sulla storia familiare, sui sintomi presentati dal paziente e sui segni fisici osservati.<\/p>\n<p data-start=\"2334\" data-end=\"2633\">L&#8217;<strong data-start=\"2336\" data-end=\"2359\">imaging radiologico<\/strong> gioca un ruolo cruciale nell\u2019identificare con precisione la <strong data-start=\"2420\" data-end=\"2438\">localizzazione<\/strong> e l&#8217;<strong data-start=\"2443\" data-end=\"2457\">estensione<\/strong> della malformazione, nonch\u00e9 nel determinarne la natura (ad esempio, se si tratta di una malformazione venosa o artero-venosa). Le tecniche di imaging pi\u00f9 utilizzate includono:<\/p>\n<ul data-start=\"2634\" data-end=\"2982\">\n<li data-start=\"2634\" data-end=\"2743\"><strong data-start=\"2636\" data-end=\"2657\">Eco-color-doppler<\/strong>: Esame non invasivo che valuta il flusso sanguigno e la struttura dei vasi sanguigni.<\/li>\n<li data-start=\"2744\" data-end=\"2851\"><strong data-start=\"2746\" data-end=\"2774\">Risonanza Magnetica (RM)<\/strong>: Fornisce immagini dettagliate dei vasi sanguigni e dei tessuti circostanti.<\/li>\n<li data-start=\"2852\" data-end=\"2982\"><strong data-start=\"2854\" data-end=\"2888\">Tomografia Computerizzata (TC)<\/strong>: Utilizzata per visualizzare l&#8217;anatomia dei vasi sanguigni e identificare eventuali anomalie.<\/li>\n<\/ul>\n<p data-start=\"2984\" data-end=\"3198\">Questi esami permettono di classificare l&#8217;anomalia vascolare e di pianificare un trattamento appropriato. La diagnosi precisa \u00e8 essenziale per stabilire se il trattamento debba essere <strong data-start=\"3168\" data-end=\"3182\">palliativo<\/strong> o <strong data-start=\"3185\" data-end=\"3197\">curativo<\/strong>.<\/p>\n<p>[\/vc_column_text][\/vc_nested_tab][vc_nested_tab title=&#8221;Trattamenti&#8221; tab_id=&#8221;trattamenti&#8211;malformazioni-vascolari&#8221;][vc_column_text css=&#8221;&#8221;]<\/p>\n<div class=\"flex-1 overflow-hidden @container\/thread translate-y-[2rem] -mt-[2rem] pb-[1.5rem]\">\n<div class=\"relative h-full\">\n<div class=\"flex h-full flex-col overflow-y-auto [scrollbar-gutter:stable]\">\n<div class=\"flex flex-col text-sm\">\n<article class=\"w-full text-token-text-primary focus-visible:outline-2 focus-visible:outline-offset-[-4px]\" dir=\"auto\" data-testid=\"conversation-turn-55\" data-scroll-anchor=\"true\">\n<div class=\"m-auto text-base py-[18px] px-6\">\n<div class=\"mx-auto flex flex-1 text-base gap-4 md:gap-5 lg:gap-6 md:max-w-3xl\">\n<div class=\"group\/conversation-turn relative flex w-full min-w-0 flex-col agent-turn @xs\/thread:px-0 @sm\/thread:px-1.5 @md\/thread:px-4\">\n<div class=\"flex-col gap-1 md:gap-3\">\n<div class=\"flex max-w-full flex-col flex-grow\">\n<div class=\"min-h-8 text-message relative flex w-full flex-col items-end gap-2 whitespace-normal break-words text-start [.text-message+&amp;]:mt-5\" dir=\"auto\" data-message-author-role=\"assistant\" data-message-id=\"e4c28f56-724a-4a97-b047-9ddc455a8b3f\" data-message-model-slug=\"gpt-4o-mini\">\n<div class=\"flex w-full flex-col gap-1 empty:hidden first:pt-[3px]\">\n<div class=\"markdown prose w-full break-words dark:prose-invert light\">\n<p data-start=\"110\" data-end=\"365\">Il trattamento delle malformazioni vascolari dipende dal tipo di anomalia, dalla gravit\u00e0 della condizione e dalla zona anatomica coinvolta. I principali approcci terapeutici comprendono chirurgia, radiologia interventistica e, talvolta, terapie combinate.<\/p>\n<h4 data-start=\"367\" data-end=\"385\">Laser-Terapia<\/h4>\n<p data-start=\"386\" data-end=\"670\">La laser-terapia \u00e8 particolarmente utile per il trattamento delle malformazioni capillari, che sono caratterizzate da dilatazioni anomale dei piccoli vasi sanguigni. In questi casi, la chirurgia \u00e8 limitata, poich\u00e9 il laser \u00e8 in grado di trattare efficacemente le lesioni superficiali.<\/p>\n<h4 data-start=\"672\" data-end=\"725\">Trattamenti Sclerosanti per Malformazioni Venose<\/h4>\n<p data-start=\"726\" data-end=\"1089\">Per le malformazioni venose, uno degli approcci principali \u00e8 l\u2019uso di agenti sclerosanti iniettati nei vasi anomali. Questi agenti, somministrati sotto guida radiologica, aiutano a sigillare i vasi danneggiati e a prevenire il ristagno di sangue. La chirurgia pu\u00f2 essere utilizzata come trattamento complementare per rimuovere porzioni di vasi venosi danneggiati.<\/p>\n<h4 data-start=\"1091\" data-end=\"1146\">Trattamento Combinato per Malformazioni Linfatiche<\/h4>\n<p data-start=\"1147\" data-end=\"1543\">Le malformazioni linfatiche vengono trattate combinando chirurgia e radiologia interventistica. In alcuni casi, le tecniche di scleroterapia, eseguite sotto guida radiologica, si sono rivelate molto efficaci nel trattamento delle malformazioni linfatiche. Questi trattamenti, sebbene meno invasivi rispetto alla chirurgia tradizionale, possono essere pi\u00f9 duraturi e meno rischiosi in alcuni casi.<\/p>\n<h4 data-start=\"1545\" data-end=\"1593\">Trattamenti per Malformazioni Artero-Venose<\/h4>\n<p data-start=\"1594\" data-end=\"1926\">Le malformazioni artero-venose sono particolarmente complesse e richiedono interventi chirurgici radicali, come la resezione o la rimozione della zona patologica. In casi meno gravi, si pu\u00f2 optare per interventi palliativi, che riducono l\u2019effetto emodinamico della malformazione, migliorando cos\u00ec la funzionalit\u00e0 del vaso coinvolto.<\/p>\n<p data-start=\"1928\" data-end=\"2155\">Inoltre, l\u2019embolizzazione transcatetere delle arterie afferenti pu\u00f2 essere utilizzata per ridurre il flusso sanguigno verso la malformazione prima dell\u2019intervento chirurgico, limitando le perdite di sangue durante l\u2019operazione.<\/p>\n<h3 data-start=\"2157\" data-end=\"2188\">Approccio Multidisciplinare<\/h3>\n<p data-start=\"2189\" data-end=\"2521\">Le malformazioni vascolari richiedono un approccio multidisciplinare, con la collaborazione di chirurghi vascolari, radiologi interventisti, dermatologi, e altri specialisti. Poich\u00e9 ogni caso \u00e8 unico, \u00e8 fondamentale rivolgersi a centri specializzati che possano offrire un trattamento personalizzato e monitorato da un team esperto.<\/p>\n<h3 data-start=\"2523\" data-end=\"2538\">Conclusioni<\/h3>\n<p data-start=\"2539\" data-end=\"3045\">Le malformazioni vascolari rappresentano un gruppo eterogeneo di condizioni che richiedono diagnosi tempestive e trattamenti specializzati. Grazie ai progressi in radiologia interventistica e alle tecniche chirurgiche moderne, molte di queste anomalie possono essere trattate efficacemente, migliorando la qualit\u00e0 della vita dei pazienti. Se sospetti di avere una malformazione vascolare o se hai bisogno di maggiori informazioni, \u00e8 importante consultare uno specialista in centri ad alta specializzazione.<\/p>\n<\/div>\n<\/div>\n<\/div>\n<\/div>\n<\/div>\n<\/div>\n<\/div>\n<\/div>\n<\/article>\n<\/div>\n<\/div>\n<\/div>\n<\/div>\n<p>&nbsp;<\/p>\n<p>[\/vc_column_text][\/vc_nested_tab][\/vc_nested_tabs][\/vc_accordion_tab][\/vc_accordion][\/vc_column][vc_column width=&#8221;1\/3&#8243;][vc_empty_space][vc_single_image image=&#8221;4869&#8243; img_size=&#8221;large&#8221; alignment=&#8221;center&#8221; style=&#8221;vc_box_rounded&#8221; css=&#8221;&#8221;][vc_empty_space][vc_single_image image=&#8221;4868&#8243; img_size=&#8221;large&#8221; alignment=&#8221;center&#8221; style=&#8221;vc_box_rounded&#8221; css=&#8221;&#8221;][vc_empty_space height=&#8221;10px&#8221;][vc_column_text css=&#8221;&#8221;]<\/p>\n<h5 style=\"text-align: center;\">Arteriovenous malformation of the maxillofacial district: selective arteriography performed before and immediately after embolization<\/h5>\n<p>[\/vc_column_text][\/vc_column][\/vc_row]<\/p>\n<\/div>","protected":false},"excerpt":{"rendered":"<p>[vc_row][vc_column width=&#8221;2\/3&#8243;][vc_empty_space][vc_accordion][vc_accordion_tab title=&#8221;Malformazioni Vascolari; Cosa sono e Classificazione&#8221; tab_id=&#8221;malformazioni-vascolari-cosa-sono&#8221;][vc_nested_tabs][vc_nested_tab title=&#8221;Cosa sono le Malformazioni Vascolari&#8221; tab_id=&#8221;malformazioni-vascolari&#8221;][vc_column_text css=&#8221;&#8221;] Le malformazioni vascolari sono un gruppo di anomalie congenite che colpiscono il sistema circolatorio, caratterizzate da alterazioni morfo-strutturali e funzionali di vario tipo, gravit\u00e0 ed estensione. Queste anomalie possono interessare ogni tipo di vaso sanguigno, che si tratti di<\/p>\n","protected":false},"author":1,"featured_media":0,"parent":0,"menu_order":0,"comment_status":"closed","ping_status":"closed","template":"","meta":{"footnotes":""},"class_list":["post-4863","page","type-page","status-publish","hentry"],"yoast_head":"<!-- This site is optimized with the Yoast SEO plugin v26.7 - https:\/\/yoast.com\/wordpress\/plugins\/seo\/ -->\n<title>Malformazioni Vascolari -<\/title>\n<meta name=\"description\" content=\"Trattamento delle malformazioni vascolari con laser, sclerosoterapia e chirurgia per soluzioni efficaci e durature.\" \/>\n<meta name=\"robots\" content=\"index, follow, max-snippet:-1, max-image-preview:large, max-video-preview:-1\" \/>\n<link rel=\"canonical\" href=\"https:\/\/tuttointerventistica.it\/index.php\/malformazioni-vascolari\/\" \/>\n<meta property=\"og:locale\" content=\"en_US\" \/>\n<meta property=\"og:type\" content=\"article\" \/>\n<meta property=\"og:title\" content=\"Malformazioni Vascolari -\" \/>\n<meta property=\"og:description\" content=\"Trattamento delle malformazioni vascolari con laser, sclerosoterapia e chirurgia per soluzioni efficaci e durature.\" \/>\n<meta property=\"og:url\" content=\"https:\/\/tuttointerventistica.it\/index.php\/malformazioni-vascolari\/\" \/>\n<meta property=\"article:modified_time\" content=\"2025-03-07T15:12:33+00:00\" \/>\n<meta name=\"twitter:card\" content=\"summary_large_image\" \/>\n<meta name=\"twitter:label1\" content=\"Est. reading time\" \/>\n\t<meta name=\"twitter:data1\" content=\"5 minutes\" \/>\n<script type=\"application\/ld+json\" class=\"yoast-schema-graph\">{\"@context\":\"https:\/\/schema.org\",\"@graph\":[{\"@type\":\"WebPage\",\"@id\":\"https:\/\/tuttointerventistica.it\/index.php\/malformazioni-vascolari\/\",\"url\":\"https:\/\/tuttointerventistica.it\/index.php\/malformazioni-vascolari\/\",\"name\":\"Malformazioni Vascolari -\",\"isPartOf\":{\"@id\":\"https:\/\/tuttointerventistica.it\/#website\"},\"datePublished\":\"2025-03-04T14:44:47+00:00\",\"dateModified\":\"2025-03-07T15:12:33+00:00\",\"description\":\"Trattamento delle malformazioni vascolari con laser, sclerosoterapia e chirurgia per soluzioni efficaci e durature.\",\"breadcrumb\":{\"@id\":\"https:\/\/tuttointerventistica.it\/index.php\/malformazioni-vascolari\/#breadcrumb\"},\"inLanguage\":\"en-US\",\"potentialAction\":[{\"@type\":\"ReadAction\",\"target\":[\"https:\/\/tuttointerventistica.it\/index.php\/malformazioni-vascolari\/\"]}]},{\"@type\":\"BreadcrumbList\",\"@id\":\"https:\/\/tuttointerventistica.it\/index.php\/malformazioni-vascolari\/#breadcrumb\",\"itemListElement\":[{\"@type\":\"ListItem\",\"position\":1,\"name\":\"Home\",\"item\":\"https:\/\/tuttointerventistica.it\/\"},{\"@type\":\"ListItem\",\"position\":2,\"name\":\"Malformazioni Vascolari\"}]},{\"@type\":\"WebSite\",\"@id\":\"https:\/\/tuttointerventistica.it\/#website\",\"url\":\"https:\/\/tuttointerventistica.it\/\",\"name\":\"\",\"description\":\"\",\"potentialAction\":[{\"@type\":\"SearchAction\",\"target\":{\"@type\":\"EntryPoint\",\"urlTemplate\":\"https:\/\/tuttointerventistica.it\/?s={search_term_string}\"},\"query-input\":{\"@type\":\"PropertyValueSpecification\",\"valueRequired\":true,\"valueName\":\"search_term_string\"}}],\"inLanguage\":\"en-US\"}]}<\/script>\n<!-- \/ Yoast SEO plugin. -->","yoast_head_json":{"title":"Malformazioni Vascolari -","description":"Trattamento delle malformazioni vascolari con laser, sclerosoterapia e chirurgia per soluzioni efficaci e durature.","robots":{"index":"index","follow":"follow","max-snippet":"max-snippet:-1","max-image-preview":"max-image-preview:large","max-video-preview":"max-video-preview:-1"},"canonical":"https:\/\/tuttointerventistica.it\/index.php\/malformazioni-vascolari\/","og_locale":"en_US","og_type":"article","og_title":"Malformazioni Vascolari -","og_description":"Trattamento delle malformazioni vascolari con laser, sclerosoterapia e chirurgia per soluzioni efficaci e durature.","og_url":"https:\/\/tuttointerventistica.it\/index.php\/malformazioni-vascolari\/","article_modified_time":"2025-03-07T15:12:33+00:00","twitter_card":"summary_large_image","twitter_misc":{"Est. reading time":"5 minutes"},"schema":{"@context":"https:\/\/schema.org","@graph":[{"@type":"WebPage","@id":"https:\/\/tuttointerventistica.it\/index.php\/malformazioni-vascolari\/","url":"https:\/\/tuttointerventistica.it\/index.php\/malformazioni-vascolari\/","name":"Malformazioni Vascolari -","isPartOf":{"@id":"https:\/\/tuttointerventistica.it\/#website"},"datePublished":"2025-03-04T14:44:47+00:00","dateModified":"2025-03-07T15:12:33+00:00","description":"Trattamento delle malformazioni vascolari con laser, sclerosoterapia e chirurgia per soluzioni efficaci e durature.","breadcrumb":{"@id":"https:\/\/tuttointerventistica.it\/index.php\/malformazioni-vascolari\/#breadcrumb"},"inLanguage":"en-US","potentialAction":[{"@type":"ReadAction","target":["https:\/\/tuttointerventistica.it\/index.php\/malformazioni-vascolari\/"]}]},{"@type":"BreadcrumbList","@id":"https:\/\/tuttointerventistica.it\/index.php\/malformazioni-vascolari\/#breadcrumb","itemListElement":[{"@type":"ListItem","position":1,"name":"Home","item":"https:\/\/tuttointerventistica.it\/"},{"@type":"ListItem","position":2,"name":"Malformazioni Vascolari"}]},{"@type":"WebSite","@id":"https:\/\/tuttointerventistica.it\/#website","url":"https:\/\/tuttointerventistica.it\/","name":"","description":"","potentialAction":[{"@type":"SearchAction","target":{"@type":"EntryPoint","urlTemplate":"https:\/\/tuttointerventistica.it\/?s={search_term_string}"},"query-input":{"@type":"PropertyValueSpecification","valueRequired":true,"valueName":"search_term_string"}}],"inLanguage":"en-US"}]}},"_links":{"self":[{"href":"https:\/\/tuttointerventistica.it\/index.php\/wp-json\/wp\/v2\/pages\/4863","targetHints":{"allow":["GET"]}}],"collection":[{"href":"https:\/\/tuttointerventistica.it\/index.php\/wp-json\/wp\/v2\/pages"}],"about":[{"href":"https:\/\/tuttointerventistica.it\/index.php\/wp-json\/wp\/v2\/types\/page"}],"author":[{"embeddable":true,"href":"https:\/\/tuttointerventistica.it\/index.php\/wp-json\/wp\/v2\/users\/1"}],"replies":[{"embeddable":true,"href":"https:\/\/tuttointerventistica.it\/index.php\/wp-json\/wp\/v2\/comments?post=4863"}],"version-history":[{"count":11,"href":"https:\/\/tuttointerventistica.it\/index.php\/wp-json\/wp\/v2\/pages\/4863\/revisions"}],"predecessor-version":[{"id":4877,"href":"https:\/\/tuttointerventistica.it\/index.php\/wp-json\/wp\/v2\/pages\/4863\/revisions\/4877"}],"wp:attachment":[{"href":"https:\/\/tuttointerventistica.it\/index.php\/wp-json\/wp\/v2\/media?parent=4863"}],"curies":[{"name":"wp","href":"https:\/\/api.w.org\/{rel}","templated":true}]}}