{"id":5064,"date":"2025-03-05T15:24:03","date_gmt":"2025-03-05T15:24:03","guid":{"rendered":"https:\/\/stage.tuttointerventistica.it\/?page_id=5064"},"modified":"2025-03-05T15:27:22","modified_gmt":"2025-03-05T15:27:22","slug":"sindrome-del-dolore-sacro-iliaco","status":"publish","type":"page","link":"https:\/\/tuttointerventistica.it\/index.php\/sindrome-del-dolore-sacro-iliaco\/","title":{"rendered":"Sindrome del Dolore Sacro Iliaco"},"content":{"rendered":"<div class=\"wpb-content-wrapper\"><p>[vc_row][vc_column width=&#8221;2\/3&#8243;]<h3 class=\"sentence template-quote-2\">La radiologia interventistica offre soluzioni all'avanguardia per il trattamento della sacroileite, sfruttando tecniche minimamente invasive che mirano a ridurre il dolore e migliorare la qualit\u00e0 della vita. Con l'utilizzo di tecnologie avanzate e sotto guida radiologica, \u00e8 possibile intervenire direttamente sulle aree dolorose, offrendo risultati rapidi e duraturi.<\/h3>[vc_empty_space][vc_accordion][vc_accordion_tab title=&#8221;Sindrome del Dolore Sacro-Iliaco e Sacroileite: Cos\u2019\u00e8, Sintomi e Cauuse&#8221; tab_id=&#8221;sindrome-dolore&#8221;][vc_nested_tabs][vc_nested_tab title=&#8221;Cos\u2019\u00e8 la Sindrome del Dolore Sacro-Iliaco e Sacroileite&#8221; tab_id=&#8221;sindrome-doloresacro&#8221;][vc_column_text css=&#8221;&#8221;]<\/p>\n<p data-start=\"292\" data-end=\"721\">La <strong data-start=\"295\" data-end=\"310\">sacroileite<\/strong> \u00e8 una patologia infiammatoria che colpisce l\u2019articolazione sacro-iliaca, localizzata nel bacino, tra il sacro e l\u2019osso iliaco. Questo disturbo pu\u00f2 manifestarsi in due forme: monolaterale, cio\u00e8 su un solo lato del corpo, o bilaterale, interessando entrambi i lati. Sebbene in alcuni casi la sacroileite possa risolversi in modo spontaneo, in altri pu\u00f2 diventare cronica, con episodi ricorrenti di infiammazione.<\/p>\n<h3 data-start=\"723\" data-end=\"755\">L\u2019articolazione Sacro-Iliaca<\/h3>\n<p data-start=\"756\" data-end=\"1156\">L\u2019articolazione sacro-iliaca gioca un ruolo fondamentale nel sostenere il peso della colonna vertebrale e nel trasmetterlo agli arti inferiori. Si tratta di un&#8217;articolazione a forma di cuneo che collega il sacro e l&#8217;osso iliaco, stabilizzata da una capsula articolare. Quando questa articolazione \u00e8 infiammata, la trasmissione del peso viene compromessa, portando a dolore e difficolt\u00e0 nei movimenti.<\/p>\n<p>[\/vc_column_text][\/vc_nested_tab][vc_nested_tab title=&#8221;Sintomi &#8221; tab_id=&#8221;sintomi-doloresacro&#8221;][vc_column_text css=&#8221;&#8221;]<\/p>\n<p data-start=\"2384\" data-end=\"2832\">Il sintomo principale della sacroileite \u00e8 il dolore, che si localizza nella parte bassa della schiena e nella zona dei glutei. Il dolore pu\u00f2 irradiarsi lungo la coscia senza mai arrivare al piede, come accade invece nella sciatica. Di solito, il dolore peggiora di notte, spesso intorno alle 3 del mattino, e si allevia con il movimento. In alcuni casi, il dolore pu\u00f2 anche essere evocato dal medico mediante digitopressione sulla zona interessata.<\/p>\n<p data-start=\"2834\" data-end=\"3151\">I pazienti con sacroileite cronica possono sperimentare anche una riduzione dell&#8217;elasticit\u00e0 della colonna vertebrale, difficolt\u00e0 nella flessione e una sensazione di stanchezza dovuta all\u2019infiammazione. In caso di zoppia, \u00e8 necessario escludere altre patologie, come le malattie degenerative o infiammatorie dell\u2019anca.<\/p>\n<p data-start=\"3153\" data-end=\"3184\">I sintomi principali includono:<\/p>\n<ul data-start=\"3185\" data-end=\"3416\">\n<li data-start=\"3185\" data-end=\"3253\">Dolore profondo e mal localizzabile nella regione lombare e glutea<\/li>\n<li data-start=\"3254\" data-end=\"3298\">Impossibilit\u00e0 a sdraiarsi sul lato dolente<\/li>\n<li data-start=\"3299\" data-end=\"3348\">Impossibilit\u00e0 a stare seduti per lunghi periodi<\/li>\n<li data-start=\"3349\" data-end=\"3416\">Rigidit\u00e0 mattutina, che migliora dopo circa mezz\u2019ora di movimento<\/li>\n<\/ul>\n<p>[\/vc_column_text][\/vc_nested_tab][vc_nested_tab title=&#8221;Cause&#8221; tab_id=&#8221;cause-doloresacro&#8221;][vc_column_text css=&#8221;&#8221;]<\/p>\n<p data-start=\"1186\" data-end=\"1328\">La sacroileite pu\u00f2 essere causata da diverse condizioni, che si dividono in due categorie principali: cause non reumatiche e cause reumatiche.<\/p>\n<h4 data-start=\"1330\" data-end=\"1355\">Cause Non Reumatiche<\/h4>\n<ol data-start=\"1356\" data-end=\"1707\">\n<li data-start=\"1356\" data-end=\"1522\"><strong data-start=\"1359\" data-end=\"1381\">Traumi o Incidenti<\/strong>: Lesioni fisiche o incidenti che coinvolgono la zona pelvica o la colonna vertebrale possono provocare danni all\u2019articolazione sacro-iliaca.<\/li>\n<li data-start=\"1523\" data-end=\"1707\"><strong data-start=\"1526\" data-end=\"1539\">Posturali<\/strong>: Posizioni scorrette, dismetrie degli arti inferiori o modifiche dovute alla gravidanza possono mettere stress sull&#8217;articolazione, contribuendo alla sua infiammazione.<\/li>\n<\/ol>\n<h4 data-start=\"1709\" data-end=\"1730\">Cause Reumatiche<\/h4>\n<p data-start=\"1731\" data-end=\"1802\">In alcuni casi, la sacroileite \u00e8 associata a malattie reumatiche, come:<\/p>\n<ul data-start=\"1803\" data-end=\"2352\">\n<li data-start=\"1803\" data-end=\"1925\"><strong data-start=\"1805\" data-end=\"1829\">Rettocolite Ulcerosa<\/strong>: Un&#8217;infiammazione del tratto intestinale che provoca diarrea sanguinolenta e dolori addominali.<\/li>\n<li data-start=\"1926\" data-end=\"2044\"><strong data-start=\"1928\" data-end=\"1946\">Morbo di Crohn<\/strong>: Un&#8217;infiammazione cronica del tratto gastrointestinale che pu\u00f2 causare ulcere, stenosi e fistole.<\/li>\n<li data-start=\"2045\" data-end=\"2161\"><strong data-start=\"2047\" data-end=\"2059\">Psoriasi<\/strong>: Una condizione della pelle che pu\u00f2 anche interessare le articolazioni, inclusa la zona sacro-iliaca.<\/li>\n<li data-start=\"2162\" data-end=\"2352\"><strong data-start=\"2164\" data-end=\"2196\">Spondilite Anchilosante (SA)<\/strong>: Una malattia infiammatoria cronica che colpisce le articolazioni della colonna vertebrale e le articolazioni sacro-iliache, comportando rigidit\u00e0 e dolore.<\/li>\n<\/ul>\n<p>[\/vc_column_text][\/vc_nested_tab][\/vc_nested_tabs][\/vc_accordion_tab][\/vc_accordion][\/vc_column][vc_column width=&#8221;1\/3&#8243;][vc_empty_space height=&#8221;90px&#8221;][vc_single_image image=&#8221;5068&#8243; img_size=&#8221;large&#8221; alignment=&#8221;right&#8221; css=&#8221;&#8221; el_class=&#8221;image-gallery-spacing&#8221;][vc_empty_space][\/vc_column][\/vc_row][vc_row top_margin=&#8221;page-margin-top-section&#8221; el_class=&#8221;flex-box&#8221;][vc_column width=&#8221;2\/3&#8243; el_class=&#8221;padding-bottom-128 column-limited&#8221;][vc_accordion][vc_accordion_tab title=&#8221;Sindrome del Dolore Sacro Iliaco: Diagnosi e Trattamenti&#8221; tab_id=&#8221;diagnosi-trattamenti&#8221;][vc_nested_tabs][vc_nested_tab title=&#8221;Diagnosi&#8221; tab_id=&#8221;diagnosi-doloresacro&#8221;][vc_column_text css=&#8221;&#8221;]<\/p>\n<p data-start=\"3449\" data-end=\"3870\">La diagnosi della sacroileite richiede una valutazione approfondita da parte del medico, che prende in considerazione una combinazione di sintomi clinici, esami strumentali e test laboratoristici. Poich\u00e9 la sacroileite pu\u00f2 presentarsi con sintomi variabili e talvolta confondibili con altre patologie, \u00e8 fondamentale un approccio diagnostico accurato. L&#8217;identificazione precoce della condizione consente di adottare tempestivamente il trattamento pi\u00f9 adeguato, migliorando significativamente la qualit\u00e0 della vita del paziente. La diagnosi si basa su diversi fattori, che includono l&#8217;et\u00e0 del paziente, la natura del dolore, i risultati delle indagini radiologiche, la presenza di segni clinici specifici e l&#8217;analisi dei marcatori genetici. L&#8217;approccio diagnostico \u00e8 quindi multidimensionale e integra diversi strumenti e tecniche per ottenere una diagnosi definitiva. Di seguito sono elencati i principali criteri utilizzati per diagnosticare la sacroileite.<\/p>\n<ul>\n<li data-start=\"3449\" data-end=\"3870\"><strong data-start=\"112\" data-end=\"130\">Et\u00e0 di esordio<\/strong>: Il dolore lombare o gluteo si manifesta prima dei 40 anni, e persiste per oltre tre mesi senza miglioramenti significativi.<\/li>\n<li data-start=\"3449\" data-end=\"3870\"><strong data-start=\"260\" data-end=\"279\">Dolore notturno<\/strong>: Il dolore \u00e8 principalmente notturno, spesso causando il risveglio del paziente, e si localizza tipicamente nella regione glutea. In genere, il dolore migliora con il movimento, ma pu\u00f2 peggiorare con il riposo.<\/li>\n<li data-start=\"3449\" data-end=\"3870\"><strong data-start=\"495\" data-end=\"524\">Risonanza magnetica (RMN)<\/strong>: In fase iniziale, la RMN pu\u00f2 mostrare segni sfumati di infiammazione, come lieve riassorbimento osseo. Con il progredire della patologia, si possono osservare erosioni ossee o anchilosi (fusione delle ossa) a livello dell&#8217;articolazione sacroiliaca.<\/li>\n<li data-start=\"3449\" data-end=\"3870\"><strong data-start=\"779\" data-end=\"796\">Esami ematici<\/strong>: Sebbene gli esami del sangue risultino spesso normali, un fattore diagnostico importante \u00e8 il test per l&#8217;antigene di istocompatibilit\u00e0 <strong data-start=\"933\" data-end=\"944\" data-is-only-node=\"\">HLA-B27<\/strong>, che risulta positivo nel 70% dei pazienti con sacroileite.<\/li>\n<li data-start=\"3449\" data-end=\"3870\"><strong data-start=\"1010\" data-end=\"1040\">Caratteristiche del dolore<\/strong>: Il dolore si riduce con il movimento e si accentua in posizione seduta o con il riposo prolungato. Un altro segno distintivo \u00e8 la presenza di <strong data-start=\"1184\" data-end=\"1206\" data-is-only-node=\"\">rigidit\u00e0 mattutina<\/strong>, che migliora dopo circa 30 minuti di attivit\u00e0 fisica leggera.<\/li>\n<li data-start=\"3449\" data-end=\"3870\"><strong data-start=\"1274\" data-end=\"1297\">Diagnosi definitiva<\/strong>: La diagnosi definitiva di sacroileite viene confermata mediante un&#8217;iniezione sotto guida radiologica di una miscela di <strong data-start=\"1418\" data-end=\"1432\" data-is-only-node=\"\">anestetico<\/strong> e <strong data-start=\"1435\" data-end=\"1457\">anti-infiammatorio<\/strong> nella faccetta articolare colpita. Se il dolore scompare immediatamente dopo l&#8217;iniezione, la diagnosi \u00e8 confermata.<\/li>\n<li data-start=\"3449\" data-end=\"3870\"><strong data-start=\"1578\" data-end=\"1612\">Valutazione clinica aggiuntiva<\/strong>: Oltre ai fattori precedenti, \u00e8 fondamentale eseguire una valutazione per la presenza di altre <strong data-start=\"1708\" data-end=\"1719\" data-is-only-node=\"\">artriti<\/strong> (ad esempio alle mani o ai piedi), <strong data-start=\"1755\" data-end=\"1768\">tendiniti<\/strong> e <strong data-start=\"1771\" data-end=\"1783\">entesiti<\/strong>. L&#8217;utilizzo dell&#8217;<strong data-start=\"1801\" data-end=\"1839\">ecografia articolare power-Doppler<\/strong> pu\u00f2 essere utile per identificare segni di infiammazione nelle articolazioni.<\/li>\n<\/ul>\n<p>[\/vc_column_text][\/vc_nested_tab][vc_nested_tab title=&#8221;L&#8217;Approccio della Radiologia Interventistica&#8221; tab_id=&#8221;sintomi-fibromi-uterini1003-f044&#8243;][vc_column_text css=&#8221;&#8221;]<\/p>\n<p data-start=\"153\" data-end=\"842\">Quando il trattamento farmacologico non porta ai risultati sperati e il dolore persiste, il <strong data-start=\"245\" data-end=\"272\">Radiologo Interventista<\/strong> pu\u00f2 proporre trattamenti pi\u00f9 mirati per alleviare i sintomi. Un\u2019opzione comune \u00e8 l\u2019infiltrazione di <strong data-start=\"373\" data-end=\"385\">steroidi<\/strong> e <strong data-start=\"388\" data-end=\"402\">anestetici<\/strong> direttamente nell\u2019articolazione sacro-iliaca. Questa tecnica \u00e8 altamente efficace per ridurre l\u2019infiammazione e controllare il dolore. Se il trattamento risulta duraturo (oltre 6 mesi), potrebbe essere l\u2019unica soluzione necessaria, da affiancare eventualmente a <strong data-start=\"665\" data-end=\"681\" data-is-only-node=\"\">fisioterapia<\/strong> per migliorare la funzionalit\u00e0. Se il sollievo dura meno di 6 mesi, il medico pu\u00f2 suggerire una seconda opzione: la <strong data-start=\"798\" data-end=\"814\">denervazione<\/strong> tramite <strong data-start=\"823\" data-end=\"841\">Radiofrequenza<\/strong>.<\/p>\n<p data-start=\"844\" data-end=\"1366\">La <strong data-start=\"847\" data-end=\"882\">denervazione con Radiofrequenza<\/strong> \u00e8 una procedura minimamente invasiva che agisce sui nervi delle faccette articolari, causando un \u201cblocco\u201d del dolore. Gli aghi, posizionati con <strong data-start=\"1027\" data-end=\"1048\">guida radiologica<\/strong>, sono utilizzati per applicare <strong data-start=\"1080\" data-end=\"1119\">energia elettrica a bassa intensit\u00e0<\/strong>. Questa energia agisce sui piccoli nervi che trasmettono il dolore, intorpidendo l&#8217;area trattata e interrompendo la trasmissione del dolore stesso. Il risultato \u00e8 un significativo miglioramento del comfort e della qualit\u00e0 della vita del paziente.<\/p>\n<p data-start=\"1368\" data-end=\"1690\">Entrambe le tecniche sono eseguite con la massima precisione, grazie all\u2019esperienza del Radiologo Interventista, il quale guida la procedura attraverso monitoraggi radiologici avanzati. Questi trattamenti permettono di evitare opzioni chirurgiche pi\u00f9 invasive, offrendo un percorso terapeutico altamente efficace e mirato.<\/p>\n<p>[\/vc_column_text][\/vc_nested_tab][\/vc_nested_tabs][\/vc_accordion_tab][\/vc_accordion][\/vc_column][vc_column width=&#8221;1\/3&#8243;][vc_video link=&#8221;https:\/\/www.youtube.com\/watch?v=zvf8KsrIuzs&#8221; css=&#8221;&#8221;][\/vc_column][\/vc_row]<\/p>\n<\/div>","protected":false},"excerpt":{"rendered":"<p>[vc_row][vc_column width=&#8221;2\/3&#8243;][vc_empty_space][vc_accordion][vc_accordion_tab title=&#8221;Sindrome del Dolore Sacro-Iliaco e Sacroileite: Cos\u2019\u00e8, Sintomi e Cauuse&#8221; tab_id=&#8221;sindrome-dolore&#8221;][vc_nested_tabs][vc_nested_tab title=&#8221;Cos\u2019\u00e8 la Sindrome del Dolore Sacro-Iliaco e Sacroileite&#8221; tab_id=&#8221;sindrome-doloresacro&#8221;][vc_column_text css=&#8221;&#8221;] La sacroileite \u00e8 una patologia infiammatoria che colpisce l\u2019articolazione sacro-iliaca, localizzata nel bacino, tra il sacro e l\u2019osso iliaco. Questo disturbo pu\u00f2 manifestarsi in due forme: monolaterale, cio\u00e8 su un solo lato<\/p>\n","protected":false},"author":1,"featured_media":0,"parent":0,"menu_order":0,"comment_status":"closed","ping_status":"closed","template":"","meta":{"footnotes":""},"class_list":["post-5064","page","type-page","status-publish","hentry"],"yoast_head":"<!-- This site is optimized with the Yoast SEO plugin v26.7 - https:\/\/yoast.com\/wordpress\/plugins\/seo\/ -->\n<title>Sindrome del Dolore Sacro Iliaco -<\/title>\n<meta name=\"description\" content=\"Trattamenti per la Sindrome del Dolore Sacro Iliaco: infiltrazioni con steroidi e radiofrequenza per alleviare il dolore senza chirurgia.\" \/>\n<meta name=\"robots\" content=\"index, follow, max-snippet:-1, max-image-preview:large, max-video-preview:-1\" \/>\n<link rel=\"canonical\" href=\"https:\/\/tuttointerventistica.it\/index.php\/sindrome-del-dolore-sacro-iliaco\/\" \/>\n<meta property=\"og:locale\" content=\"en_US\" \/>\n<meta property=\"og:type\" content=\"article\" \/>\n<meta property=\"og:title\" content=\"Sindrome del Dolore Sacro Iliaco -\" \/>\n<meta property=\"og:description\" content=\"Trattamenti per la Sindrome del Dolore Sacro Iliaco: infiltrazioni con steroidi e radiofrequenza per alleviare il dolore senza chirurgia.\" \/>\n<meta property=\"og:url\" content=\"https:\/\/tuttointerventistica.it\/index.php\/sindrome-del-dolore-sacro-iliaco\/\" \/>\n<meta property=\"article:modified_time\" content=\"2025-03-05T15:27:22+00:00\" \/>\n<meta name=\"twitter:card\" content=\"summary_large_image\" \/>\n<meta name=\"twitter:label1\" content=\"Est. reading time\" \/>\n\t<meta name=\"twitter:data1\" content=\"6 minutes\" \/>\n<script type=\"application\/ld+json\" class=\"yoast-schema-graph\">{\"@context\":\"https:\/\/schema.org\",\"@graph\":[{\"@type\":\"WebPage\",\"@id\":\"https:\/\/tuttointerventistica.it\/index.php\/sindrome-del-dolore-sacro-iliaco\/\",\"url\":\"https:\/\/tuttointerventistica.it\/index.php\/sindrome-del-dolore-sacro-iliaco\/\",\"name\":\"Sindrome del Dolore Sacro Iliaco -\",\"isPartOf\":{\"@id\":\"https:\/\/tuttointerventistica.it\/#website\"},\"datePublished\":\"2025-03-05T15:24:03+00:00\",\"dateModified\":\"2025-03-05T15:27:22+00:00\",\"description\":\"Trattamenti per la Sindrome del Dolore Sacro Iliaco: infiltrazioni con steroidi e radiofrequenza per alleviare il dolore senza chirurgia.\",\"breadcrumb\":{\"@id\":\"https:\/\/tuttointerventistica.it\/index.php\/sindrome-del-dolore-sacro-iliaco\/#breadcrumb\"},\"inLanguage\":\"en-US\",\"potentialAction\":[{\"@type\":\"ReadAction\",\"target\":[\"https:\/\/tuttointerventistica.it\/index.php\/sindrome-del-dolore-sacro-iliaco\/\"]}]},{\"@type\":\"BreadcrumbList\",\"@id\":\"https:\/\/tuttointerventistica.it\/index.php\/sindrome-del-dolore-sacro-iliaco\/#breadcrumb\",\"itemListElement\":[{\"@type\":\"ListItem\",\"position\":1,\"name\":\"Home\",\"item\":\"https:\/\/tuttointerventistica.it\/\"},{\"@type\":\"ListItem\",\"position\":2,\"name\":\"Sindrome del Dolore Sacro Iliaco\"}]},{\"@type\":\"WebSite\",\"@id\":\"https:\/\/tuttointerventistica.it\/#website\",\"url\":\"https:\/\/tuttointerventistica.it\/\",\"name\":\"\",\"description\":\"\",\"potentialAction\":[{\"@type\":\"SearchAction\",\"target\":{\"@type\":\"EntryPoint\",\"urlTemplate\":\"https:\/\/tuttointerventistica.it\/?s={search_term_string}\"},\"query-input\":{\"@type\":\"PropertyValueSpecification\",\"valueRequired\":true,\"valueName\":\"search_term_string\"}}],\"inLanguage\":\"en-US\"}]}<\/script>\n<!-- \/ Yoast SEO plugin. -->","yoast_head_json":{"title":"Sindrome del Dolore Sacro Iliaco -","description":"Trattamenti per la Sindrome del Dolore Sacro Iliaco: infiltrazioni con steroidi e radiofrequenza per alleviare il dolore senza chirurgia.","robots":{"index":"index","follow":"follow","max-snippet":"max-snippet:-1","max-image-preview":"max-image-preview:large","max-video-preview":"max-video-preview:-1"},"canonical":"https:\/\/tuttointerventistica.it\/index.php\/sindrome-del-dolore-sacro-iliaco\/","og_locale":"en_US","og_type":"article","og_title":"Sindrome del Dolore Sacro Iliaco -","og_description":"Trattamenti per la Sindrome del Dolore Sacro Iliaco: infiltrazioni con steroidi e radiofrequenza per alleviare il dolore senza chirurgia.","og_url":"https:\/\/tuttointerventistica.it\/index.php\/sindrome-del-dolore-sacro-iliaco\/","article_modified_time":"2025-03-05T15:27:22+00:00","twitter_card":"summary_large_image","twitter_misc":{"Est. reading time":"6 minutes"},"schema":{"@context":"https:\/\/schema.org","@graph":[{"@type":"WebPage","@id":"https:\/\/tuttointerventistica.it\/index.php\/sindrome-del-dolore-sacro-iliaco\/","url":"https:\/\/tuttointerventistica.it\/index.php\/sindrome-del-dolore-sacro-iliaco\/","name":"Sindrome del Dolore Sacro Iliaco -","isPartOf":{"@id":"https:\/\/tuttointerventistica.it\/#website"},"datePublished":"2025-03-05T15:24:03+00:00","dateModified":"2025-03-05T15:27:22+00:00","description":"Trattamenti per la Sindrome del Dolore Sacro Iliaco: infiltrazioni con steroidi e radiofrequenza per alleviare il dolore senza chirurgia.","breadcrumb":{"@id":"https:\/\/tuttointerventistica.it\/index.php\/sindrome-del-dolore-sacro-iliaco\/#breadcrumb"},"inLanguage":"en-US","potentialAction":[{"@type":"ReadAction","target":["https:\/\/tuttointerventistica.it\/index.php\/sindrome-del-dolore-sacro-iliaco\/"]}]},{"@type":"BreadcrumbList","@id":"https:\/\/tuttointerventistica.it\/index.php\/sindrome-del-dolore-sacro-iliaco\/#breadcrumb","itemListElement":[{"@type":"ListItem","position":1,"name":"Home","item":"https:\/\/tuttointerventistica.it\/"},{"@type":"ListItem","position":2,"name":"Sindrome del Dolore Sacro Iliaco"}]},{"@type":"WebSite","@id":"https:\/\/tuttointerventistica.it\/#website","url":"https:\/\/tuttointerventistica.it\/","name":"","description":"","potentialAction":[{"@type":"SearchAction","target":{"@type":"EntryPoint","urlTemplate":"https:\/\/tuttointerventistica.it\/?s={search_term_string}"},"query-input":{"@type":"PropertyValueSpecification","valueRequired":true,"valueName":"search_term_string"}}],"inLanguage":"en-US"}]}},"_links":{"self":[{"href":"https:\/\/tuttointerventistica.it\/index.php\/wp-json\/wp\/v2\/pages\/5064","targetHints":{"allow":["GET"]}}],"collection":[{"href":"https:\/\/tuttointerventistica.it\/index.php\/wp-json\/wp\/v2\/pages"}],"about":[{"href":"https:\/\/tuttointerventistica.it\/index.php\/wp-json\/wp\/v2\/types\/page"}],"author":[{"embeddable":true,"href":"https:\/\/tuttointerventistica.it\/index.php\/wp-json\/wp\/v2\/users\/1"}],"replies":[{"embeddable":true,"href":"https:\/\/tuttointerventistica.it\/index.php\/wp-json\/wp\/v2\/comments?post=5064"}],"version-history":[{"count":7,"href":"https:\/\/tuttointerventistica.it\/index.php\/wp-json\/wp\/v2\/pages\/5064\/revisions"}],"predecessor-version":[{"id":5072,"href":"https:\/\/tuttointerventistica.it\/index.php\/wp-json\/wp\/v2\/pages\/5064\/revisions\/5072"}],"wp:attachment":[{"href":"https:\/\/tuttointerventistica.it\/index.php\/wp-json\/wp\/v2\/media?parent=5064"}],"curies":[{"name":"wp","href":"https:\/\/api.w.org\/{rel}","templated":true}]}}