{"id":5074,"date":"2025-03-05T15:52:33","date_gmt":"2025-03-05T15:52:33","guid":{"rendered":"https:\/\/stage.tuttointerventistica.it\/?page_id=5074"},"modified":"2025-03-05T15:53:27","modified_gmt":"2025-03-05T15:53:27","slug":"stenosi-vertebrale","status":"publish","type":"page","link":"https:\/\/tuttointerventistica.it\/index.php\/stenosi-vertebrale\/","title":{"rendered":"Stenosi Vertebrale"},"content":{"rendered":"<div class=\"wpb-content-wrapper\"><p>[vc_row][vc_column width=&#8221;2\/3&#8243;]<h3 class=\"sentence template-quote-2\">La radiologia interventistica offre trattamenti mini-invasivi altamente efficaci per la stenosi spinale lombare, riducendo il dolore e migliorando la funzionalit\u00e0 senza necessit\u00e0 di interventi chirurgici complessi. Tecniche come la neurolisi e la neurostimolazione delle radici nervose sono soluzioni sicure e rapide, che favoriscono il recupero del paziente in tempi brevi.<\/h3>[vc_empty_space][vc_accordion][vc_accordion_tab title=&#8221;Stenosi Vertebrale: Cos\u2019\u00e8, Sintomi e Cause&#8221; tab_id=&#8221;stenosi-vertebrale&#8221;][vc_nested_tabs][vc_nested_tab title=&#8221;Cos\u2019\u00e8 la Stenosi Vertebrale?&#8221; tab_id=&#8221;cos-e&#8221;][vc_column_text css=&#8221;&#8221;]<\/p>\n<p data-start=\"129\" data-end=\"491\">La <strong data-start=\"132\" data-end=\"154\">stenosi vertebrale<\/strong> \u00e8 un restringimento del canale spinale, che pu\u00f2 verificarsi a diversi livelli della colonna vertebrale: <strong data-start=\"259\" data-end=\"272\">cervicale<\/strong>, <strong data-start=\"274\" data-end=\"285\">dorsale<\/strong> e <strong data-start=\"288\" data-end=\"299\" data-is-only-node=\"\">lombare<\/strong>. Il canale spinale, che attraversa la colonna vertebrale, ospita il <strong data-start=\"368\" data-end=\"387\">midollo spinale<\/strong> e i nervi che da esso si diramano, ed \u00e8 fondamentale per il corretto funzionamento del sistema nervoso.<\/p>\n<p data-start=\"493\" data-end=\"799\">Le <strong data-start=\"496\" data-end=\"535\">aree pi\u00f9 frequentemente interessate<\/strong> sono il rachide <strong data-start=\"552\" data-end=\"563\">lombare<\/strong>, dove si verifica la <strong data-start=\"585\" data-end=\"604\">stenosi lombare<\/strong>, e il rachide <strong data-start=\"619\" data-end=\"632\" data-is-only-node=\"\">cervicale<\/strong>, che \u00e8 pi\u00f9 pericoloso poich\u00e9 il restringimento pu\u00f2 compromettere il <strong data-start=\"701\" data-end=\"720\">midollo spinale<\/strong> e i nervi, con il rischio di danni pi\u00f9 gravi e disabilit\u00e0 nei casi pi\u00f9 gravi.<\/p>\n<p data-start=\"801\" data-end=\"1147\">La <strong data-start=\"804\" data-end=\"823\">stenosi lombare<\/strong> \u00e8 una causa comune di <strong data-start=\"846\" data-end=\"859\">lombalgia<\/strong> nelle persone anziane e pu\u00f2 provocare anche un dolore simile alla <strong data-start=\"926\" data-end=\"938\">sciatica<\/strong>, che si irradia lungo la gamba a causa della compressione dei nervi spinali. La stenosi cervicale, pur essendo meno comune, \u00e8 altrettanto preoccupante per il rischio di lesioni a livello del midollo spinale.<\/p>\n<p>[\/vc_column_text][\/vc_nested_tab][vc_nested_tab title=&#8221;Sintomi&#8221; tab_id=&#8221;sintomi-stenosi&#8221;][vc_column_text css=&#8221;&#8221;]<\/p>\n<p data-start=\"133\" data-end=\"174\">I pazienti con <strong data-start=\"191\" data-end=\"218\">stenosi spinale lombare<\/strong> tipicamente sperimentano una storia di <strong data-start=\"258\" data-end=\"276\">mal di schiena<\/strong> e un progressivo disagio alle <strong data-start=\"307\" data-end=\"316\">gambe<\/strong>. I sintomi possono essere unilaterali o bilaterali e si manifestano in circa il 90% dei pazienti. In molti casi, questa condizione \u00e8 identificata come <strong data-start=\"468\" data-end=\"493\">claudicatio neurogena<\/strong>.<\/p>\n<p data-start=\"496\" data-end=\"545\">La <strong data-start=\"499\" data-end=\"524\">claudicatio neurogena<\/strong> \u00e8 caratterizzata da:<\/p>\n<ul data-start=\"546\" data-end=\"611\">\n<li data-start=\"546\" data-end=\"562\">Dolore diffuso<\/li>\n<li data-start=\"563\" data-end=\"575\">Formicolio<\/li>\n<li data-start=\"576\" data-end=\"611\">Crampi in una o entrambe le gambe<\/li>\n<\/ul>\n<p data-start=\"613\" data-end=\"791\">Questi sintomi sono causati dalla compressione delle <strong data-start=\"666\" data-end=\"687\">strutture nervose<\/strong> (nervi e membrane) nella <strong data-start=\"713\" data-end=\"732\">colonna lombare<\/strong>, che interferisce con la trasmissione dei segnali nervosi.<\/p>\n<p data-start=\"793\" data-end=\"1165\">I sintomi della stenosi spinale lombare sono generalmente <strong data-start=\"851\" data-end=\"873\">postura-dipendenti<\/strong>: tendono a peggiorare durante il cammino o quando si sollevano carichi, mentre i pazienti riferiscono un miglioramento dei sintomi quando sono seduti o adottano una postura <strong data-start=\"1047\" data-end=\"1067\">flessa in avanti<\/strong>. Il dolore pu\u00f2 manifestarsi durante la deambulazione o quando si sta in piedi per lunghi periodi.<\/p>\n<p data-start=\"1167\" data-end=\"1624\">La diagnosi della <strong data-start=\"1185\" data-end=\"1223\">stenosi del canale spinale lombare<\/strong> e la valutazione della sua gravit\u00e0 sono fondamentali per la progettazione di un trattamento adeguato. Tuttavia, \u00e8 importante sottolineare che esiste una scarsa correlazione tra la gravit\u00e0 dei sintomi e i risultati degli <strong data-start=\"1444\" data-end=\"1464\">studi di imaging<\/strong>. Per un trattamento efficace, \u00e8 necessario integrare i risultati degli esami radiologici con la valutazione clinica dei segni e sintomi riportati dal paziente.<\/p>\n<p>[\/vc_column_text][\/vc_nested_tab][vc_nested_tab title=&#8221;Cause&#8221; tab_id=&#8221;cause-stenosi&#8221;][vc_column_text css=&#8221;&#8221;]<\/p>\n<p data-start=\"194\" data-end=\"443\">La <strong data-start=\"197\" data-end=\"224\">stenosi spinale lombare<\/strong> \u00e8 causata principalmente dalla pressione sui nervi spinali, che pu\u00f2 derivare da cambiamenti degenerativi graduali della <strong data-start=\"345\" data-end=\"367\">colonna vertebrale<\/strong> legati all\u2019invecchiamento. Questa \u00e8 la causa pi\u00f9 comune di stenosi lombare.<\/p>\n<p data-start=\"445\" data-end=\"733\"><strong data-start=\"445\" data-end=\"456\">Artrite<\/strong> e <strong data-start=\"459\" data-end=\"486\">degenerazione artrosica<\/strong> delle <strong data-start=\"493\" data-end=\"516\">faccette articolari<\/strong> possono portare alla formazione di speroni ossei e ad alterazioni nelle articolazioni spinali, che provocano il restringimento del <strong data-start=\"648\" data-end=\"666\">canale spinale<\/strong> o del forame, attraverso il quale i nervi emergono dalla colonna.<\/p>\n<p data-start=\"735\" data-end=\"764\">Altre cause comuni includono:<\/p>\n<ul data-start=\"765\" data-end=\"1247\">\n<li data-start=\"765\" data-end=\"876\"><strong data-start=\"767\" data-end=\"810\">Degenerazione del disco intervertebrale<\/strong>, che pu\u00f2 portare a <strong data-start=\"830\" data-end=\"847\">ernie discali<\/strong> o a un <strong data-start=\"855\" data-end=\"866\">bulging<\/strong> del disco<\/li>\n<li data-start=\"877\" data-end=\"1025\"><strong data-start=\"879\" data-end=\"909\">Ispessimento dei legamenti<\/strong> all\u2019interno del canale vertebrale, come nel caso dell&#8217;<strong data-start=\"964\" data-end=\"1025\">ispessimento del legamento longitudinale posteriore (LLP)<\/strong><\/li>\n<li data-start=\"1026\" data-end=\"1063\"><strong data-start=\"1028\" data-end=\"1055\">Ipertrofia delle lamine<\/strong> spinali<\/li>\n<li data-start=\"1064\" data-end=\"1120\"><strong data-start=\"1066\" data-end=\"1078\">Scoliosi<\/strong> del rachide lombare e <strong data-start=\"1101\" data-end=\"1120\">spondilolistesi<\/strong><\/li>\n<li data-start=\"1121\" data-end=\"1247\">Presenza di <strong data-start=\"1135\" data-end=\"1159\">tessuti cicatriziali<\/strong> derivanti da interventi chirurgici precedenti, che possono comprimere le radici nervose<\/li>\n<\/ul>\n<p data-start=\"1249\" data-end=\"1761\">In caso di tessuto cicatriziale che comprime le radici nervose, il <strong data-start=\"1316\" data-end=\"1343\">Radiologo Interventista<\/strong> pu\u00f2 intervenire con una procedura minimamente invasiva. Utilizzando <strong data-start=\"1412\" data-end=\"1424\">cateteri<\/strong> sotto guida radiologica, \u00e8 possibile accedere al sito di compressione e eseguire una <strong data-start=\"1510\" data-end=\"1523\">neurolisi<\/strong>, dissociando il tessuto cicatriziale che &#8220;incarcera&#8221; le radici nervose. Successivamente, si pu\u00f2 eseguire <strong data-start=\"1629\" data-end=\"1650\">neurostimolazione<\/strong> delle radici nervose sensoriali e motorie, migliorando cos\u00ec il dolore e il disagio causato dalla compressione.<\/p>\n<hr data-start=\"1763\" data-end=\"1766\" \/>\n<p>[\/vc_column_text][\/vc_nested_tab][\/vc_nested_tabs][\/vc_accordion_tab][\/vc_accordion][\/vc_column][vc_column width=&#8221;1\/3&#8243;][vc_empty_space height=&#8221;90px&#8221;][vc_single_image image=&#8221;5077&#8243; img_size=&#8221;large&#8221; alignment=&#8221;right&#8221; css=&#8221;&#8221; el_class=&#8221;image-gallery-spacing&#8221;][\/vc_column][\/vc_row][vc_row top_margin=&#8221;page-margin-top-section&#8221; el_class=&#8221;flex-box&#8221;][vc_column width=&#8221;2\/3&#8243; el_class=&#8221;padding-bottom-128 column-limited&#8221;][vc_accordion][vc_accordion_tab title=&#8221;Stenosi Vertebrale: Diagnosi e Trattamenti&#8221; tab_id=&#8221;diagnosi-trattamenti&#8221;][vc_nested_tabs][vc_nested_tab title=&#8221;Diagnosi&#8221; tab_id=&#8221;diagnosi-stenosi&#8221;][vc_column_text css=&#8221;&#8221;]<\/p>\n<p data-start=\"209\" data-end=\"458\">La <strong data-start=\"212\" data-end=\"254\">diagnosi della stenosi spinale lombare<\/strong> inizia con una <strong data-start=\"270\" data-end=\"303\">accurata raccolta anamnestica<\/strong> e un esame obiettivo del paziente. Il medico esaminer\u00e0 i sintomi riferiti, indagando su ci\u00f2 che li migliora o li peggiora e da quanto tempo sono presenti.<\/p>\n<p data-start=\"460\" data-end=\"644\">L&#8217;esame obiettivo \u00e8 fondamentale per determinare la <strong data-start=\"512\" data-end=\"523\">gravit\u00e0<\/strong> della condizione, per stabilire se la stenosi \u00e8 la causa di sintomi come <strong data-start=\"597\" data-end=\"607\">dolore<\/strong>, <strong data-start=\"609\" data-end=\"622\">debolezza<\/strong> o <strong data-start=\"625\" data-end=\"643\">intorpidimento<\/strong>.<\/p>\n<p data-start=\"646\" data-end=\"903\">Anomalie nella <strong data-start=\"661\" data-end=\"680\">forza muscolare<\/strong> e nella <strong data-start=\"689\" data-end=\"704\">sensibilit\u00e0<\/strong> di specifiche aree del corpo, riscontrate durante l&#8217;esame obiettivo neurologico, possono fornire evidenze oggettive di una compressione cronica delle <strong data-start=\"855\" data-end=\"873\">radici nervose<\/strong> dovuta alla stenosi spinale.<\/p>\n<p data-start=\"905\" data-end=\"976\">I principali strumenti diagnostici per confermare la stenosi includono:<\/p>\n<ul data-start=\"977\" data-end=\"1498\">\n<li data-start=\"977\" data-end=\"1069\"><strong data-start=\"979\" data-end=\"1004\">Radiografie (raggi X)<\/strong>: Per identificare anomalie strutturali nella colonna vertebrale.<\/li>\n<li data-start=\"1070\" data-end=\"1176\"><strong data-start=\"1072\" data-end=\"1101\">Risonanza magnetica (MRI)<\/strong>: Esame fondamentale per visualizzare il canale spinale e le sue strutture.<\/li>\n<li data-start=\"1177\" data-end=\"1332\"><strong data-start=\"1179\" data-end=\"1214\">Tomografia computerizzata (TAC)<\/strong>: Fornisce immagini dettagliate della colonna vertebrale, utile per identificare il restringimento del canale spinale.<\/li>\n<li data-start=\"1333\" data-end=\"1498\"><strong data-start=\"1335\" data-end=\"1367\">Test elettromiografici (EMG)<\/strong>: Utilizzati per valutare la funzionalit\u00e0 dei nervi e dei muscoli, evidenziando eventuali danni causati dalla compressione nervosa.<\/li>\n<\/ul>\n<p data-start=\"1500\" data-end=\"1626\">Questi esami, combinati con i sintomi clinici, aiutano il medico a formulare un piano di trattamento adeguato per il paziente.<\/p>\n<hr data-start=\"1628\" data-end=\"1631\" \/>\n<p>[\/vc_column_text][\/vc_nested_tab][vc_nested_tab title=&#8221;Trattamenti&#8221; tab_id=&#8221;trattamenti-stenosi&#8221;][vc_column_text css=&#8221;&#8221;]<\/p>\n<p data-start=\"339\" data-end=\"694\">La <strong data-start=\"342\" data-end=\"369\">stenosi spinale lombare<\/strong> pu\u00f2 essere trattata efficacemente con approcci mini-invasivi eseguiti dal <strong data-start=\"444\" data-end=\"471\">Radiologo Interventista<\/strong>, particolarmente quando il trattamento conservativo non produce risultati soddisfacenti. Le tecniche utilizzate mirano a ridurre la compressione nervosa e alleviare il dolore, evitando l\u2019intervento chirurgico tradizionale.<\/p>\n<p data-start=\"696\" data-end=\"760\">Le principali procedure di radiologia interventistica includono:<\/p>\n<ol>\n<li data-start=\"696\" data-end=\"760\"><strong data-start=\"765\" data-end=\"803\">Neurolisi per tessuto cicatriziale<\/strong><br data-start=\"803\" data-end=\"806\" \/>Quando la stenosi \u00e8 causata da <strong data-start=\"840\" data-end=\"864\">tessuto cicatriziale<\/strong> che comprime le radici nervose, viene utilizzato un <strong data-start=\"917\" data-end=\"929\">catetere<\/strong> sottile, inserito sotto guida <strong data-start=\"960\" data-end=\"975\">radiologica<\/strong>, per raggiungere e trattare l&#8217;area di fibrosi. La <strong data-start=\"1026\" data-end=\"1039\" data-is-only-node=\"\">neurolisi<\/strong> prevede l&#8217;iniezione di <strong data-start=\"1063\" data-end=\"1088\">soluzione fisiologica<\/strong> per separare il tessuto cicatriziale dalle radici nervose, riducendo la pressione sui nervi e migliorando il flusso nervoso.<\/li>\n<li data-start=\"696\" data-end=\"760\"><strong data-start=\"1218\" data-end=\"1260\">Neurostimolazione delle radici nervose<\/strong><br data-start=\"1260\" data-end=\"1263\" \/>In seguito alla neurolisi, pu\u00f2 essere eseguita la <strong data-start=\"1316\" data-end=\"1337\">neurostimolazione<\/strong> delle radici nervose, utilizzando lo stesso catetere. Questo processo prevede l&#8217;invio di <strong data-start=\"1427\" data-end=\"1458\">piccole scariche elettriche<\/strong> alle radici nervose, sia <strong data-start=\"1484\" data-end=\"1497\">sensitive<\/strong> che <strong data-start=\"1502\" data-end=\"1513\" data-is-only-node=\"\">motorie<\/strong>, con l\u2019obiettivo di ridurre il dolore neuropatico e migliorare la funzionalit\u00e0 motoria. La neurostimolazione consente di interrompere la trasmissione del dolore e modulare l\u2019attivit\u00e0 nervosa.<\/li>\n<li data-start=\"696\" data-end=\"760\"><strong data-start=\"1710\" data-end=\"1788\">Ispessimento o calcificazione del legamento longitudinale posteriore (LLP)<\/strong><br data-start=\"1788\" data-end=\"1791\" \/>In casi di stenosi causata da ispessimento o calcificazione del <strong data-start=\"1858\" data-end=\"1896\">legamento longitudinale posteriore<\/strong>, il trattamento pu\u00f2 comprendere l&#8217;ablazione del legamento stesso mediante tecniche di radiofrequenza o l\u2019uso di cateteri per la <strong data-start=\"2025\" data-end=\"2038\">neurolisi<\/strong>.<\/li>\n<\/ol>\n<p data-start=\"2041\" data-end=\"2397\">Tutte queste procedure sono eseguite in <strong data-start=\"2081\" data-end=\"2101\">anestesia locale<\/strong> e in <strong data-start=\"2107\" data-end=\"2132\">regime di day-surgery<\/strong>, garantendo una rapida ripresa del paziente. La scelta della procedura dipende dalle caratteristiche specifiche della stenosi, dalle immagini diagnostiche (ad esempio, <strong data-start=\"2301\" data-end=\"2324\">risonanza magnetica<\/strong> o <strong data-start=\"2327\" data-end=\"2333\">TC<\/strong>), e dalla valutazione clinica dei segni e sintomi del paziente.<\/p>\n<p data-start=\"2399\" data-end=\"2580\">Queste tecniche permettono un <strong data-start=\"2429\" data-end=\"2465\">alleviamento duraturo del dolore<\/strong> senza ricorrere a interventi chirurgici invasivi, con un elevato profilo di sicurezza e ridotti tempi di recupero.<\/p>\n<p>[\/vc_column_text][\/vc_nested_tab][\/vc_nested_tabs][\/vc_accordion_tab][\/vc_accordion][\/vc_column][vc_column width=&#8221;1\/3&#8243;][vc_empty_space][vc_single_image image=&#8221;5078&#8243; img_size=&#8221;medium&#8221; alignment=&#8221;center&#8221; style=&#8221;vc_box_rounded&#8221; css=&#8221;&#8221;][vc_empty_space][vc_single_image image=&#8221;5079&#8243; img_size=&#8221;medium&#8221; alignment=&#8221;center&#8221; style=&#8221;vc_box_rounded&#8221; css=&#8221;&#8221;][\/vc_column][\/vc_row]<\/p>\n<\/div>","protected":false},"excerpt":{"rendered":"<p>[vc_row][vc_column width=&#8221;2\/3&#8243;][vc_empty_space][vc_accordion][vc_accordion_tab title=&#8221;Stenosi Vertebrale: Cos\u2019\u00e8, Sintomi e Cause&#8221; tab_id=&#8221;stenosi-vertebrale&#8221;][vc_nested_tabs][vc_nested_tab title=&#8221;Cos\u2019\u00e8 la Stenosi Vertebrale?&#8221; tab_id=&#8221;cos-e&#8221;][vc_column_text css=&#8221;&#8221;] La stenosi vertebrale \u00e8 un restringimento del canale spinale, che pu\u00f2 verificarsi a diversi livelli della colonna vertebrale: cervicale, dorsale e lombare. Il canale spinale, che attraversa la colonna vertebrale, ospita il midollo spinale e i nervi che da esso<\/p>\n","protected":false},"author":1,"featured_media":0,"parent":0,"menu_order":0,"comment_status":"closed","ping_status":"closed","template":"","meta":{"footnotes":""},"class_list":["post-5074","page","type-page","status-publish","hentry"],"yoast_head":"<!-- This site is optimized with the Yoast SEO plugin v26.7 - https:\/\/yoast.com\/wordpress\/plugins\/seo\/ -->\n<title>Stenosi Vertebrale -<\/title>\n<meta name=\"description\" content=\"Trattamenti mini-invasivi per la stenosi spinale lombare con radiologia interventistica, riducendo il dolore e migliorando la funzionalit\u00e0.\" \/>\n<meta name=\"robots\" content=\"index, follow, max-snippet:-1, max-image-preview:large, max-video-preview:-1\" \/>\n<link rel=\"canonical\" href=\"https:\/\/tuttointerventistica.it\/index.php\/stenosi-vertebrale\/\" \/>\n<meta property=\"og:locale\" content=\"en_US\" \/>\n<meta property=\"og:type\" content=\"article\" \/>\n<meta property=\"og:title\" content=\"Stenosi Vertebrale -\" \/>\n<meta property=\"og:description\" content=\"Trattamenti mini-invasivi per la stenosi spinale lombare con radiologia interventistica, riducendo il dolore e migliorando la funzionalit\u00e0.\" \/>\n<meta property=\"og:url\" content=\"https:\/\/tuttointerventistica.it\/index.php\/stenosi-vertebrale\/\" \/>\n<meta property=\"article:modified_time\" content=\"2025-03-05T15:53:27+00:00\" \/>\n<meta name=\"twitter:card\" content=\"summary_large_image\" \/>\n<meta name=\"twitter:label1\" content=\"Est. reading time\" \/>\n\t<meta name=\"twitter:data1\" content=\"6 minutes\" \/>\n<script type=\"application\/ld+json\" class=\"yoast-schema-graph\">{\"@context\":\"https:\/\/schema.org\",\"@graph\":[{\"@type\":\"WebPage\",\"@id\":\"https:\/\/tuttointerventistica.it\/index.php\/stenosi-vertebrale\/\",\"url\":\"https:\/\/tuttointerventistica.it\/index.php\/stenosi-vertebrale\/\",\"name\":\"Stenosi Vertebrale -\",\"isPartOf\":{\"@id\":\"https:\/\/tuttointerventistica.it\/#website\"},\"datePublished\":\"2025-03-05T15:52:33+00:00\",\"dateModified\":\"2025-03-05T15:53:27+00:00\",\"description\":\"Trattamenti mini-invasivi per la stenosi spinale lombare con radiologia interventistica, riducendo il dolore e migliorando la funzionalit\u00e0.\",\"breadcrumb\":{\"@id\":\"https:\/\/tuttointerventistica.it\/index.php\/stenosi-vertebrale\/#breadcrumb\"},\"inLanguage\":\"en-US\",\"potentialAction\":[{\"@type\":\"ReadAction\",\"target\":[\"https:\/\/tuttointerventistica.it\/index.php\/stenosi-vertebrale\/\"]}]},{\"@type\":\"BreadcrumbList\",\"@id\":\"https:\/\/tuttointerventistica.it\/index.php\/stenosi-vertebrale\/#breadcrumb\",\"itemListElement\":[{\"@type\":\"ListItem\",\"position\":1,\"name\":\"Home\",\"item\":\"https:\/\/tuttointerventistica.it\/\"},{\"@type\":\"ListItem\",\"position\":2,\"name\":\"Stenosi Vertebrale\"}]},{\"@type\":\"WebSite\",\"@id\":\"https:\/\/tuttointerventistica.it\/#website\",\"url\":\"https:\/\/tuttointerventistica.it\/\",\"name\":\"\",\"description\":\"\",\"potentialAction\":[{\"@type\":\"SearchAction\",\"target\":{\"@type\":\"EntryPoint\",\"urlTemplate\":\"https:\/\/tuttointerventistica.it\/?s={search_term_string}\"},\"query-input\":{\"@type\":\"PropertyValueSpecification\",\"valueRequired\":true,\"valueName\":\"search_term_string\"}}],\"inLanguage\":\"en-US\"}]}<\/script>\n<!-- \/ Yoast SEO plugin. -->","yoast_head_json":{"title":"Stenosi Vertebrale -","description":"Trattamenti mini-invasivi per la stenosi spinale lombare con radiologia interventistica, riducendo il dolore e migliorando la funzionalit\u00e0.","robots":{"index":"index","follow":"follow","max-snippet":"max-snippet:-1","max-image-preview":"max-image-preview:large","max-video-preview":"max-video-preview:-1"},"canonical":"https:\/\/tuttointerventistica.it\/index.php\/stenosi-vertebrale\/","og_locale":"en_US","og_type":"article","og_title":"Stenosi Vertebrale -","og_description":"Trattamenti mini-invasivi per la stenosi spinale lombare con radiologia interventistica, riducendo il dolore e migliorando la funzionalit\u00e0.","og_url":"https:\/\/tuttointerventistica.it\/index.php\/stenosi-vertebrale\/","article_modified_time":"2025-03-05T15:53:27+00:00","twitter_card":"summary_large_image","twitter_misc":{"Est. reading time":"6 minutes"},"schema":{"@context":"https:\/\/schema.org","@graph":[{"@type":"WebPage","@id":"https:\/\/tuttointerventistica.it\/index.php\/stenosi-vertebrale\/","url":"https:\/\/tuttointerventistica.it\/index.php\/stenosi-vertebrale\/","name":"Stenosi Vertebrale -","isPartOf":{"@id":"https:\/\/tuttointerventistica.it\/#website"},"datePublished":"2025-03-05T15:52:33+00:00","dateModified":"2025-03-05T15:53:27+00:00","description":"Trattamenti mini-invasivi per la stenosi spinale lombare con radiologia interventistica, riducendo il dolore e migliorando la funzionalit\u00e0.","breadcrumb":{"@id":"https:\/\/tuttointerventistica.it\/index.php\/stenosi-vertebrale\/#breadcrumb"},"inLanguage":"en-US","potentialAction":[{"@type":"ReadAction","target":["https:\/\/tuttointerventistica.it\/index.php\/stenosi-vertebrale\/"]}]},{"@type":"BreadcrumbList","@id":"https:\/\/tuttointerventistica.it\/index.php\/stenosi-vertebrale\/#breadcrumb","itemListElement":[{"@type":"ListItem","position":1,"name":"Home","item":"https:\/\/tuttointerventistica.it\/"},{"@type":"ListItem","position":2,"name":"Stenosi Vertebrale"}]},{"@type":"WebSite","@id":"https:\/\/tuttointerventistica.it\/#website","url":"https:\/\/tuttointerventistica.it\/","name":"","description":"","potentialAction":[{"@type":"SearchAction","target":{"@type":"EntryPoint","urlTemplate":"https:\/\/tuttointerventistica.it\/?s={search_term_string}"},"query-input":{"@type":"PropertyValueSpecification","valueRequired":true,"valueName":"search_term_string"}}],"inLanguage":"en-US"}]}},"_links":{"self":[{"href":"https:\/\/tuttointerventistica.it\/index.php\/wp-json\/wp\/v2\/pages\/5074","targetHints":{"allow":["GET"]}}],"collection":[{"href":"https:\/\/tuttointerventistica.it\/index.php\/wp-json\/wp\/v2\/pages"}],"about":[{"href":"https:\/\/tuttointerventistica.it\/index.php\/wp-json\/wp\/v2\/types\/page"}],"author":[{"embeddable":true,"href":"https:\/\/tuttointerventistica.it\/index.php\/wp-json\/wp\/v2\/users\/1"}],"replies":[{"embeddable":true,"href":"https:\/\/tuttointerventistica.it\/index.php\/wp-json\/wp\/v2\/comments?post=5074"}],"version-history":[{"count":7,"href":"https:\/\/tuttointerventistica.it\/index.php\/wp-json\/wp\/v2\/pages\/5074\/revisions"}],"predecessor-version":[{"id":5085,"href":"https:\/\/tuttointerventistica.it\/index.php\/wp-json\/wp\/v2\/pages\/5074\/revisions\/5085"}],"wp:attachment":[{"href":"https:\/\/tuttointerventistica.it\/index.php\/wp-json\/wp\/v2\/media?parent=5074"}],"curies":[{"name":"wp","href":"https:\/\/api.w.org\/{rel}","templated":true}]}}