{"id":5431,"date":"2025-03-07T16:12:10","date_gmt":"2025-03-07T16:12:10","guid":{"rendered":"https:\/\/stage.tuttointerventistica.it\/?page_id=5431"},"modified":"2025-03-07T16:47:30","modified_gmt":"2025-03-07T16:47:30","slug":"artrosi","status":"publish","type":"page","link":"https:\/\/tuttointerventistica.it\/index.php\/artrosi\/","title":{"rendered":"Artrosi"},"content":{"rendered":"<div class=\"wpb-content-wrapper\"><p>[vc_row][vc_column width=&#8221;2\/3&#8243;]<h3 class=\"sentence template-quote-2\">Anche se l'artrosi non pu\u00f2 essere completamente guarita, esistono opzioni terapeutiche avanzate che alleviano il dolore, migliorano la mobilit\u00e0 e favoriscono il benessere quotidiano, come le infiltrazioni sotto guida radiologica, offrendo sollievo mirato e duraturo.<\/h3>[vc_empty_space][vc_accordion][vc_accordion_tab title=&#8221;L&#8217;Artrosi: Cos\u2019\u00e8, Sintomi e Cause&#8221; tab_id=&#8221;sintomi-cause&#8221;][vc_nested_tabs][vc_nested_tab title=&#8221;Cos&#8217;\u00e8 L&#8217;Artrosi&#8221; tab_id=&#8221;l-artrosi&#8221;][vc_column_text css=&#8221;&#8221;]<\/p>\n<p data-start=\"22\" data-end=\"514\">L&#8217;artrosi \u00e8 una malattia degenerativa delle articolazioni che comporta un progressivo deterioramento della cartilagine, il rivestimento protettivo delle ossa all\u2019interno delle articolazioni. Con il tempo, la cartilagine si consuma, esponendo l&#8217;osso sottostante, che perde la sua protezione naturale. Ci\u00f2 provoca attrito tra i capi articolari, costringendo l\u2019articolazione a rispondere con un rimodellamento e un ispessimento delle ossa, creando gli osteofiti, ossia piccole escrescenze ossee.<\/p>\n<p data-start=\"516\" data-end=\"830\">Il deterioramento della cartilagine innesca anche il danneggiamento di legamenti e tendini, che perdono elasticit\u00e0 e forza, aggravando la condizione dell\u2019articolazione. Sebbene il meccanismo che porta all\u2019artrosi non sia completamente chiaro, diversi fattori possono contribuire alla sua insorgenza e progressione.<\/p>\n<p data-start=\"832\" data-end=\"1050\">Uno dei principali fattori di rischio \u00e8 il <strong data-start=\"875\" data-end=\"889\">sovrappeso<\/strong>, che esercita un carico eccessivo sulle articolazioni, in particolare su quelle portanti come <strong data-start=\"984\" data-end=\"997\">ginocchia<\/strong> e <strong data-start=\"1000\" data-end=\"1009\">anche<\/strong>, accelerando il processo degenerativo.<\/p>\n<p data-start=\"1052\" data-end=\"1103\">L&#8217;artrosi pu\u00f2 essere classificata in due tipologie:<\/p>\n<ul data-start=\"1104\" data-end=\"1468\">\n<li data-start=\"1104\" data-end=\"1213\"><strong data-start=\"1106\" data-end=\"1127\">Artrosi primaria:<\/strong> legata a fattori genetici, che predispongono alcune persone a sviluppare la malattia.<\/li>\n<li data-start=\"1214\" data-end=\"1468\"><strong data-start=\"1216\" data-end=\"1239\">Artrosi secondaria:<\/strong> causata da fattori esterni come traumi pregressi, l&#8217;uso ripetuto di alcune articolazioni (ad esempio, l&#8217;uso prolungato del mouse per l\u2019artrosi al polso), o condizioni come malattie infiammatorie che danneggiano le articolazioni.<\/li>\n<\/ul>\n<p data-start=\"1470\" data-end=\"1835\" data-is-last-node=\"\" data-is-only-node=\"\">L&#8217;artrosi \u00e8 una condizione cronica che evolve lentamente e, senza un trattamento adeguato, pu\u00f2 compromettere seriamente la mobilit\u00e0 e la qualit\u00e0 della vita. Se trattata tempestivamente con soluzioni terapeutiche moderne, come la <strong data-start=\"1699\" data-end=\"1729\">radiologia interventistica<\/strong> con tecniche minimamente invasive, \u00e8 possibile ridurre il dolore e migliorare la funzionalit\u00e0 articolare.<\/p>\n<p>[\/vc_column_text][\/vc_nested_tab][vc_nested_tab title=&#8221;Sintomi&#8221; tab_id=&#8221;sintomi-artrosi&#8221;][vc_column_text css=&#8221;&#8221;]<\/p>\n<p data-start=\"1117\" data-end=\"1487\">I <strong data-start=\"1119\" data-end=\"1141\">sintomi principali<\/strong> dell&#8217;artrosi comprendono <strong data-start=\"1167\" data-end=\"1177\">dolore<\/strong>, <strong data-start=\"1179\" data-end=\"1191\">rigidit\u00e0<\/strong> e <strong data-start=\"1194\" data-end=\"1233\">difficolt\u00e0 nei movimenti articolari<\/strong>. Il <strong data-start=\"1238\" data-end=\"1259\">dolore articolare<\/strong> \u00e8 spesso <strong data-start=\"1269\" data-end=\"1282\">meccanico<\/strong>, cio\u00e8 si avverte principalmente durante o dopo l&#8217;attivit\u00e0 fisica, ma tende a migliorare con il riposo. In alcuni casi, il dolore pu\u00f2 diventare costante, soprattutto nelle fasi pi\u00f9 avanzate della malattia.<\/p>\n<p data-start=\"1489\" data-end=\"1948\">Un altro sintomo comune \u00e8 la <strong data-start=\"1518\" data-end=\"1541\">rigidit\u00e0 articolare<\/strong>, che pu\u00f2 manifestarsi al mattino o dopo lunghi periodi di inattivit\u00e0. La persona pu\u00f2 avere difficolt\u00e0 a muovere l&#8217;articolazione normalmente, specialmente dopo il riposo notturno. <strong data-start=\"1721\" data-end=\"1733\">Gonfiore<\/strong> o <strong data-start=\"1736\" data-end=\"1753\">infiammazione<\/strong> nelle articolazioni colpite sono frequenti, mentre in alcuni casi si pu\u00f2 anche sentire uno <strong data-start=\"1845\" data-end=\"1861\">scricchiolio<\/strong> o un <strong data-start=\"1867\" data-end=\"1879\">grattare<\/strong> durante il movimento, un segno del deterioramento della cartilagine.<\/p>\n<p data-start=\"1950\" data-end=\"2346\" data-is-last-node=\"\" data-is-only-node=\"\">Col progredire della malattia, si pu\u00f2 notare una <strong data-start=\"1999\" data-end=\"2022\">perdita di mobilit\u00e0<\/strong> e una <strong data-start=\"2029\" data-end=\"2053\">deformit\u00e0 articolare<\/strong> causata dall\u2019<strong data-start=\"2067\" data-end=\"2089\">ispessimento osseo<\/strong> (chiamato osteofiti). Questo pu\u00f2 ridurre ulteriormente la capacit\u00e0 di muoversi liberamente e con facilit\u00e0. Nei casi gravi, il dolore diventa cos\u00ec intenso che le normali attivit\u00e0 quotidiane, come camminare o salire le scale, diventano difficili da eseguire.<\/p>\n<p>[\/vc_column_text][\/vc_nested_tab][vc_nested_tab title=&#8221;Cause&#8221; tab_id=&#8221;cause-artrosi&#8221;][vc_column_text css=&#8221;&#8221;]<\/p>\n<p data-start=\"24\" data-end=\"276\">L&#8217;artrosi \u00e8 una malattia articolare degenerativa che pu\u00f2 essere causata da diversi fattori, spesso combinati tra loro. I principali fattori che contribuiscono alla sua comparsa includono <strong data-start=\"211\" data-end=\"220\">l&#8217;et\u00e0<\/strong>, <strong data-start=\"222\" data-end=\"239\">il sovrappeso<\/strong> e <strong data-start=\"242\" data-end=\"275\">lesioni articolari precedenti<\/strong>.<\/p>\n<p data-start=\"278\" data-end=\"660\">Con l\u2019avanzare dell\u2019et\u00e0, la <strong data-start=\"306\" data-end=\"332\">cartilagine articolare<\/strong> che protegge le ossa tende a deteriorarsi, riducendo la capacit\u00e0 di assorbire gli urti e provocando l&#8217;usura delle articolazioni. Il <strong data-start=\"465\" data-end=\"479\">sovrappeso<\/strong> aumenta la pressione sulle articolazioni, in particolare su quelle che sostengono il peso, come <strong data-start=\"576\" data-end=\"589\">ginocchia<\/strong>, <strong data-start=\"591\" data-end=\"600\">anche<\/strong> e <strong data-start=\"603\" data-end=\"625\">colonna vertebrale<\/strong>, accelerando il processo di usura.<\/p>\n<p data-start=\"662\" data-end=\"1089\">Inoltre, <strong data-start=\"671\" data-end=\"690\">traumi ripetuti<\/strong> (come quelli dovuti a sport o a lavori fisicamente impegnativi) possono danneggiare la cartilagine e predisporsi all&#8217;artrosi. Anche <strong data-start=\"823\" data-end=\"849\">malattie infiammatorie<\/strong> come l&#8217;<strong data-start=\"857\" data-end=\"879\">artrite reumatoide<\/strong> o il <strong data-start=\"885\" data-end=\"896\">diabete<\/strong> aumentano il rischio di sviluppare questa patologia. Un altro fattore da considerare \u00e8 la <strong data-start=\"987\" data-end=\"1015\">predisposizione genetica<\/strong>, che rende alcune persone pi\u00f9 suscettibili alla degenerazione articolare.<\/p>\n<p>[\/vc_column_text][\/vc_nested_tab][\/vc_nested_tabs][\/vc_accordion_tab][\/vc_accordion][\/vc_column][vc_column width=&#8221;1\/3&#8243;][vc_empty_space height=&#8221;90px&#8221;][vc_single_image image=&#8221;4491&#8243; img_size=&#8221;large&#8221; alignment=&#8221;right&#8221; css=&#8221;&#8221; el_class=&#8221;image-gallery-spacing&#8221;][\/vc_column][\/vc_row][vc_row top_margin=&#8221;page-margin-top-section&#8221; el_class=&#8221;flex-box&#8221;][vc_column width=&#8221;2\/3&#8243; el_class=&#8221;padding-bottom-128 column-limited&#8221;][vc_accordion][vc_accordion_tab title=&#8221;Artrosi: Diagnosi e Trattamenti&#8221; tab_id=&#8221;diagnosi-trattamenti&#8221;][vc_nested_tabs][vc_nested_tab title=&#8221;Diagnosi&#8221; tab_id=&#8221;diagnosi-artrosi&#8221;][vc_column_text css=&#8221;&#8221;]<\/p>\n<p data-start=\"27\" data-end=\"530\">La diagnosi dell&#8217;artrosi inizia con una <strong data-start=\"67\" data-end=\"91\">anamnesi dettagliata<\/strong> e una <strong data-start=\"98\" data-end=\"125\">visita clinica accurata<\/strong>. Durante l&#8217;anamnesi, il medico indaga sulla storia del paziente, cercando di identificare eventi o sintomi che possano suggerire patologie articolari preesistenti, come artrite settica o reattiva, o malattie autoimmuni come la psoriasi nei familiari diretti. \u00c8 importante anche esaminare eventuali infezioni pregresse, come una tonsillite, che potrebbe indicare un caso di \u201creumatismo articolare acuto\u201d.<\/p>\n<p data-start=\"532\" data-end=\"572\"><strong data-start=\"532\" data-end=\"572\">Esame Clinico e Conferma Diagnostica<\/strong><\/p>\n<p data-start=\"574\" data-end=\"1167\">L\u2019esame fisico \u00e8 fondamentale per comprendere l\u2019entit\u00e0 dei sintomi e la mobilit\u00e0 articolare. Per confermare la diagnosi e per escludere altre problematiche articolari, il medico pu\u00f2 richiedere esami <strong data-start=\"773\" data-end=\"787\">del sangue<\/strong>, che generalmente rivelano valori nei limiti, ma utili per escludere altre malattie infiammatorie. Gli <strong data-start=\"891\" data-end=\"912\">esami radiologici<\/strong> sono essenziali per identificare segni specifici di artrosi, come la <strong data-start=\"982\" data-end=\"1019\">riduzione dello spazio articolare<\/strong> dovuta alla perdita di cartilagine, l\u2019<strong data-start=\"1058\" data-end=\"1080\">ispessimento osseo<\/strong> e la presenza di <strong data-start=\"1098\" data-end=\"1111\">osteofiti<\/strong> (sporgenze ossee che si formano in risposta all\u2019usura).<\/p>\n<p data-start=\"1169\" data-end=\"1199\"><strong data-start=\"1169\" data-end=\"1199\">Esami Strumentali Avanzati<\/strong><\/p>\n<p data-start=\"1201\" data-end=\"1891\" data-is-last-node=\"\" data-is-only-node=\"\">In alcuni casi, per ottenere una visione pi\u00f9 dettagliata delle condizioni articolari, possono essere necessari esami strumentali avanzati, come <strong data-start=\"1345\" data-end=\"1360\">radiografie<\/strong>, <strong data-start=\"1362\" data-end=\"1375\">ecografie<\/strong> o <strong data-start=\"1378\" data-end=\"1406\">risonanza magnetica (RM)<\/strong>, che permettono di valutare la salute delle articolazioni in modo pi\u00f9 preciso. La <strong data-start=\"1489\" data-end=\"1523\">tomografia computerizzata (TC)<\/strong> pu\u00f2 essere utilizzata in casi particolari. \u00c8 importante sottolineare che non sempre c\u2019\u00e8 una correlazione diretta tra le alterazioni visibili nelle radiografie e il dolore percepito dal paziente: in alcuni casi, pazienti con gravi alterazioni radiologiche possono riferire poco dolore, mentre altri con radiografie relativamente normali possono provare dolore intenso.<\/p>\n<p>[\/vc_column_text][\/vc_nested_tab][vc_nested_tab title=&#8221;L&#8217;Approccio della Radiologia Interventistica&#8221; tab_id=&#8221;sintomi-fibromi-uterini2463-6061&#8243;][vc_column_text css=&#8221;&#8221;]<\/p>\n<p data-start=\"30\" data-end=\"301\">Una <strong data-start=\"34\" data-end=\"55\">diagnosi accurata<\/strong> \u00e8 fondamentale per individuare il trattamento pi\u00f9 appropriato e stabilire la prognosi dell\u2019artrosi. Poich\u00e9 l\u2019artrosi non \u00e8 curabile, l\u2019obiettivo della terapia \u00e8 principalmente <strong data-start=\"232\" data-end=\"255\">alleviare il dolore<\/strong> e <strong data-start=\"258\" data-end=\"299\">migliorare la funzionalit\u00e0 articolare<\/strong>.<\/p>\n<p data-start=\"303\" data-end=\"328\"><strong data-start=\"303\" data-end=\"328\">Terapia Farmacologica<\/strong><\/p>\n<p data-start=\"330\" data-end=\"656\">I farmaci maggiormente utilizzati per il trattamento dell&#8217;artrosi sono <strong data-start=\"401\" data-end=\"415\">analgesici<\/strong> e <strong data-start=\"418\" data-end=\"439\">anti-infiammatori<\/strong>, che possono essere somministrati <strong data-start=\"474\" data-end=\"487\">oralmente<\/strong> o <strong data-start=\"490\" data-end=\"516\">per via intramuscolare<\/strong>. Questi farmaci aiutano a ridurre il dolore e l&#8217;infiammazione, consentendo ai pazienti di svolgere le attivit\u00e0 quotidiane con meno disagio.<\/p>\n<p data-start=\"658\" data-end=\"720\"><strong data-start=\"658\" data-end=\"720\">Radiologia Interventistica per il Trattamento dell&#8217;Artrosi<\/strong><\/p>\n<p data-start=\"722\" data-end=\"1334\">In alcuni casi, quando la terapia farmacologica non \u00e8 sufficiente, si ricorre a <strong data-start=\"802\" data-end=\"836\">infiltrazioni intra-articolari<\/strong>. Queste infiltrazioni possono contenere <strong data-start=\"877\" data-end=\"897\">acido ialuronico<\/strong>, <strong data-start=\"899\" data-end=\"912\">collagene<\/strong> o <strong data-start=\"915\" data-end=\"928\">cortisone<\/strong> (se necessario). L&#8217;iniezione di queste sostanze all&#8217;interno dell&#8217;articolazione aiuta a migliorare la lubrificazione, ridurre l&#8217;infiammazione e alleviare il dolore. L\u2019uso della <strong data-start=\"1105\" data-end=\"1135\">radiologia interventistica<\/strong> per guidare le infiltrazioni con tecniche come l\u2019<strong data-start=\"1185\" data-end=\"1198\">ecografia<\/strong> permette una <strong data-start=\"1212\" data-end=\"1235\">precisione maggiore<\/strong>, assicurando che il trattamento venga somministrato nel punto giusto per massimizzare l&#8217;efficacia.<\/p>\n<p data-start=\"1336\" data-end=\"1377\"><strong data-start=\"1336\" data-end=\"1377\">Trattamenti Complementari e Chirurgia<\/strong><\/p>\n<p data-start=\"1379\" data-end=\"1868\" data-is-last-node=\"\" data-is-only-node=\"\">A volte \u00e8 utile integrare la terapia farmacologica e le infiltrazioni con <strong data-start=\"1453\" data-end=\"1472\">terapie fisiche<\/strong>, come la fisioterapia, per <strong data-start=\"1500\" data-end=\"1537\">migliorare il recupero funzionale<\/strong> e ridurre i sintomi. Tuttavia, se i trattamenti conservativi non portano ai risultati sperati, <strong data-start=\"1633\" data-end=\"1649\">la chirurgia<\/strong> pu\u00f2 essere presa in considerazione, in particolare nei casi pi\u00f9 gravi, per ripristinare la funzionalit\u00e0 articolare. La chirurgia pu\u00f2 includere interventi come la <strong data-start=\"1812\" data-end=\"1834\">protesi articolare<\/strong> o la <strong data-start=\"1840\" data-end=\"1867\">chirurgia ricostruttiva<\/strong>.<\/p>\n<p>[\/vc_column_text][vc_single_image image=&#8221;4492&#8243; img_size=&#8221;large&#8221; css=&#8221;&#8221;][\/vc_nested_tab][\/vc_nested_tabs][\/vc_accordion_tab][\/vc_accordion][\/vc_column][vc_column width=&#8221;1\/3&#8243;][vc_video link=&#8221;https:\/\/www.youtube.com\/watch?v=uCWLc5DJUHE&#8221; css=&#8221;&#8221;][\/vc_column][\/vc_row]<\/p>\n<\/div>","protected":false},"excerpt":{"rendered":"<p>[vc_row][vc_column width=&#8221;2\/3&#8243;][vc_empty_space][vc_accordion][vc_accordion_tab title=&#8221;L&#8217;Artrosi: Cos\u2019\u00e8, Sintomi e Cause&#8221; tab_id=&#8221;sintomi-cause&#8221;][vc_nested_tabs][vc_nested_tab title=&#8221;Cos&#8217;\u00e8 L&#8217;Artrosi&#8221; tab_id=&#8221;l-artrosi&#8221;][vc_column_text css=&#8221;&#8221;] L&#8217;artrosi \u00e8 una malattia degenerativa delle articolazioni che comporta un progressivo deterioramento della cartilagine, il rivestimento protettivo delle ossa all\u2019interno delle articolazioni. Con il tempo, la cartilagine si consuma, esponendo l&#8217;osso sottostante, che perde la sua protezione naturale. Ci\u00f2 provoca attrito tra i<\/p>\n","protected":false},"author":1,"featured_media":0,"parent":0,"menu_order":0,"comment_status":"closed","ping_status":"closed","template":"","meta":{"footnotes":""},"class_list":["post-5431","page","type-page","status-publish","hentry"],"yoast_head":"<!-- This site is optimized with the Yoast SEO plugin v26.7 - https:\/\/yoast.com\/wordpress\/plugins\/seo\/ -->\n<title>Artrosi -<\/title>\n<meta name=\"description\" content=\"Tratta l&#039;artrosi con soluzioni mini-invasive: riduci il dolore e accelera il recupero con la radiologia interventistica.\" \/>\n<meta name=\"robots\" content=\"index, follow, max-snippet:-1, max-image-preview:large, max-video-preview:-1\" \/>\n<link rel=\"canonical\" href=\"https:\/\/tuttointerventistica.it\/index.php\/artrosi\/\" \/>\n<meta property=\"og:locale\" content=\"en_US\" \/>\n<meta property=\"og:type\" content=\"article\" \/>\n<meta property=\"og:title\" content=\"Artrosi -\" \/>\n<meta property=\"og:description\" content=\"Tratta l&#039;artrosi con soluzioni mini-invasive: riduci il dolore e accelera il recupero con la radiologia interventistica.\" \/>\n<meta property=\"og:url\" content=\"https:\/\/tuttointerventistica.it\/index.php\/artrosi\/\" \/>\n<meta property=\"article:modified_time\" content=\"2025-03-07T16:47:30+00:00\" \/>\n<meta name=\"twitter:card\" content=\"summary_large_image\" \/>\n<meta name=\"twitter:label1\" content=\"Est. reading time\" \/>\n\t<meta name=\"twitter:data1\" content=\"6 minutes\" \/>\n<script type=\"application\/ld+json\" class=\"yoast-schema-graph\">{\"@context\":\"https:\/\/schema.org\",\"@graph\":[{\"@type\":\"WebPage\",\"@id\":\"https:\/\/tuttointerventistica.it\/index.php\/artrosi\/\",\"url\":\"https:\/\/tuttointerventistica.it\/index.php\/artrosi\/\",\"name\":\"Artrosi -\",\"isPartOf\":{\"@id\":\"https:\/\/tuttointerventistica.it\/#website\"},\"datePublished\":\"2025-03-07T16:12:10+00:00\",\"dateModified\":\"2025-03-07T16:47:30+00:00\",\"description\":\"Tratta l'artrosi con soluzioni mini-invasive: riduci il dolore e accelera il recupero con la radiologia interventistica.\",\"breadcrumb\":{\"@id\":\"https:\/\/tuttointerventistica.it\/index.php\/artrosi\/#breadcrumb\"},\"inLanguage\":\"en-US\",\"potentialAction\":[{\"@type\":\"ReadAction\",\"target\":[\"https:\/\/tuttointerventistica.it\/index.php\/artrosi\/\"]}]},{\"@type\":\"BreadcrumbList\",\"@id\":\"https:\/\/tuttointerventistica.it\/index.php\/artrosi\/#breadcrumb\",\"itemListElement\":[{\"@type\":\"ListItem\",\"position\":1,\"name\":\"Home\",\"item\":\"https:\/\/tuttointerventistica.it\/\"},{\"@type\":\"ListItem\",\"position\":2,\"name\":\"Artrosi\"}]},{\"@type\":\"WebSite\",\"@id\":\"https:\/\/tuttointerventistica.it\/#website\",\"url\":\"https:\/\/tuttointerventistica.it\/\",\"name\":\"\",\"description\":\"\",\"potentialAction\":[{\"@type\":\"SearchAction\",\"target\":{\"@type\":\"EntryPoint\",\"urlTemplate\":\"https:\/\/tuttointerventistica.it\/?s={search_term_string}\"},\"query-input\":{\"@type\":\"PropertyValueSpecification\",\"valueRequired\":true,\"valueName\":\"search_term_string\"}}],\"inLanguage\":\"en-US\"}]}<\/script>\n<!-- \/ Yoast SEO plugin. -->","yoast_head_json":{"title":"Artrosi -","description":"Tratta l'artrosi con soluzioni mini-invasive: riduci il dolore e accelera il recupero con la radiologia interventistica.","robots":{"index":"index","follow":"follow","max-snippet":"max-snippet:-1","max-image-preview":"max-image-preview:large","max-video-preview":"max-video-preview:-1"},"canonical":"https:\/\/tuttointerventistica.it\/index.php\/artrosi\/","og_locale":"en_US","og_type":"article","og_title":"Artrosi -","og_description":"Tratta l'artrosi con soluzioni mini-invasive: riduci il dolore e accelera il recupero con la radiologia interventistica.","og_url":"https:\/\/tuttointerventistica.it\/index.php\/artrosi\/","article_modified_time":"2025-03-07T16:47:30+00:00","twitter_card":"summary_large_image","twitter_misc":{"Est. reading time":"6 minutes"},"schema":{"@context":"https:\/\/schema.org","@graph":[{"@type":"WebPage","@id":"https:\/\/tuttointerventistica.it\/index.php\/artrosi\/","url":"https:\/\/tuttointerventistica.it\/index.php\/artrosi\/","name":"Artrosi -","isPartOf":{"@id":"https:\/\/tuttointerventistica.it\/#website"},"datePublished":"2025-03-07T16:12:10+00:00","dateModified":"2025-03-07T16:47:30+00:00","description":"Tratta l'artrosi con soluzioni mini-invasive: riduci il dolore e accelera il recupero con la radiologia interventistica.","breadcrumb":{"@id":"https:\/\/tuttointerventistica.it\/index.php\/artrosi\/#breadcrumb"},"inLanguage":"en-US","potentialAction":[{"@type":"ReadAction","target":["https:\/\/tuttointerventistica.it\/index.php\/artrosi\/"]}]},{"@type":"BreadcrumbList","@id":"https:\/\/tuttointerventistica.it\/index.php\/artrosi\/#breadcrumb","itemListElement":[{"@type":"ListItem","position":1,"name":"Home","item":"https:\/\/tuttointerventistica.it\/"},{"@type":"ListItem","position":2,"name":"Artrosi"}]},{"@type":"WebSite","@id":"https:\/\/tuttointerventistica.it\/#website","url":"https:\/\/tuttointerventistica.it\/","name":"","description":"","potentialAction":[{"@type":"SearchAction","target":{"@type":"EntryPoint","urlTemplate":"https:\/\/tuttointerventistica.it\/?s={search_term_string}"},"query-input":{"@type":"PropertyValueSpecification","valueRequired":true,"valueName":"search_term_string"}}],"inLanguage":"en-US"}]}},"_links":{"self":[{"href":"https:\/\/tuttointerventistica.it\/index.php\/wp-json\/wp\/v2\/pages\/5431","targetHints":{"allow":["GET"]}}],"collection":[{"href":"https:\/\/tuttointerventistica.it\/index.php\/wp-json\/wp\/v2\/pages"}],"about":[{"href":"https:\/\/tuttointerventistica.it\/index.php\/wp-json\/wp\/v2\/types\/page"}],"author":[{"embeddable":true,"href":"https:\/\/tuttointerventistica.it\/index.php\/wp-json\/wp\/v2\/users\/1"}],"replies":[{"embeddable":true,"href":"https:\/\/tuttointerventistica.it\/index.php\/wp-json\/wp\/v2\/comments?post=5431"}],"version-history":[{"count":7,"href":"https:\/\/tuttointerventistica.it\/index.php\/wp-json\/wp\/v2\/pages\/5431\/revisions"}],"predecessor-version":[{"id":5445,"href":"https:\/\/tuttointerventistica.it\/index.php\/wp-json\/wp\/v2\/pages\/5431\/revisions\/5445"}],"wp:attachment":[{"href":"https:\/\/tuttointerventistica.it\/index.php\/wp-json\/wp\/v2\/media?parent=5431"}],"curies":[{"name":"wp","href":"https:\/\/api.w.org\/{rel}","templated":true}]}}